{"id":942,"date":"2017-05-08T18:25:20","date_gmt":"2017-05-08T18:25:20","guid":{"rendered":"https:\/\/is.cos.ufrj.br\/?page_id=942"},"modified":"2025-05-05T11:08:10","modified_gmt":"2025-05-05T14:08:10","slug":"henrique-andrade","status":"publish","type":"page","link":"https:\/\/is.cos.ufrj.br\/en\/henrique-andrade\/","title":{"rendered":"Henrique de Andrade"},"content":{"rendered":"<p style=\"text-align: left;\"><a href=\"https:\/\/is.cos.ufrj.br\/wp-content\/uploads\/2017\/05\/photo_2017-05-08_15-16-53.jpg\"><img decoding=\"async\" loading=\"lazy\" class=\"wp-image-3213  alignleft\" src=\"https:\/\/is.cos.ufrj.br\/wp-content\/uploads\/2020\/05\/profile_final_2025.jpg\" alt=\"\" width=\"261\" height=\"261\" srcset=\"https:\/\/is.cos.ufrj.br\/wp-content\/uploads\/2020\/05\/profile_final_2025.jpg 562w, https:\/\/is.cos.ufrj.br\/wp-content\/uploads\/2020\/05\/profile_final_2025-300x300.jpg 300w, https:\/\/is.cos.ufrj.br\/wp-content\/uploads\/2020\/05\/profile_final_2025-150x150.jpg 150w, https:\/\/is.cos.ufrj.br\/wp-content\/uploads\/2020\/05\/profile_final_2025-12x12.jpg 12w\" sizes=\"(max-width: 261px) 100vw, 261px\" \/><\/a>Henrique Rabelo de Andrade \u00e9 doutorando em Engenharia de Sistemas e Computa\u00e7\u00e3o na COPPE\/UFRJ, pesquisando a forma\u00e7\u00e3o de desenvolvedores de software. S\u00f3cio-fundador da CoDe Conhecimento, liderou a cria\u00e7\u00e3o de dois programas de mentoria para apoio \u00e0 carreira de desenvolvedores, formando mais de 1500 alunos com suas metodologias. Atuou como Data Scientist no Vale do Sil\u00edcio, contribuindo para os primeiros projetos de ci\u00eancia de dados da Wikip\u00e9dia. Posteriormente, liderou uma equipe de mais de 30 cientistas de dados no Minist\u00e9rio P\u00fablico do Rio de Janeiro, implementando solu\u00e7\u00f5es de machine learning para apoio a investiga\u00e7\u00f5es criminais. Foi consultor internacional na OEA e na ONU, atuando na formula\u00e7\u00e3o de pol\u00edticas p\u00fablicas para moderniza\u00e7\u00e3o de governos e na aplica\u00e7\u00e3o pr\u00e1tica de Intelig\u00eancia Artificial Centrada em Dados em um projeto de 670 milh\u00f5es de d\u00f3lares. Mestre em Engenharia de Sistemas e Computa\u00e7\u00e3o pela COPPE\/UFRJ, pesquisou a constru\u00e7\u00e3o colaborativa de conhecimento \u00e0 dist\u00e2ncia em comunidades descentralizadas e apresentou diversos trabalhos em confer\u00eancias internacionais. Atualmente integra a pesquisa cient\u00edfica com o empreendedorismo voltado para impacto social, qualificando profissionais brasileiros para as demandas tecnol\u00f3gicas contempor\u00e2neas.<\/p>\n<p>\u00a0<\/p>\n<p><strong>Email:\u00a0<\/strong> <span style=\"color: #ff6600;\"><a style=\"color: #ff6600;\" href=\"mailto:henrique.andrade@ufrj.br\">henrique.andrade@ufrj.br<\/a><\/span><\/p>\n<p><strong>Resume:<\/strong> <span style=\"color: #ff6600;\"><a style=\"color: #ff6600;\" href=\"http:\/\/lattes.cnpq.br\/5914842810978556\">http:\/\/lattes.cnpq.br\/5914842810978556<\/a><\/span><\/p>\n\n\n<p><\/p>","protected":false},"excerpt":{"rendered":"<p>Henrique Rabelo de Andrade \u00e9 doutorando em Engenharia de Sistemas e Computa\u00e7\u00e3o na COPPE\/UFRJ, pesquisando a forma\u00e7\u00e3o de desenvolvedores de software. S\u00f3cio-fundador da CoDe Conhecimento, liderou a cria\u00e7\u00e3o de dois programas de mentoria para apoio \u00e0 carreira de desenvolvedores, formando mais de 1500 alunos com suas metodologias. Atuou como Data Scientist no Vale do Sil\u00edcio, <a href=\"https:\/\/is.cos.ufrj.br\/en\/henrique-andrade\/\" class=\"more-link\">...continue reading<span class=\"screen-reader-text\"> \"Henrique de Andrade\"<\/span><\/a><\/p>","protected":false},"author":1,"featured_media":0,"parent":0,"menu_order":0,"comment_status":"closed","ping_status":"closed","template":"","meta":[],"_links":{"self":[{"href":"https:\/\/is.cos.ufrj.br\/en\/wp-json\/wp\/v2\/pages\/942"}],"collection":[{"href":"https:\/\/is.cos.ufrj.br\/en\/wp-json\/wp\/v2\/pages"}],"about":[{"href":"https:\/\/is.cos.ufrj.br\/en\/wp-json\/wp\/v2\/types\/page"}],"author":[{"embeddable":true,"href":"https:\/\/is.cos.ufrj.br\/en\/wp-json\/wp\/v2\/users\/1"}],"replies":[{"embeddable":true,"href":"https:\/\/is.cos.ufrj.br\/en\/wp-json\/wp\/v2\/comments?post=942"}],"version-history":[{"count":12,"href":"https:\/\/is.cos.ufrj.br\/en\/wp-json\/wp\/v2\/pages\/942\/revisions"}],"predecessor-version":[{"id":3223,"href":"https:\/\/is.cos.ufrj.br\/en\/wp-json\/wp\/v2\/pages\/942\/revisions\/3223"}],"wp:attachment":[{"href":"https:\/\/is.cos.ufrj.br\/en\/wp-json\/wp\/v2\/media?parent=942"}],"curies":[{"name":"wp","href":"https:\/\/api.w.org\/{rel}","templated":true}]}}