{"id":70,"date":"2015-06-25T18:29:05","date_gmt":"2015-06-25T18:29:05","guid":{"rendered":"https:\/\/is.cos.ufrj.br\/?page_id=70"},"modified":"2025-11-12T18:08:01","modified_gmt":"2025-11-12T21:08:01","slug":"teses-e-dissertacoes","status":"publish","type":"page","link":"https:\/\/is.cos.ufrj.br\/en\/teses-e-dissertacoes\/","title":{"rendered":"Master's and doctoral Dissertations"},"content":{"rendered":"<p><em>\u00daltima atualiza\u00e7\u00e3o: Maio, 2025.<\/em><\/p>\n<h3>2024<\/h3>\n<ul>\n<li>GRA\u00c7A, Ricardo Jullian da Silva. <strong>Por uma Educa\u00e7\u00e3o Extensionista: a Experi\u00eancia do <\/strong><strong>Laborat\u00f3rio de Inform\u00e1tica para Educa\u00e7\u00e3o (LIpE) da <\/strong><strong>UFRJ<\/strong>. 2024. [Defendida em 2024] [<span style=\"color: #ff6600;\"><a style=\"color: #ff6600;\" href=\"https:\/\/cos.ufrj.br\/uploadfile\/publicacao\/3186.pdf\">Access<\/a><\/span>]<\/li>\n<li>BRAGA, Pedro Henrique da Costa.\u00a0 <strong>Como a extens\u00e3o faz software? O caso do LIBRASOffice.<\/strong> [Defendida em 2024] [<a href=\"https:\/\/www.cos.ufrj.br\/uploadfile\/publicacao\/3183.pdf\"><span style=\"color: #ff6600;\">Access<\/span><\/a>]<\/li>\n<\/ul>\n<h3>2023<\/h3>\n<ul>\n<li>\n<p role=\"presentation\">SOBRAL, Andr\u00e9 Vinicius Leal.\u00a0<strong>Reinventando o Curso \u201cComputadores e Sociedade\u201d:\u00a0Ensino-Pesquisa-<wbr \/>Extens\u00e3o Transformando a Sala de Aula.\u00a0<\/strong>[Defendida em\u00a0set. 2023, no PESC, UFRJ] [<span style=\"color: #ff6600;\"><a style=\"color: #ff6600;\" href=\"https:\/\/is.cos.ufrj.br\/wp-content\/uploads\/2024\/07\/Tese-Andre-Sobral_compressed.pdf\" target=\"_blank\" rel=\"noopener\" data-saferedirecturl=\"https:\/\/www.google.com\/url?q=https:\/\/cos.ufrj.br\/index.php\/pt-BR\/publicacoes-pesquisa\/details\/15\/3141&amp;source=gmail&amp;ust=1722364208204000&amp;usg=AOvVaw2nCEUc_SwFKkJLPeOpOe_k\">Access<\/a><\/span>]<\/p>\n<\/li>\n<\/ul>\n<h3>2021<\/h3>\n<ul>\n<li>FEITOSA, Paulo Henrique Fidelis<b>.<\/b> <b>O Cidad\u00e3o Iluminado: Controv\u00e9rsias sobre intelig\u00eancias e transforma\u00e7\u00f5es digitais nas redes de energia el\u00e9trica do Rio de Janeiro.<\/b> 2021. [Defendida em 2021] [<span style=\"color: #ff6600;\"><a style=\"color: #ff6600;\" href=\"https:\/\/is.cos.ufrj.br\/wp-content\/uploads\/2025\/11\/3024.pdf\">Access<\/a><\/span>]<\/li>\n<\/ul>\n<h3>2022<\/h3>\n<ul>\n<li>DE ANDRADE, Henrique. <strong>Qualquer Um Pode Editar, Mas o que Pode Ser Editado? Controv\u00e9rsias Entre Qualidade e Abertura no Fazer da Wikip\u00e9dia.<\/strong> 2022. [Defendida em 2022] [<a href=\"https:\/\/www.cos.ufrj.br\/uploadfile\/publicacao\/3049.pdf\"><span style=\"color: #ff6600;\">Access<\/span><\/a>]<\/li>\n<li>SANTOS, Cl\u00e9cio Cardoso.\u00a0<b>\u201cTem gente que nem entende o que a gente est\u00e1 fazendo, ainda\u201d: A emerg\u00eancia do ativismo digital antirracista no Brasil<\/b>. 2022. [defendida em 2022] [<span style=\"color: #ff6600;\"><a style=\"color: #ff6600;\" href=\"https:\/\/www.cos.ufrj.br\/uploadfile\/publicacao\/3045.pdf\">Access<\/a><\/span>]<\/li>\n<li>SILVA DE LIMA, Alberto Jorge.\u00a0<strong>Al\u00e9m da Nostalgia de Macuna\u00edma:<\/strong> <strong>As promessas de Brasis na Pol\u00edtica Nacional de Inform\u00e1tica, nas iniciativas de software livre e na gera\u00e7\u00e3o cidad\u00e3 de Dados em favelas<\/strong>.\u00a0 [<em>Defendida em<\/em> <em>2022<\/em>] [<span style=\"color: #ff6600;\"><a style=\"color: #ff6600;\" href=\"https:\/\/is.cos.ufrj.br\/wp-content\/uploads\/2024\/07\/Tese-Alberto-Lima_compressed.pdf\">Access<\/a><\/span>]<\/li>\n<\/ul>\n<h3 style=\"text-align: left;\">2018<\/h3>\n<ul>\n<li>BRAGA, Pedro Henrique da Costa. <strong>An university outreach proposal inspired by action-research to combat digital surveillance in Rio de Janeiro.<\/strong> [Approved in 2018, at HCTE] [<a href=\"https:\/\/is.cos.ufrj.br\/wp-content\/uploads\/2025\/11\/pedrobragafinalposbanca-SemAssinatura.pdf\"><span style=\"color: #ff6600;\">Access<\/span><\/a>]<\/li>\n<li>FARIA, Luiz Arthur Silva de. <strong>DIGITALIZA\u00c7\u00d5ES DE MOEDAS SOCIAIS NO BRASIL E SUAS (PR\u00c9)HIST\u00d3RIAS: tens\u00f5es e media\u00e7\u00f5es com Estados, mercados e tecnologias<\/strong><em>.<\/em>\u00a0[<em>Approved in Nov. 2018, at HCTE<\/em>] [<span style=\"color: #ff6600;\"><a style=\"color: #ff6600;\" href=\"https:\/\/is.cos.ufrj.br\/wp-content\/uploads\/2019\/02\/LuizArthurSilvaDeFaria.pdf\" target=\"_blank\" rel=\"noopener noreferrer\">Access<\/a><\/span>]<\/li>\n<li><span style=\"font-weight: 400;\">FERREIRA , Marcos Rodrigo Maciel. <strong>BANCO COMUNIT\u00c1RIO NO PREVENT\u00d3RIO:<\/strong> <strong>UMA EXPERI\u00caNCIA DE ECONOMIA SOLID\u00c1RIA<\/strong>. [<em>Defendida em Out. 2018<\/em>] [<a href=\"https:\/\/is.cos.ufrj.br\/wp-content\/uploads\/2025\/11\/893187.pdf\"><span style=\"color: #ff6600;\">Access<\/span><\/a>]<\/span><\/li>\n<li>VALENTE, Cristina de Melo.\u00a0<strong><span style=\"color: #000000;\"><a style=\"color: #000000;\">Programa Um Computador por Aluno (PROUCA)<\/a><\/span><span style=\"color: #000000;\"><a style=\"color: #000000;\">:<\/a><\/span><\/strong><span style=\"color: #000000;\"><strong> Entrela\u00e7ando sonhos e interesses<\/strong>.\u00a0<em>[Approved in Dez. 2018, at HCTE] <\/em><\/span>[<span style=\"color: #ff6600;\"><a style=\"color: #ff6600;\" href=\"https:\/\/is.cos.ufrj.br\/wp-content\/uploads\/2020\/05\/Programa-Um-computador-por-alunoPROUCA.pdf\" target=\"_blank\" rel=\"noopener noreferrer\">Access<\/a><\/span>]<\/li>\n<\/ul>\n<h3 style=\"text-align: left;\">2017<\/h3>\n<ul>\n<li>PRIMO, Rodrigo Sampaio. <strong>The discourse of global in free software communities:<\/strong> <strong>Estudo de caso do WordPress<\/strong>.\u00a0[<em>Approved in Sep. 2017, at PESC<\/em>] [<span style=\"color: #ff6600;\"><a style=\"color: #ff6600;\" href=\"https:\/\/is.cos.ufrj.br\/wp-content\/uploads\/2020\/03\/RodrigoSampaioPrimo.pdf\" target=\"_blank\" rel=\"noopener noreferrer\">Access<\/a><\/span>]<\/li>\n<\/ul>\n<h3 style=\"text-align: left;\">2016<\/h3>\n<ul style=\"text-align: left;\">\n<li>SOBRAL, Andr\u00e9 Vinicius Leal. <strong>A\u00e7\u00f5es coletivas em redes: um estudo de caso sobre o Anonymous<\/strong><em>.<\/em>\u00a0[<em>Approved in Dez. 2016, at PESC<\/em>] [<span style=\"color: #ff6600;\"><a style=\"color: #ff6600;\" href=\"https:\/\/is.cos.ufrj.br\/wp-content\/uploads\/2015\/06\/AndreViniciusLealSobral.pdf\" target=\"_blank\" rel=\"noopener noreferrer\">Access<\/a><\/span>]<\/li>\n<li>SEVERO, Fernando Gon\u00e7alves. <strong>TICS E TACS: <\/strong>O<strong> Refazimento de Softwares e Engenheiros no Limiar entre As Ci\u00eancias e Os Segredos<\/strong><em>.<\/em>\u00a0[<em>Approved in Dez. 2016, at PESC<\/em>] [<span style=\"color: #ff6600;\"><a style=\"color: #ff6600;\" href=\"https:\/\/is.cos.ufrj.br\/wp-content\/uploads\/2015\/06\/FernandoGon%C3%A7alvesSevero.pdf\" target=\"_blank\" rel=\"noopener noreferrer\">Access<\/a><\/span>]<\/li>\n<li>GON\u00c7ALVES, Jos\u00e9 Marcos. <strong>Promises of ICTs for SUS management<\/strong>: <strong>uma reflex\u00e3o sociot\u00e9cnica sobre a implanta\u00e7\u00e3o de um software para a estrat\u00e9gia de sa\u00fade da fam\u00edlia<\/strong>. [<em>Approved in Ago. 2016, at PESC<\/em>] [<span style=\"color: #ff6600;\"><a style=\"color: #ff6600;\" href=\"https:\/\/is.cos.ufrj.br\/wp-content\/uploads\/2015\/06\/Jos%C3%A9MarcosGon%C3%A7alves.pdf\" target=\"_blank\" rel=\"noopener noreferrer\">Access<\/a><\/span>]<\/li>\n<\/ul>\n<h3 style=\"text-align: left;\">2014<\/h3>\n<ul style=\"text-align: left;\">\n<li>COSTA, Bernardo Esteves Gon\u00e7alves da. <strong>The controversies of science in the Portuguese version of Wikipedia<\/strong>:\u00a0<strong>o caso do aquecimento global<\/strong>\u00a0[<em>Approved in Dez. 2014, at HCTE<\/em>] [<span style=\"color: #ff6600;\"><a style=\"color: #ff6600;\" href=\"https:\/\/is.cos.ufrj.br\/wp-content\/uploads\/2015\/11\/BernardoEsteves-Tese-2014.pdf\" target=\"_blank\" rel=\"noopener noreferrer\">Access<\/a><\/span>]<\/li>\n<\/ul>\n<h3 style=\"text-align: left;\">2013<\/h3>\n<ul style=\"text-align: left;\">\n<li>LIMA, Alberto Jorge Silva de. <strong>Digital inclusions and social development<\/strong>:\u00a0<strong>uma narrativa sociot\u00e9cnica sobre telecentros, lan houses e pol\u00edticas p\u00fablicas<\/strong>.\u00a0[<em>Approved in Ago. 2013, at PESC<\/em>] [<span style=\"color: #ff6600;\"><a style=\"color: #ff6600;\" href=\"https:\/\/is.cos.ufrj.br\/wp-content\/uploads\/2015\/12\/AlbertoJorgeSilvaDeLima.pdf\" target=\"_blank\" rel=\"noopener noreferrer\">Access<\/a><\/span>]<\/li>\n<\/ul>\n<h3 style=\"text-align: left;\">2011<\/h3>\n<ul style=\"text-align: left;\">\n<li>NASCIMENTO, Luiz Paulo do. <strong>Transparency in Brazilian public transparency portals<\/strong>:\u00a0<strong>um estudo de tr\u00eas casos<\/strong>.\u00a0[<em>Approved in Set. 2011, at PESC<\/em>] [<span style=\"color: #ff6600;\"><a style=\"color: #ff6600;\" href=\"https:\/\/is.cos.ufrj.br\/wp-content\/uploads\/2015\/12\/LuizPauloDoNascimento.pdf\" target=\"_blank\" rel=\"noopener noreferrer\">Access<\/a><\/span>]<\/li>\n<\/ul>\n<h3 style=\"text-align: left;\">2010<\/h3>\n<ul style=\"text-align: left;\">\n<li>FARIA, Luiz Arthur Silva de. <strong>Free software, solidarity economy, and democratic practices<\/strong>:\u00a0<strong>tr\u00eas casos brasileiros<\/strong>.\u00a0[<em>Approved in Set. 2010, at PESC<\/em>] [<span style=\"color: #ff6600;\"><a style=\"color: #ff6600;\" href=\"https:\/\/is.cos.ufrj.br\/wp-content\/uploads\/2015\/12\/LuizArthurSilvaDeFaria.pdf\" target=\"_blank\" rel=\"noopener noreferrer\">Access<\/a><\/span>]<\/li>\n<li>FEITOSA, Paulo Henrique Fidelis. <strong>The codified citizen<\/strong>:<strong>\u00a0a digitaliza\u00e7\u00e3o da cidadania em bancos de dados de interesse p\u00fablico<\/strong>.\u00a0[<em>Approved in Set. 2010, at PESC<\/em>] [<span style=\"color: #ff6600;\"><a style=\"color: #ff6600;\" href=\"https:\/\/is.cos.ufrj.br\/wp-content\/uploads\/2015\/12\/PauloHenriqueFidelisFeitosa.pdf\" target=\"_blank\" rel=\"noopener noreferrer\">Access<\/a><\/span>]<\/li>\n<\/ul>\n<h3 style=\"text-align: left;\">2007<\/h3>\n<ul style=\"text-align: left;\">\n<li>TEIXEIRA, C\u00e1ssio Adriano Nunes. <strong>A sociotechnical view of software engineering<\/strong>:<strong>\u00a0o caso do BNDES<\/strong>.\u00a0\u00a0[<em>Approved in Set. 2007, at PESC<\/em>] [<span style=\"color: #ff6600;\"><a style=\"color: #ff6600;\" href=\"https:\/\/is.cos.ufrj.br\/wp-content\/uploads\/2015\/12\/CassioAdrianoNunesTeixeira.pdf\" target=\"_blank\" rel=\"noopener noreferrer\">Access<\/a><\/span>]<\/li>\n<li>TORNAGHI, Alberto Jos\u00e9 da Costa. <strong>School makes technology, technology makes school. <\/strong>[<em>Approved in Oct. 2007, at PESC<\/em>] [<span style=\"color: #ff6600;\"><a style=\"color: #ff6600;\" href=\"https:\/\/is.cos.ufrj.br\/wp-content\/uploads\/2020\/05\/Escola-faz-tecnologia-t.pdf\" target=\"_blank\" rel=\"noopener noreferrer\">Access<\/a><\/span>]<\/li>\n<\/ul>\n<h3 style=\"text-align: left;\">2006<\/h3>\n<ul style=\"text-align: left;\">\n<li>CARVALHO, Marcelo S\u00e1vio Revoredo Menezes de. <strong>The Internet trajectory in Brazil<\/strong>:\u00a0<strong>do surgimento das redes de computadores \u00e0 institui\u00e7\u00e3o dos mecanismos de governan\u00e7a<\/strong>.\u00a0[<em>Approved in Set. 2006, at PESC<\/em>] [<span style=\"color: #ff6600;\"><a style=\"color: #ff6600;\" href=\"https:\/\/is.cos.ufrj.br\/wp-content\/uploads\/2015\/12\/MarceloSavioRevoredoMenezesDeCarvalho.pdf\" target=\"_blank\" rel=\"noopener noreferrer\">Access<\/a><\/span>]<\/li>\n<\/ul>\n<h3 style=\"text-align: left;\">2005<\/h3>\n<ul style=\"text-align: left;\">\n<li>CARMO, Wagner Ramalho do. <strong>NGN<\/strong>:\u00a0<strong>uma an\u00e1lise sociot\u00e9cnica da converg\u00eancia das telecomunica\u00e7\u00f5es no Brasil<\/strong>\u00a0[<em>Approved in Apr. 2005, at PESC<\/em>] [<span style=\"color: #ff6600;\"><a style=\"color: #ff6600;\" href=\"https:\/\/is.cos.ufrj.br\/wp-content\/uploads\/2015\/12\/WagnerRamalhoDoCarmo.pdf\" target=\"_blank\" rel=\"noopener noreferrer\">Access<\/a><\/span>]<\/li>\n<\/ul>\n<h3 style=\"text-align: left;\">2004<\/h3>\n<ul style=\"text-align: left;\">\n<li>CARDOSO, Vitor Alexandre de Freitas. <strong>The socio-technical study of the \"human-machine\" interface involving computers:<\/strong> <strong>o caso de um acidente a\u00e9reo<\/strong>. [<em>Approved in 2004, at PESC<\/em>]<\/li>\n<\/ul>\n<p>To access the theses and dissertations developed prior to 2004, simply access the <span style=\"color: #ff6600;\"><a style=\"color: #ff6600;\" href=\"http:\/\/www.cos.ufrj.br\/index.php\/pt-BR\/publicacoes-pesquisa\" data-slimstat=\"5\">PESC portal<\/a>,<\/span> select the 'Advanced Search' option and, in the 'Research Area' filter, fill in the 'Informatics and Society' option.<\/p>\n<h3 style=\"text-align: left;\">Other productions<\/h3>\n<ul>\n<li style=\"text-align: left;\"><span style=\"color: #ff6600;\"><a style=\"color: #ff6600;\" href=\"https:\/\/is.cos.ufrj.br\/en\/artigo-em-periodico\/\">Journal articles<\/a><\/span><\/li>\n<li style=\"text-align: left;\"><span style=\"color: #ff6600;\"><a style=\"color: #ff6600;\" href=\"https:\/\/is.cos.ufrj.br\/en\/livros\/\">Livros e ca\u00edtulos de livros<\/a><\/span><\/li>\n<li style=\"text-align: left;\"><span style=\"color: #ff6600;\"><a style=\"color: #ff6600;\" href=\"https:\/\/is.cos.ufrj.br\/en\/apresentacoes-de-trabalho\/\">Presentations<\/a><\/span><\/li>\n<li><span style=\"color: #ff6600;\"><a style=\"color: #ff6600;\" href=\"https:\/\/is.cos.ufrj.br\/en\/artigos-e-resumos-em-anais-de-congresso\/\">Artigos e Resumos em Anais de Congresso<\/a><\/span><\/li>\n<\/ul>","protected":false},"excerpt":{"rendered":"<p>\u00daltima atualiza\u00e7\u00e3o: Maio, 2025. 2024 GRA\u00c7A, Ricardo Jullian da Silva. Por uma Educa\u00e7\u00e3o Extensionista: a Experi\u00eancia do Laborat\u00f3rio de Inform\u00e1tica para Educa\u00e7\u00e3o (LIpE) da UFRJ. 2024. [Defendida em 2024] [Acessar] BRAGA, Pedro Henrique da Costa.\u00a0 Como a extens\u00e3o faz software? O caso do LIBRASOffice. [Defendida em 2024] [Acessar] 2023 SOBRAL, Andr\u00e9 Vinicius Leal.\u00a0Reinventando o Curso <a href=\"https:\/\/is.cos.ufrj.br\/en\/teses-e-dissertacoes\/\" class=\"more-link\">...continue reading<span class=\"screen-reader-text\"> \"Teses e Disserta\u00e7\u00f5es\"<\/span><\/a><\/p>","protected":false},"author":1,"featured_media":0,"parent":0,"menu_order":0,"comment_status":"closed","ping_status":"closed","template":"","meta":[],"_links":{"self":[{"href":"https:\/\/is.cos.ufrj.br\/en\/wp-json\/wp\/v2\/pages\/70"}],"collection":[{"href":"https:\/\/is.cos.ufrj.br\/en\/wp-json\/wp\/v2\/pages"}],"about":[{"href":"https:\/\/is.cos.ufrj.br\/en\/wp-json\/wp\/v2\/types\/page"}],"author":[{"embeddable":true,"href":"https:\/\/is.cos.ufrj.br\/en\/wp-json\/wp\/v2\/users\/1"}],"replies":[{"embeddable":true,"href":"https:\/\/is.cos.ufrj.br\/en\/wp-json\/wp\/v2\/comments?post=70"}],"version-history":[{"count":64,"href":"https:\/\/is.cos.ufrj.br\/en\/wp-json\/wp\/v2\/pages\/70\/revisions"}],"predecessor-version":[{"id":3716,"href":"https:\/\/is.cos.ufrj.br\/en\/wp-json\/wp\/v2\/pages\/70\/revisions\/3716"}],"wp:attachment":[{"href":"https:\/\/is.cos.ufrj.br\/en\/wp-json\/wp\/v2\/media?parent=70"}],"curies":[{"name":"wp","href":"https:\/\/api.w.org\/{rel}","templated":true}]}}