{"id":495,"date":"2016-10-08T14:47:36","date_gmt":"2016-10-08T14:47:36","guid":{"rendered":"https:\/\/is.cos.ufrj.br\/?page_id=495"},"modified":"2018-05-13T21:50:03","modified_gmt":"2018-05-14T00:50:03","slug":"eventos","status":"publish","type":"page","link":"https:\/\/is.cos.ufrj.br\/en\/eventos\/","title":{"rendered":"Events"},"content":{"rendered":"<p>The results of the teaching-research-outreach actions of the Informatics and Society research area have been disseminated in events in Brazil and abroad, aiming, in addition to publicizing its actions, to strengthen academic networks with collectives and researchers who share common interests.<\/p>\n<p>In this section, we record the <a style=\"color: #ff6600;\" href=\"https:\/\/is.cos.ufrj.br\/en\/eventos-futuros\/\">the upcoming events ,<\/a>\u00a0directly or indirectly organized by the research area, or those events attended by students and professors as part of their research work.<\/p>\n<p>In addition, the section contains a page with a <a style=\"color: #ff6600;\" href=\"https:\/\/is.cos.ufrj.br\/en\/memoria\/\">memory<\/a> of past events designed in and\/or organized directly by the research area.<\/p>","protected":false},"excerpt":{"rendered":"<p>Os resultados dos trabalhos de ensino-pesquisa-extens\u00e3o da linha de pesquisa em Inform\u00e1tica e Sociedade v\u00eam sendo divulgados em eventos dentro e fora do pa\u00eds, tendo como objetivo, al\u00e9m da publiciza\u00e7\u00e3o das suas a\u00e7\u00f5es, o fortalecimento de redes acad\u00eamicas com coletivos e pesquisadores\/as que tenham interesses comuns. Nesta se\u00e7\u00e3o, est\u00e3o registrados os eventos futuros\u00a0organizados direta ou <a href=\"https:\/\/is.cos.ufrj.br\/en\/eventos\/\" class=\"more-link\">...continue reading<span class=\"screen-reader-text\"> \"Eventos\"<\/span><\/a><\/p>","protected":false},"author":1,"featured_media":0,"parent":0,"menu_order":0,"comment_status":"closed","ping_status":"closed","template":"","meta":[],"_links":{"self":[{"href":"https:\/\/is.cos.ufrj.br\/en\/wp-json\/wp\/v2\/pages\/495"}],"collection":[{"href":"https:\/\/is.cos.ufrj.br\/en\/wp-json\/wp\/v2\/pages"}],"about":[{"href":"https:\/\/is.cos.ufrj.br\/en\/wp-json\/wp\/v2\/types\/page"}],"author":[{"embeddable":true,"href":"https:\/\/is.cos.ufrj.br\/en\/wp-json\/wp\/v2\/users\/1"}],"replies":[{"embeddable":true,"href":"https:\/\/is.cos.ufrj.br\/en\/wp-json\/wp\/v2\/comments?post=495"}],"version-history":[{"count":20,"href":"https:\/\/is.cos.ufrj.br\/en\/wp-json\/wp\/v2\/pages\/495\/revisions"}],"predecessor-version":[{"id":1294,"href":"https:\/\/is.cos.ufrj.br\/en\/wp-json\/wp\/v2\/pages\/495\/revisions\/1294"}],"wp:attachment":[{"href":"https:\/\/is.cos.ufrj.br\/en\/wp-json\/wp\/v2\/media?parent=495"}],"curies":[{"name":"wp","href":"https:\/\/api.w.org\/{rel}","templated":true}]}}