{"id":42,"date":"2015-03-03T23:01:46","date_gmt":"2015-03-03T23:01:46","guid":{"rendered":"https:\/\/is.cos.ufrj.br\/?page_id=42"},"modified":"2025-11-10T13:46:47","modified_gmt":"2025-11-10T16:46:47","slug":"livros","status":"publish","type":"page","link":"https:\/\/is.cos.ufrj.br\/en\/livros\/","title":{"rendered":"Books and Book Chapters"},"content":{"rendered":"<p><em>\u00daltima atualiza\u00e7\u00e3o: Setembro, 2025.<\/em><\/p>\n\n\n\n<h2 class=\"wp-block-heading\">Books<\/h2>\n\n\n\n<h3 class=\"wp-block-heading\">2024<\/h3>\n\n\n\n<ul>\n<li>VIANNA, Marcelo; SILVA DE LIMA, Alberto J.; PEREIRA, Lucas de A. (Org.) <strong>Inform\u00e1ticas e experi\u00eancias democr\u00e1ticas na Am\u00e9rica Latina e no Caribe<\/strong>. 1. ed. Alvorada, RS: IFRS Campus Alvorada; IFSP Campus Suzano, 2024. v. 1. 322p [<a href=\"https:\/\/is.cos.ufrj.br\/wp-content\/uploads\/2025\/11\/1234567891191.pdf\" data-type=\"URL\" data-id=\"https:\/\/is.cos.ufrj.br\/wp-content\/uploads\/2025\/11\/1234567891191.pdf\" target=\"_blank\" rel=\"noreferrer noopener\">Access<\/a>]<\/li>\n<\/ul>\n\n\n\n<h3 class=\"wp-block-heading\">2020<\/h3>\n\n\n\n<ul>\n<li>CUKIERMAN, HENRIQUE; BERTATO, F (organizadores). <strong>T\u00f3picos em Hist\u00f3ria e Filosofia da Computa\u00e7\u00e3o<\/strong>. 1. ed. Campinas: UNICAMP, 2020. v. 1.<\/li>\n<\/ul>\n\n\n\n<h3 class=\"wp-block-heading\">2007<\/h3>\n\n\n\n<ul>\n<li>CUKIERMAN, H. L. <strong>Yes, we have Pasteur<\/strong> <strong>- Manguinhos, Oswaldo Cruz e a hist\u00f3ria da ci\u00eancia no Brasil<\/strong>. 1. ed. Rio de janeiro: Relume Dumar\u00e1 - FAPERJ, 2007.<\/li>\n<\/ul>\n\n\n\n<h2 class=\"wp-block-heading\">Book Chapters<\/h2>\n\n\n\n<h3 class=\"wp-block-heading\">2025<\/h3>\n\n\n\n<ul>\n<li>SILVA DE LIMA, Alberto J. <strong>A reserva de mercado de minicomputadores no Brasil dos anos 1970 nas p\u00e1ginas da imprensa alternativa<\/strong>. In: KARINA, Bianculli; VERCELLI, Ariel; CARNOTA Ra\u00fal. Memorias del VIII Simposio de Historia de la Inform\u00e1tica en Am\u00e9rica Latina y Caribe y VI Simposio Argentino de Historia, Tecnolog\u00edas e Inform\u00e1tica. Mar del Plata: Centro Cient\u00edfico Tecnol\u00f3gico CONICET Mar del Plata, 2025. p. 39-52. [<a href=\"https:\/\/is.cos.ufrj.br\/wp-content\/uploads\/2025\/11\/Memorias_SHIALC_2024.pdf\" data-type=\"URL\" data-id=\"https:\/\/is.cos.ufrj.br\/wp-content\/uploads\/2025\/11\/Memorias_SHIALC_2024.pdf\" target=\"_blank\" rel=\"noreferrer noopener\">Access<\/a>]<\/li>\n<\/ul>\n\n\n\n<h3 class=\"wp-block-heading\">2022<\/h3>\n\n\n\n<ul>\n<li>SILVA DE LIMA, Alberto Jorge; CUKIERMAN, Henrique Luiz.<strong> Hist\u00f3rias da inform\u00e1tica: da cr\u00edtica \u00e0 universalidade \u00e0s \u201cnarrativas suleadas\u201d<\/strong>. In: VIANNA, Marcelo; PEREIRA, Lucas de Almeida; PEROLD, Colette (orgs.).&nbsp;Hist\u00f3rias da Inform\u00e1tica na Am\u00e9rica Latina: reflex\u00f5es e experi\u00eancias (Argentina, Brasil e Chile). Jundia\u00ed-SP: Paco Editorial, 2022. p. Se\u00e7\u00e3o 10. [<span style=\"color: #ff6600;\"><a style=\"color: #ff6600;\" href=\"https:\/\/www.pacolivros.com.br\/historias-da-informatica-na-america-latina\">Access<\/a><\/span>]<\/li>\n<\/ul>\n\n\n\n<h3 class=\"wp-block-heading\">2021<\/h3>\n\n\n\n<ul>\n<li>CAFEZEIRO, Isabel; MARQUES, I. C.; SEVERO, F.; CUKIERMAN, Henrique. <strong>Inform\u00e1tica \u00e9 Sociedade<\/strong>. In:Edm\u00e9a Santos; F\u00e1bio Ferrentini Sampaio,; Mariano Pimentel. (Org.). Inform\u00e1tica na Educa\u00e7\u00e3o: sociedade e pol\u00edticas. 1ed. Porto Alegre: Sociedade Brasileira de Computa\u00e7\u00e3o, 2021, v.1.<\/li>\n\n\n\n<li>CUKIERMAN, Henrique. <strong>The Vaccine Revolt of 1904, Rio de Janeiro, Brazil<\/strong>. Oxford Research Encyclopedia of Latin American History. 1ed.New York: Oxford University Press, 2021, v.1.<\/li>\n\n\n\n<li>CUKIERMAN, Henrique; SILVA, M. R. B. ; MARQUES, I. C. . <strong>Ci\u00eancias \u201cduras\u201d e normais: objetivos m\u00f3veis (in)alcan\u00e7\u00e1veis para um \u201cprograma\u201d no Brasil<\/strong>. In: Ma\u00edra Baumgarten, Julia Guivant. (Org.). Caminhos da ci\u00eancia e tecnologia no Brasil: pol\u00edticas p\u00fablicas, pesquisas e redes. 1ed.Porto Alegre: Editora da UFRGS, 2021, v.1, p. 77-92.<\/li>\n\n\n\n<li><span style=\"font-weight: 400;\">SOBRAL, A. V. L; <\/span><span style=\"font-weight: 400;\">CUKIERMAN, Henrique;&nbsp; KLEBA, John Bernhard; RUFINO, Sandra; V\u00e1rios autores. <\/span><b>Novas DCNS de Engenharia; Extens\u00e3o curricular e Engenharias engajadas: Inova\u00e7\u00f5es e desafios da educa\u00e7\u00e3o. (Org.). Di\u00e1logos com tecnologias: experi\u00eancias e reflex\u00f5es sobre tecnologia, sociedade e educa\u00e7\u00e3o.<\/b><span style=\"font-weight: 400;\"> C749 XLIX Congresso Brasileiro de Educa\u00e7\u00e3o em Engenharia (COBENGE 2021) e IV Simp\u00f3sio Internacional de Educa\u00e7\u00e3o em Engenharia (SIEE 2021) \u2013 On-line, 28 a 30 de setembro de [2021] \u2013 ABENGE [<\/span><span style=\"color: #ff6600;\"><a style=\"color: #ff6600;\" href=\"https:\/\/www.labcts.org\/post\/publica%C3%A7%C3%A3o-novas-dcns-de-engenharia-extens%C3%A3o-curricular-eengenharias-engajadas\"><span style=\"font-weight: 400;\">Access<\/span><\/a><\/span><span style=\"font-weight: 400;\">]<\/span><\/li>\n\n\n\n<li>KLEBA, J. B.; RUFINO, S.; LEAL SOBRAL, Andr\u00e9 Vinic\u00edus; CUKIERMAN, Henrique. <strong>Novas DCNS de engenharia, extens\u00e3o curricular e engenharias engajadas: inova\u00e7\u00f5es e desafios da educa\u00e7\u00e3o<\/strong>. In: Adriana Maria Tonini; T\u00e2nia Regina Dias Silva Pereira. (Org.). FORMA\u00c7\u00c3O EM ENGENHARIA: TECNOLOGIA, INOVA\u00c7\u00c3O E SUSTENTABILIDADE. 1ed.Brasilia: ABENGE, 2021, v.1.<\/li>\n<\/ul>\n\n\n\n<h3 class=\"wp-block-heading\">2020<\/h3>\n\n\n\n<ul>\n<li>CUKIERMAN, Henrique. <strong>As m\u00e1quinas de informa\u00e7\u00e3o e o mundo fechado da Guerra Fria<\/strong>. In: Gabriel Cid de Garcia. (Org.). Ci\u00eancia em Fococ - volume III. 1ed.Rio de Janeiro: Garamond, 2020, v. III, p. 73-94.<\/li>\n\n\n\n<li>CUKIERMAN, Henrique. <strong>O censo de 1960 e os prim\u00f3rdios da inform\u00e1tica no Brasil<\/strong>. In: Henrique Cukierman; Fabio Bertato. (Org.). T\u00f3picos em Hist\u00f3ria e Filosofia da Computa\u00e7\u00e3o. 1ed.Campinas: UNICAMP, 2020, v. 1, p. 25-42.<\/li>\n\n\n\n<li>FARIA, Luiz Arthur; SEVERO, F. ; CUKIERMAN, Henrique; DINIZ, E. H. <strong>Digitaliza\u00e7\u00f5es de moedas sociais brasileiras e os desafios de governan\u00e7as comunit\u00e1rias: os requisitos, os c\u00f3digos e os dados<\/strong>. In: Vianna.(Org.). Novos di\u00e1logos entre Ci\u00eancia e Tecnologia: perspectivas de pesquisas. 1ed. Porto Alegre: Editora Fi, 2020, v. 1, p. 91-111.<\/li>\n\n\n\n<li>SILVA DE LIMA, Alberto Jorge. <strong>Controle, liberdade, inform\u00e1tica e sociedade: uma revis\u00e3o das hist\u00f3rias da inform\u00e1tica no Brasil<\/strong>. In: BERTATO, F\u00e1bio; CUKIERMAN, Henrique Luiz (orgs.).&nbsp;T\u00f3picos em Hist\u00f3ria e Filosofia da Computa\u00e7\u00e3o. Cole\u00e7\u00e3o CL. Campinas: Unicamp, Centro de L\u00f3gica, Epistemologia e Hist\u00f3ria da Ci\u00eancia, 2020. p. 1\u201324. [<span style=\"color: #ff6600;\"><a style=\"color: #ff6600;\" href=\"https:\/\/www.cle.unicamp.br\/ebooks\/index.php\/publicacoes\/catalog\/book\/31\">Access<\/a><\/span>]<\/li>\n<\/ul>\n\n\n\n<h3 class=\"wp-block-heading\">2019<\/h3>\n\n\n\n<ul>\n<li>SEVERO, Fernando; CUKIERMAN, Henrique; CAFEZEIRO, Isabel; MARQUES, Ivan da Costa. <strong>\u201cSomos\u201d = \u201cTemos\u201d<\/strong>. In: Alves, Daniela; <span class=\"ng-scope\"><span class=\"\">Baumgarten, Ma\u00edra (Orgs.). Conhecimentos e sociedade: teorias, pol\u00edticas e controv\u00e9rsias.&nbsp;Bras\u00edlia: Verbena Editora, 2019, pp. 166-187.&nbsp; [<span style=\"color: #ff6600;\"><a style=\"color: #ff6600;\" href=\"https:\/\/is.cos.ufrj.br\/wp-content\/uploads\/2020\/05\/2019_Conhecimentos_e_sociedade-Daniela_Alves__Ma\u00edra_Baumgarten_Orgs..pdf\" target=\"_blank\" rel=\"noopener noreferrer\">Access<\/a><\/span>]<\/span><\/span><\/li>\n<\/ul>\n\n\n\n<h3 class=\"wp-block-heading\">2018<\/h3>\n\n\n\n<ul>\n<li><span class=\"ng-scope\"><span class=\"\">CUKIERMAN, Henrique, \u201c<strong>The sociotechnical approach - the challenges for software engineering<\/strong>\u201d. In: Zuin, V\u00e2nia Gomes (ed), Environments: technoscience and its relation to sustainability, ethics, aesthetics, health and the human future. S\u00e3o Carlos, EdUFSCar, 2018, pp. 165-178. [<span style=\"color: #ff6600;\"><a style=\"color: #ff6600;\" href=\"https:\/\/is.cos.ufrj.br\/wp-content\/uploads\/2019\/05\/the-sociotechnical-approach.pdf\" target=\"_blank\" rel=\"noopener noreferrer\">Access<\/a><\/span>]<\/span><\/span><\/li>\n<\/ul>\n\n\n\n<h3 class=\"wp-block-heading\">2017<\/h3>\n\n\n\n<ul>\n<li>CUKIERMAN, H. L. <strong>A racing car without tires.<\/strong> In: Dimensions of the history and memory of informatics in Brazil.1 ed.Jundia\u00ed: Paco Editorial, 2017, p. 57-72.<\/li>\n\n\n\n<li>SOBRAL, Andr\u00e9 V. L. <strong>Redes de a\u00e7\u00f5es coletivas em junho de 2013<\/strong>. In: Cei, Vitor; Danner, Leno Francisco; Oliveira, Marcus Vin\u00edcius Xavier de; Borges, David G. (Orgs.). O que resta das jornadas de junho<strong>.<\/strong>\u00a0Porto Alegre: Editora Fi, 2017, pp. 37-64. [<span style=\"color: #ff6600;\"><a href=\"https:\/\/is.cos.ufrj.br\/wp-content\/uploads\/2025\/11\/152-LENO.pdf\" data-type=\"URL\" data-id=\"https:\/\/is.cos.ufrj.br\/wp-content\/uploads\/2025\/11\/152-LENO.pdf\" target=\"_blank\" rel=\"noreferrer noopener\">Access<\/a><\/span>]<\/li>\n<\/ul>\n\n\n\n<h3 class=\"wp-block-heading\"><strong>2015<\/strong><\/h3>\n\n\n\n<ul>\n<li>BRAGA, Pedro Henrique da Costa; CRUZ, Samantha B. de O.; DIAS, Lucimeri Ricas. <strong><span style=\"color: #333333;\">Challenges in migrating from proprietary to free software in an university outreach project<\/span><\/strong>. In: Addor, Felipe (Org). Extens\u00e3o e Pol\u00edticas P\u00fablicas: o agir integrado para o desenvolvimento social \u2013 Pesquisa, A\u00e7\u00e3o e Tecnologia<strong>.<\/strong> Rio de Janeiro, Editora UFRJ, 2015, v. 2, pp. 95-108. [<span style=\"color: #ff6600;\"><a style=\"color: #ff6600;\" href=\"https:\/\/is.cos.ufrj.br\/wp-content\/uploads\/2015\/11\/Desafios_na_migracao_do_software_proprie-PedroBraga2015.pdf\" target=\"_blank\" rel=\"noopener noreferrer\">Access<\/a><\/span>]<\/li>\n<\/ul>\n\n\n\n<h3 class=\"wp-block-heading\">2014<\/h3>\n\n\n\n<ul>\n<li>ARA\u00daJO, Jos\u00e9 F\u00e1bio Marinho de; VALENTE, Cristina de Melo (Orgs.). <strong>Actor-Network and beyond in Brazil ... the theories that chirp here don't chirp like there?<\/strong> Campina Grande: EDUEPB, 2014. 327 p.[<span style=\"color: #333333;\"><span style=\"color: #800000;\"><span style=\"color: #ff6600;\"><a style=\"color: #ff6600;\" href=\"http:\/\/livroator-rede.blogspot.com.br\/\" target=\"_blank\" rel=\"noopener noreferrer\">Access<\/a><\/span><\/span>] <\/span><\/li>\n\n\n\n<li>\n<div class=\"layout-cell layout-cell-11\">\n<div class=\"layout-cell-pad-5\">CUKIERMAN, H. L. <strong>Verdade e Imagina\u00e7\u00e3o<\/strong>. In: Arthur A. L. Ferreira; Andr\u00e9 Martins; Robert Segal (Org.). Uma bola no p\u00e9 e uma ideia na cabe\u00e7a&nbsp;- O que o futebol nos faz pensar. 1 ed. Rio de Janeiro: UFRJ\/FAPERJ, 2014, pp. 255-266.<\/div>\n<\/div>\n<\/li>\n\n\n\n<li>\n<div class=\"layout-cell-pad-5\">CUKIERMAN, H. L. <strong>Humanos e artefatos: novas sociabilidades<\/strong>. In: Priscila Faulhaber; Heloisa M.B. Domingues; Luiz C. Borges (Org.). Ci\u00eancias e Fronteiras. 1 ed. Rio de Janeiro: Museu de Astronomia e Ci\u00eancias Afins, 2014, pp. 221-234.<\/div>\n<\/li>\n\n\n\n<li>\n<div class=\"layout-cell-pad-5\">CUKIERMAN, H. L. <strong>Who invented Brazil?<\/strong> In: Medina, Eden; Marques, Ivan da Costa; Holmes, Christina (Org.). Beyond Imported Magic Essays on Science, Technology, and Society in Latin America. 1 ed. Cambridge, Massachusetts: The MIT Press, 2014, pp. 27-46.<\/div>\n<\/li>\n<\/ul>\n\n\n\n<h3 class=\"wp-block-heading\">Other works<\/h3>\n\n\n\n<ul>\n<li><span style=\"color: #ff6600;\"><a style=\"color: #ff6600;\" href=\"https:\/\/is.cos.ufrj.br\/en\/artigo-em-periodico\/\">Journal articles<\/a><\/span><\/li>\n\n\n\n<li><span style=\"color: #ff6600;\"><a style=\"color: #ff6600;\" href=\"https:\/\/is.cos.ufrj.br\/en\/teses-e-dissertacoes\/\">Master's and doctoral Dissertations<\/a><\/span><\/li>\n\n\n\n<li><span style=\"color: #ff6600;\"><a style=\"color: #ff6600;\" href=\"https:\/\/is.cos.ufrj.br\/en\/apresentacoes-de-trabalho\/\">Presentations<\/a><\/span><\/li>\n\n\n\n<li><span style=\"color: #ff6600;\"><a style=\"color: #ff6600;\" href=\"https:\/\/is.cos.ufrj.br\/en\/artigos-e-resumos-em-anais-de-congresso\/\">Artigos e Resumos em Anais de Congresso<\/a><\/span><\/li>\n<\/ul>","protected":false},"excerpt":{"rendered":"<p>\u00daltima atualiza\u00e7\u00e3o: Setembro, 2025. Livros completos 2024 2020 2007 Cap\u00edtulos de Livro 2025 2022 2021 2020 2019 2018 2017 2015 2014 Outras Produ\u00e7\u00f5es<\/p>","protected":false},"author":1,"featured_media":0,"parent":0,"menu_order":0,"comment_status":"closed","ping_status":"closed","template":"","meta":[],"_links":{"self":[{"href":"https:\/\/is.cos.ufrj.br\/en\/wp-json\/wp\/v2\/pages\/42"}],"collection":[{"href":"https:\/\/is.cos.ufrj.br\/en\/wp-json\/wp\/v2\/pages"}],"about":[{"href":"https:\/\/is.cos.ufrj.br\/en\/wp-json\/wp\/v2\/types\/page"}],"author":[{"embeddable":true,"href":"https:\/\/is.cos.ufrj.br\/en\/wp-json\/wp\/v2\/users\/1"}],"replies":[{"embeddable":true,"href":"https:\/\/is.cos.ufrj.br\/en\/wp-json\/wp\/v2\/comments?post=42"}],"version-history":[{"count":40,"href":"https:\/\/is.cos.ufrj.br\/en\/wp-json\/wp\/v2\/pages\/42\/revisions"}],"predecessor-version":[{"id":3686,"href":"https:\/\/is.cos.ufrj.br\/en\/wp-json\/wp\/v2\/pages\/42\/revisions\/3686"}],"wp:attachment":[{"href":"https:\/\/is.cos.ufrj.br\/en\/wp-json\/wp\/v2\/media?parent=42"}],"curies":[{"name":"wp","href":"https:\/\/api.w.org\/{rel}","templated":true}]}}