{"id":415,"date":"2016-06-06T22:35:31","date_gmt":"2016-06-06T22:35:31","guid":{"rendered":"https:\/\/is.cos.ufrj.br\/?page_id=415"},"modified":"2018-07-16T19:17:47","modified_gmt":"2018-07-16T22:17:47","slug":"jose-marcos","status":"publish","type":"page","link":"https:\/\/is.cos.ufrj.br\/en\/jose-marcos\/","title":{"rendered":"Jos\u00e9 Marcos"},"content":{"rendered":"<p><a href=\"https:\/\/is.cos.ufrj.br\/wp-content\/uploads\/2016\/06\/Z\u00e9-Marcos.jpg\"><img decoding=\"async\" loading=\"lazy\" class=\"size-thumbnail wp-image-416 alignleft\" src=\"https:\/\/is.cos.ufrj.br\/wp-content\/uploads\/2016\/06\/Z\u00e9-Marcos-150x150.jpg\" alt=\"\" width=\"150\" height=\"150\" srcset=\"https:\/\/is.cos.ufrj.br\/wp-content\/uploads\/2016\/06\/Z\u00e9-Marcos-150x150.jpg 150w, https:\/\/is.cos.ufrj.br\/wp-content\/uploads\/2016\/06\/Z\u00e9-Marcos-266x266.jpg 266w, https:\/\/is.cos.ufrj.br\/wp-content\/uploads\/2016\/06\/Z\u00e9-Marcos-960x960.jpg 960w, https:\/\/is.cos.ufrj.br\/wp-content\/uploads\/2016\/06\/Z\u00e9-Marcos-350x350.jpg 350w\" sizes=\"(max-width: 150px) 100vw, 150px\" \/><\/a>I approached the Informatics and Society research area with the encouragement of my friend and colleague C\u00e1ssio Nunes Teixeira, who had completed his master's degree in 2007, under the guidance of Professor Henrique Cukierman. After nearly 30 years of practice as a system analyst, I was bothered by a world increasingly tied to \"software\" methods and \"universal\" models of software engineering, which made my job increasingly annoying and frustrating. In 2012, I began to approach as a listener of the Classes of Facts and Artifacts as Sociotechnical Constructions, joining the master's degree the following year. I found in the line Informatics and Society and in the Studies of Science, Technology and Society a very rich space to rethink questions related to my work and my life. I soon felt at home. It was worth it, after so many years, to loose the rustiness of my mind, to return to the world of teaching and to face the challenge of learning to write academic texts. I concluded my graduation in 1985, in the course of Technologist in Data Processing at PUC-RJ. I was a theater actor for 13 years, studying Performing Arts at the Federal University of the State of Rio de Janeiro (UNIRIO) between 1988 and 1994, without completing the course. I have been in the position of systems analyst at BNDES since 1992, where I also worked outside of IT, from 2003 to 2007, in the area of \u200b\u200bfinancing education, health and social assistance projects. My research led me to the complex subject of health information systems. I studied a case of the implantation of foreign software to support the Family Health Strategy in some neighborhoods of the city of Rio de Janeiro.<\/p>\n<p><strong>Email:<span style=\"color: #ff6600;\">\u00a0<\/span><\/strong><span style=\"color: #ff6600;\"><a style=\"color: #ff6600;\" href=\"mailto:jmsg@cos.ufrj.br\">jmsg@cos.ufrj.br<\/a><\/span><\/p>\n<p><strong>Resume:\u00a0<\/strong><span style=\"color: #ff6600;\"><a style=\"color: #ff6600;\" href=\"http:\/\/lattes.cnpq.br\/6454728731196135\">http:\/\/lattes.cnpq.br\/6454728731196135<\/a><\/span><\/p>","protected":false},"excerpt":{"rendered":"<p>Me aproximei da linha Inform\u00e1tica e Sociedade com o empurr\u00e3o do amigo e colega de trabalho C\u00e1ssio Nunes Teixeira, que tinha conclu\u00eddo seu mestrado em 2007, sob a orienta\u00e7\u00e3o do Prof. Henrique Cukierman. Depois de cerca de 30 anos de pr\u00e1tica como analista de sistema, estava incomodado com um mundo cada vez mais amarrado por <a href=\"https:\/\/is.cos.ufrj.br\/en\/jose-marcos\/\" class=\"more-link\">...continue reading<span class=\"screen-reader-text\"> \"Jos\u00e9 Marcos\"<\/span><\/a><\/p>","protected":false},"author":1,"featured_media":0,"parent":0,"menu_order":0,"comment_status":"closed","ping_status":"closed","template":"","meta":[],"_links":{"self":[{"href":"https:\/\/is.cos.ufrj.br\/en\/wp-json\/wp\/v2\/pages\/415"}],"collection":[{"href":"https:\/\/is.cos.ufrj.br\/en\/wp-json\/wp\/v2\/pages"}],"about":[{"href":"https:\/\/is.cos.ufrj.br\/en\/wp-json\/wp\/v2\/types\/page"}],"author":[{"embeddable":true,"href":"https:\/\/is.cos.ufrj.br\/en\/wp-json\/wp\/v2\/users\/1"}],"replies":[{"embeddable":true,"href":"https:\/\/is.cos.ufrj.br\/en\/wp-json\/wp\/v2\/comments?post=415"}],"version-history":[{"count":6,"href":"https:\/\/is.cos.ufrj.br\/en\/wp-json\/wp\/v2\/pages\/415\/revisions"}],"predecessor-version":[{"id":1428,"href":"https:\/\/is.cos.ufrj.br\/en\/wp-json\/wp\/v2\/pages\/415\/revisions\/1428"}],"wp:attachment":[{"href":"https:\/\/is.cos.ufrj.br\/en\/wp-json\/wp\/v2\/media?parent=415"}],"curies":[{"name":"wp","href":"https:\/\/api.w.org\/{rel}","templated":true}]}}