{"id":412,"date":"2016-06-06T22:29:49","date_gmt":"2016-06-06T22:29:49","guid":{"rendered":"https:\/\/is.cos.ufrj.br\/?page_id=412"},"modified":"2025-09-05T08:49:50","modified_gmt":"2025-09-05T11:49:50","slug":"luiz-arthur","status":"publish","type":"page","link":"https:\/\/is.cos.ufrj.br\/en\/luiz-arthur\/","title":{"rendered":"Luiz Arthur Faria"},"content":{"rendered":"<p><a href=\"https:\/\/is.cos.ufrj.br\/wp-content\/uploads\/2019\/10\/45214750_10217058582634383_1386527893982543872_n.jpg\"><img decoding=\"async\" loading=\"lazy\" class=\"wp-image-1768 size-full alignleft\" src=\"https:\/\/is.cos.ufrj.br\/wp-content\/uploads\/2019\/10\/45214750_10217058582634383_1386527893982543872_n-e1572161997667.jpg\" alt=\"\" width=\"150\" height=\"150\" \/><\/a><\/p>\n<p>Tive d\u00favidas entre caminhar pelas engenharias ou no meio das ci\u00eancias sociais. A engenharia de telecomunica\u00e7\u00f5es venceu a batalha na gradua\u00e7\u00e3o. Investigando softwares livres, economia solidaria e pr\u00e1ticas democr\u00e1ticas no Brasil, j\u00e1 no mestrado da linha Inform\u00e1tica e Sociedade do PESC\/COPPE\/UFRJ, tive o prazer de descobrir que as exatas e as humanidades n\u00e3o caminham t\u00e3o distantes como alguns insistem dizer. No doutorado do HCTE\/UFRJ, permaneci seguindo os rastros daqueles que transitam entre uma \"caixa\" e outra, e que geralmente circulam tamb\u00e9m \u00e0s margens das grandes empresas e do Estado. Desta vez, olhando mais de perto os surpreendentes casos de \"dinheiros\" criados fora das esferas dos tradicionais bancos e imbricados com as tecnologias de informa\u00e7\u00e3o. Ou, no popular (melhor, ainda que com os riscos da imprecis\u00e3o), moedas sociais digitais.<\/p>\n<p>Doutor em Hist\u00f3ria das Ci\u00eancias e das T\u00e9cnicas e Epistemologia pela Universidade Federal do Rio de Janeiro, com doutorado sandu\u00edche no Centre de sociologie de l'innovation (CSI) da Ecole Nationale Sup\u00e9rieure des Mines de Paris (ENSMP) Fran\u00e7a. Mestre em Engenharia de Sistemas e Computa\u00e7\u00e3o pela Universidade Federal do Rio de Janeiro e Engenheiro em Telecomunica\u00e7\u00f5es pela Universidade Federal Fluminense (2000).<\/p>\n<p><strong>Email:\u00a0<\/strong><span style=\"color: #ff6600;\"><a style=\"color: #ff6600;\" href=\"mailto:luizart@ufrj.br\">luizart@gmail.com<\/a><\/span><\/p>\n<p><strong>Resume:\u00a0<\/strong><span style=\"color: #ff6600;\"><a style=\"color: #ff6600;\" href=\"http:\/\/lattes.cnpq.br\/5241207979816865\">http:\/\/lattes.cnpq.br\/5241207979816865<\/a><\/span><\/p>","protected":false},"excerpt":{"rendered":"<p>Tive d\u00favidas entre caminhar pelas engenharias ou no meio das ci\u00eancias sociais. A engenharia de telecomunica\u00e7\u00f5es venceu a batalha na gradua\u00e7\u00e3o. Investigando softwares livres, economia solidaria e pr\u00e1ticas democr\u00e1ticas no Brasil, j\u00e1 no mestrado da linha Inform\u00e1tica e Sociedade do PESC\/COPPE\/UFRJ, tive o prazer de descobrir que as exatas e as humanidades n\u00e3o caminham t\u00e3o <a href=\"https:\/\/is.cos.ufrj.br\/en\/luiz-arthur\/\" class=\"more-link\">...continue reading<span class=\"screen-reader-text\"> \"Luiz Arthur Faria\"<\/span><\/a><\/p>","protected":false},"author":1,"featured_media":0,"parent":0,"menu_order":0,"comment_status":"closed","ping_status":"closed","template":"","meta":[],"_links":{"self":[{"href":"https:\/\/is.cos.ufrj.br\/en\/wp-json\/wp\/v2\/pages\/412"}],"collection":[{"href":"https:\/\/is.cos.ufrj.br\/en\/wp-json\/wp\/v2\/pages"}],"about":[{"href":"https:\/\/is.cos.ufrj.br\/en\/wp-json\/wp\/v2\/types\/page"}],"author":[{"embeddable":true,"href":"https:\/\/is.cos.ufrj.br\/en\/wp-json\/wp\/v2\/users\/1"}],"replies":[{"embeddable":true,"href":"https:\/\/is.cos.ufrj.br\/en\/wp-json\/wp\/v2\/comments?post=412"}],"version-history":[{"count":12,"href":"https:\/\/is.cos.ufrj.br\/en\/wp-json\/wp\/v2\/pages\/412\/revisions"}],"predecessor-version":[{"id":3554,"href":"https:\/\/is.cos.ufrj.br\/en\/wp-json\/wp\/v2\/pages\/412\/revisions\/3554"}],"wp:attachment":[{"href":"https:\/\/is.cos.ufrj.br\/en\/wp-json\/wp\/v2\/media?parent=412"}],"curies":[{"name":"wp","href":"https:\/\/api.w.org\/{rel}","templated":true}]}}