{"id":400,"date":"2016-06-06T22:22:15","date_gmt":"2016-06-06T22:22:15","guid":{"rendered":"https:\/\/is.cos.ufrj.br\/?page_id=400"},"modified":"2019-05-23T14:52:25","modified_gmt":"2019-05-23T17:52:25","slug":"andre-leal","status":"publish","type":"page","link":"https:\/\/is.cos.ufrj.br\/en\/andre-leal\/","title":{"rendered":"Andr\u00e9 Vinicius Leal Sobral"},"content":{"rendered":"<p><strong><a href=\"https:\/\/is.cos.ufrj.br\/wp-content\/uploads\/2016\/06\/IMG_6294.jpg\"><img decoding=\"async\" loading=\"lazy\" class=\"size-thumbnail wp-image-402 alignleft\" src=\"https:\/\/is.cos.ufrj.br\/wp-content\/uploads\/2016\/06\/IMG_6294-150x150.jpg\" alt=\"\" width=\"150\" height=\"150\" \/><\/a><\/strong>Sociologist graduated by the Federal University of Bahia (UFBA) in 2013, always nurtured a profound curiosity about the possible interactions between machines and humans, in a way that together, they contribute to changes in the social order. Originally from a field that assigns protagonism to humans, I studied social networks at my graduation monography, focusing on friendship relationships built and maintained through them. Thanks to the internet and friendships, in 2014 I ended up discovering the research area Informatics and Society in PESC\/COPPE\/UFRJ, a group focused on the profound investigation of man-machine relations. Under the advisory of Professor Henrique Cukierman, I concluded my M. Sc. in Computer Science and Engineeering by studying collective actions in networks, more precisely the creation of activist groups and their participation in the mobilizing of street protests in Rio de Janeiro. Currently, I'm in my doctorate studies, where I develop teaching material for the course 'Computer and Society' or 'Informatics and Society' as part of my thesis, both considered from humanities or interdisciplinary courses. I am fascinated by human behavior and fond of all kinds of games and narratives.<\/p>\n<p><strong>Email:\u00a0<\/strong><span style=\"color: #ff6600;\"><a style=\"color: #ff6600;\" href=\"mailto:lealsobral@cos.ufrj.br\">lealsobral@cos.ufrj.br<\/a><\/span><\/p>\n<p><b>Resume:\u00a0<\/b><span style=\"color: #ff6600;\"><a style=\"color: #ff6600;\" href=\"http:\/\/lattes.cnpq.br\/5823633366826434\">http:\/\/lattes.cnpq.br\/5823633366826434<\/a><\/span><\/p>","protected":false},"excerpt":{"rendered":"<p>Soci\u00f3logo formado na UFBA em 2013, sempre alimentei uma profunda curiosidade sobre as poss\u00edveis intera\u00e7\u00f5es das m\u00e1quinas com os humanos, de forma que juntos, contribuem para altera\u00e7\u00e3o das formas de organiza\u00e7\u00e3o social. Vindo de um campo que geralmente atribui todo protagonismo aos humanos, estudei na minha monografia de gradua\u00e7\u00e3o as redes sociais, focando-me nas rela\u00e7\u00f5es <a href=\"https:\/\/is.cos.ufrj.br\/en\/andre-leal\/\" class=\"more-link\">...continue reading<span class=\"screen-reader-text\"> \"Andr\u00e9 Vinicius Leal Sobral\"<\/span><\/a><\/p>","protected":false},"author":1,"featured_media":0,"parent":0,"menu_order":0,"comment_status":"closed","ping_status":"closed","template":"","meta":[],"_links":{"self":[{"href":"https:\/\/is.cos.ufrj.br\/en\/wp-json\/wp\/v2\/pages\/400"}],"collection":[{"href":"https:\/\/is.cos.ufrj.br\/en\/wp-json\/wp\/v2\/pages"}],"about":[{"href":"https:\/\/is.cos.ufrj.br\/en\/wp-json\/wp\/v2\/types\/page"}],"author":[{"embeddable":true,"href":"https:\/\/is.cos.ufrj.br\/en\/wp-json\/wp\/v2\/users\/1"}],"replies":[{"embeddable":true,"href":"https:\/\/is.cos.ufrj.br\/en\/wp-json\/wp\/v2\/comments?post=400"}],"version-history":[{"count":11,"href":"https:\/\/is.cos.ufrj.br\/en\/wp-json\/wp\/v2\/pages\/400\/revisions"}],"predecessor-version":[{"id":1583,"href":"https:\/\/is.cos.ufrj.br\/en\/wp-json\/wp\/v2\/pages\/400\/revisions\/1583"}],"wp:attachment":[{"href":"https:\/\/is.cos.ufrj.br\/en\/wp-json\/wp\/v2\/media?parent=400"}],"curies":[{"name":"wp","href":"https:\/\/api.w.org\/{rel}","templated":true}]}}