{"id":4,"date":"2015-03-03T22:08:02","date_gmt":"2015-03-03T22:08:02","guid":{"rendered":"https:\/\/is.cos.ufrj.br\/?page_id=4"},"modified":"2025-11-17T12:30:15","modified_gmt":"2025-11-17T15:30:15","slug":"inicial","status":"publish","type":"page","link":"https:\/\/is.cos.ufrj.br\/en\/","title":{"rendered":""},"content":{"rendered":"<p style=\"text-align: left;\">Bem vindo\/a ao portal da linha de pesquisa em Computa\u00e7\u00e3o e Sociedade (antiga linha Inform\u00e1tica e Sociedade) do <span style=\"color: #ff6600;\"><!--\"color: #ad3700;--><a style=\"color: #ff6600;\" href=\"http:\/\/www.cos.ufrj.br\/\" target=\"_blank\" rel=\"noopener noreferrer\">Systems Engineering and Computer Science Program (PESC)<\/a><\/span> , one of the graduate programs at the <span style=\"color: #ff6600;\"><a style=\"color: #ff6600;\" href=\"http:\/\/www.coppe.ufrj.br\/\" target=\"_blank\" rel=\"noopener noreferrer\">Alberto Luiz Coimbra Institute for Graduate Studies and Research in Engineering (COPPE)<\/a><\/span> , <span style=\"color: #ff6600;\"><a style=\"color: #ff6600;\" href=\"https:\/\/ufrj.br\/\" target=\"_blank\" rel=\"noopener noreferrer\">Federal University of Rio de Janeiro (UFRJ)<\/a><\/span>.<\/p>\n<p style=\"text-align: left;\">Here you will find the main information about the research area, such as affiliated faculty, scholars and students, topics of interest, courses, publications, application and admission process, among others.<\/p>\n<p style=\"text-align: left;\">The research area in Informatics and Society gathers a group of scholars and students with different levels of education (high school, undergraduate, master's and doctorate) in teaching-research-outreach projects related to the development of scientific articles, monographs, dissertations, and audiovisual materials and also to the activities of the Informatics and Society Laboratory <a style=\"color: #ff6600;\" href=\"https:\/\/is.cos.ufrj.br\/en\/labis\/\">(LabIS)<\/a>.<\/p>\n<h5>&nbsp;<\/h5>\n<h5>YouTube channel<\/h5>\n<p align=\"center\"><iframe loading=\"lazy\" title=\"Informatics and Society Channel (YouTube)\" src=\"https:\/\/www.youtube.com\/embed\/videoseries?list=PLfQHQf7dZ0vOrS5BmIQzvSVrq-w3wobTL\" width=\"100%\" height=\"700\" frameborder=\"0\" allowfullscreen=\"allowfullscreen\"><\/iframe><\/p>\n<h4 style=\"text-align: left;\">More<\/h4>\n<ul style=\"text-align: left; margin-bottom: 50px;\">\n<li><span style=\"color: #ff6600;\"><a style=\"color: #ff6600;\" href=\"https:\/\/is.cos.ufrj.br\/en\/historia\/\">History<\/a><\/span><\/li>\n<li><span style=\"color: #ff6600;\"><a style=\"color: #ff6600;\" href=\"https:\/\/is.cos.ufrj.br\/en\/vinculos\/\">Connections<\/a><\/span><\/li>\n<li><span style=\"color: #ff6600;\"><a style=\"color: #ff6600;\" href=\"https:\/\/www.youtube.com\/channel\/UCEDVM6s2CoRiebgFIl8eKzQ\">Informatics and Society Channel (YouTube)<\/a><\/span><\/li>\n<\/ul>\n\n\n<p><\/p>\n\n\n\n\n<p><style id=\"wpforms-css-vars-3616\">\n\t\t\t\t#wpforms-3616 {\n\t\t\t\t--wpforms-field-border-color: rgba(0, 0, 0, 0.25);\n--wpforms-field-border-color-spare: rgba(0, 0, 0, 0.25);\n--wpforms-field-text-color: rgba(0, 0, 0, 0.7);\n--wpforms-label-color: rgba(0, 0, 0, 0.85);\n--wpforms-label-sublabel-color: rgba(0, 0, 0, 0.55);\n--wpforms-button-background-color: #ff9500;\n--wpforms-container-padding: 0px;\n--wpforms-container-border-width: 1px;\n--wpforms-container-border-radius: 3px;\n--wpforms-background-color: rgba(0, 0, 0, 0);\n--wpforms-field-size-input-height: 43px;\n--wpforms-field-size-input-spacing: 15px;\n--wpforms-field-size-font-size: 16px;\n--wpforms-field-size-line-height: 19px;\n--wpforms-field-size-padding-h: 14px;\n--wpforms-field-size-checkbox-size: 16px;\n--wpforms-field-size-sublabel-spacing: 5px;\n--wpforms-field-size-icon-size: 1;\n--wpforms-label-size-font-size: 16px;\n--wpforms-label-size-line-height: 19px;\n--wpforms-label-size-sublabel-font-size: 14px;\n--wpforms-label-size-sublabel-line-height: 17px;\n--wpforms-button-size-font-size: 17px;\n--wpforms-button-size-height: 41px;\n--wpforms-button-size-padding-h: 15px;\n--wpforms-button-size-margin-top: 10px;\n--wpforms-container-shadow-size-box-shadow: none;\n\t\t\t}\n\t\t\t<\/style><div class=\"wpforms-container wpforms-container-full wpforms-render-modern\" id=\"wpforms-3616\"><form id=\"wpforms-form-3616\" class=\"wpforms-validate wpforms-form wpforms-ajax-form\" data-formid=\"3616\" method=\"post\" enctype=\"multipart\/form-data\" action=\"\/en\/wp-json\/wp\/v2\/pages\/4\" data-token=\"fb0a2f3f34bb890f8576c57865508834\" data-token-time=\"1776729154\" data-trp-original-action=\"\/en\/wp-json\/wp\/v2\/pages\/4\"><noscript class=\"wpforms-error-noscript\">Please enable JavaScript in your browser to complete this form.<\/noscript><div id=\"wpforms-error-noscript\" style=\"display: none;\">Please enable JavaScript in your browser to complete this form.<\/div><div class=\"wpforms-field-container\"><div id=\"wpforms-3616-field_4-container\" class=\"wpforms-field wpforms-field-name\" data-field-id=\"4\"><label class=\"wpforms-field-label\" for=\"wpforms-3616-field_4\">Nome <span class=\"wpforms-required-label\" aria-hidden=\"true\">*<\/span><\/label><input type=\"text\" id=\"wpforms-3616-field_4\" class=\"wpforms-field-medium wpforms-field-required\" name=\"wpforms[fields][4]\" aria-errormessage=\"wpforms-3616-field_4-error\" required><\/div>\t\t<div id=\"wpforms-3616-field_1-container\"\n\t\t\tclass=\"wpforms-field wpforms-field-text\"\n\t\t\tdata-field-type=\"text\"\n\t\t\tdata-field-id=\"1\"\n\t\t\t>\n\t\t\t<label class=\"wpforms-field-label\" for=\"wpforms-3616-field_1\" >E-mail ou Coment\u00e1rio<\/label>\n\t\t\t<input type=\"text\" id=\"wpforms-3616-field_1\" class=\"wpforms-field-medium\" name=\"wpforms[fields][1]\" >\n\t\t<\/div>\n\t\t<div id=\"wpforms-3616-field_2-container\" class=\"wpforms-field wpforms-field-email\" data-field-id=\"2\"><fieldset><legend class=\"wpforms-field-label\">E-mail <span class=\"wpforms-required-label\" aria-hidden=\"true\">*<\/span><\/legend><div class=\"wpforms-field-row wpforms-field-medium\"><div class=\"wpforms-field-row-block wpforms-one-half wpforms-first\"><input type=\"email\" id=\"wpforms-3616-field_2\" class=\"wpforms-field-required wpforms-field-email-primary\" name=\"wpforms[fields][2][primary]\" spellcheck=\"false\" aria-errormessage=\"wpforms-3616-field_2-error\" required><label for=\"wpforms-3616-field_2\" class=\"wpforms-field-sublabel after\">Email<\/label><\/div><div class=\"wpforms-field-row-block wpforms-one-half\"><input type=\"email\" id=\"wpforms-3616-field_2-secondary\" class=\"wpforms-field-email-secondary wpforms-field-required\" data-rule-confirm=\"#wpforms-3616-field_2\" name=\"wpforms[fields][2][secondary]\" spellcheck=\"false\" aria-errormessage=\"wpforms-3616-field_2-secondary-error\" required><label for=\"wpforms-3616-field_2-secondary\" class=\"wpforms-field-sublabel after\">Confirm Email<\/label><\/div><\/div><\/fieldset><\/div><div id=\"wpforms-3616-field_3-container\" class=\"wpforms-field wpforms-field-textarea\" data-field-id=\"3\"><label class=\"wpforms-field-label\" for=\"wpforms-3616-field_3\">Coment\u00e1rio ou Mensagem <span class=\"wpforms-required-label\" aria-hidden=\"true\">*<\/span><\/label><textarea id=\"wpforms-3616-field_3\" class=\"wpforms-field-medium wpforms-field-required\" name=\"wpforms[fields][3]\" aria-errormessage=\"wpforms-3616-field_3-error\" required><\/textarea><\/div><script>\n\t\t\t\t( function() {\n\t\t\t\t\tconst style = document.createElement( 'style' );\n\t\t\t\t\tstyle.appendChild( document.createTextNode( '#wpforms-3616-field_1-container { position: absolute !important; overflow: hidden !important; display: inline !important; height: 1px !important; width: 1px !important; z-index: -1000 !important; padding: 0 !important; } #wpforms-3616-field_1-container input { visibility: hidden; } #wpforms-conversational-form-page #wpforms-3616-field_1-container label { counter-increment: none; }' ) );\n\t\t\t\t\tdocument.head.appendChild( style );\n\t\t\t\t\tdocument.currentScript?.remove();\n\t\t\t\t} )();\n\t\t\t<\/script><\/div><!-- .wpforms-field-container --><div class=\"wpforms-submit-container\" ><input type=\"hidden\" name=\"wpforms[id]\" value=\"3616\"><input type=\"hidden\" name=\"page_title\" value=\"\"><input type=\"hidden\" name=\"page_url\" value=\"https:\/\/is.cos.ufrj.br\/en\/wp-json\/wp\/v2\/pages\/4\"><input type=\"hidden\" name=\"url_referer\" value=\"\"><button type=\"submit\" name=\"wpforms[submit]\" id=\"wpforms-submit-3616\" class=\"wpforms-submit\" data-alt-text=\"Enviando\u2026\" data-submit-text=\"Enviar\" aria-live=\"assertive\" value=\"wpforms-submit\">Send<\/button><img src=\"https:\/\/is.cos.ufrj.br\/wp-content\/plugins\/wpforms-lite\/assets\/images\/submit-spin.svg\" class=\"wpforms-submit-spinner\" style=\"display: none;\" width=\"26\" height=\"26\" alt=\"Loading\"><\/div><input type=\"hidden\" name=\"trp-form-language\" value=\"en\"\/><\/form><\/div>  <!-- .wpforms-container --><br>\n<!-- \/wp:shortcode --><\/p>","protected":false},"excerpt":{"rendered":"<p>Bem vindo\/a ao portal da linha de pesquisa em Computa\u00e7\u00e3o e Sociedade (antiga linha Inform\u00e1tica e Sociedade) do Programa de Engenharia de Sistemas e Computa\u00e7\u00e3o (PESC) do Instituto Alberto Luiz Coimbra de P\u00f3s-Gradua\u00e7\u00e3o e Pesquisa em Engenharia (COPPE) da Universidade Federal do Rio de Janeiro (UFRJ). Aqui voc\u00ea encontrar\u00e1 as principais informa\u00e7\u00f5es sobre a linha <a href=\"https:\/\/is.cos.ufrj.br\/en\/\" class=\"more-link\">...continue reading<span class=\"screen-reader-text\"> \"\"<\/span><\/a><\/p>","protected":false},"author":1,"featured_media":0,"parent":0,"menu_order":0,"comment_status":"closed","ping_status":"closed","template":"","meta":[],"_links":{"self":[{"href":"https:\/\/is.cos.ufrj.br\/en\/wp-json\/wp\/v2\/pages\/4"}],"collection":[{"href":"https:\/\/is.cos.ufrj.br\/en\/wp-json\/wp\/v2\/pages"}],"about":[{"href":"https:\/\/is.cos.ufrj.br\/en\/wp-json\/wp\/v2\/types\/page"}],"author":[{"embeddable":true,"href":"https:\/\/is.cos.ufrj.br\/en\/wp-json\/wp\/v2\/users\/1"}],"replies":[{"embeddable":true,"href":"https:\/\/is.cos.ufrj.br\/en\/wp-json\/wp\/v2\/comments?post=4"}],"version-history":[{"count":86,"href":"https:\/\/is.cos.ufrj.br\/en\/wp-json\/wp\/v2\/pages\/4\/revisions"}],"predecessor-version":[{"id":3762,"href":"https:\/\/is.cos.ufrj.br\/en\/wp-json\/wp\/v2\/pages\/4\/revisions\/3762"}],"wp:attachment":[{"href":"https:\/\/is.cos.ufrj.br\/en\/wp-json\/wp\/v2\/media?parent=4"}],"curies":[{"name":"wp","href":"https:\/\/api.w.org\/{rel}","templated":true}]}}