{"id":396,"date":"2016-06-06T22:12:35","date_gmt":"2016-06-06T22:12:35","guid":{"rendered":"https:\/\/is.cos.ufrj.br\/?page_id=396"},"modified":"2018-07-16T19:18:55","modified_gmt":"2018-07-16T22:18:55","slug":"ph-feitosa","status":"publish","type":"page","link":"https:\/\/is.cos.ufrj.br\/en\/ph-feitosa\/","title":{"rendered":"Paulo Feitosa"},"content":{"rendered":"<p><a href=\"https:\/\/is.cos.ufrj.br\/wp-content\/uploads\/2016\/06\/Paulo_Feitosa_COS_COPPE_UFRJ.jpg\"><img decoding=\"async\" loading=\"lazy\" class=\"size-thumbnail wp-image-397 alignleft\" src=\"https:\/\/is.cos.ufrj.br\/wp-content\/uploads\/2016\/06\/Paulo_Feitosa_COS_COPPE_UFRJ-150x150.jpg\" alt=\"\" width=\"150\" height=\"150\" srcset=\"https:\/\/is.cos.ufrj.br\/wp-content\/uploads\/2016\/06\/Paulo_Feitosa_COS_COPPE_UFRJ-150x150.jpg 150w, https:\/\/is.cos.ufrj.br\/wp-content\/uploads\/2016\/06\/Paulo_Feitosa_COS_COPPE_UFRJ-350x350.jpg 350w, https:\/\/is.cos.ufrj.br\/wp-content\/uploads\/2016\/06\/Paulo_Feitosa_COS_COPPE_UFRJ-266x266.jpg 266w, https:\/\/is.cos.ufrj.br\/wp-content\/uploads\/2016\/06\/Paulo_Feitosa_COS_COPPE_UFRJ-960x960.jpg 960w\" sizes=\"(max-width: 150px) 100vw, 150px\" \/><\/a>In search of a dialogue between graduations on Electrical Engineering, Theology and Systems Analysis and expressing a discomfort for the lack of connection in this seemingly shattered world, I started a journey in search of terrain for dialogue between in the many dimensions of this academic and professional journey. Bothered me mostly the idealized duality between social and political in one side, and technical and scientifical in the other, being understood these last two almost always as purified from the mundane circumstances of the first. The opening of the terrain in the research area of Informatics and Society from PESC\/COPPE\/UFRJ allowed some instigating connections since the construction of my M. Sc. dissertation, that allowed me to search for and understand how inseparable political decisions are from the techniques, and that even data, the more naturalized elements of a system of information, are not godsend blessings, they are also constructions. Now, in my doctorate, I return my activities of research dedicating myself to the digitalization of electrical distribution systems in what has been called of smart grids.<\/p>\n<p><strong>Email:\u00a0<\/strong><span style=\"color: #ff6600;\"><a style=\"color: #ff6600;\" href=\"mailto:phfeitosa@gmail.com\">phfeitosa@gmail.com<\/a><\/span><\/p>\n<p><strong>Resume:\u00a0<\/strong><span style=\"color: #ff6600;\"><a style=\"color: #ff6600;\" href=\"http:\/\/lattes.cnpq.br\/1703264085046729\">http:\/\/lattes.cnpq.br\/1703264085046729<\/a><\/span><\/p>","protected":false},"excerpt":{"rendered":"<p>Procurando fazer conversar forma\u00e7\u00f5es como a engenharia el\u00e9trica, a teologia e a an\u00e1lise de sistemas, e dando vaz\u00e3o a um inc\u00f4modo por conex\u00f5es nesse mundo aparentemente partido, iniciei uma jornada em busca de um terreno de di\u00e1logo entre essas dimens\u00f5es da minha caminhada acad\u00eamico profissional. Incomodava-me, sobretudo, os dualismos idealizados entre o pol\u00edtico e o <a href=\"https:\/\/is.cos.ufrj.br\/en\/ph-feitosa\/\" class=\"more-link\">...continue reading<span class=\"screen-reader-text\"> \"Paulo Feitosa\"<\/span><\/a><\/p>","protected":false},"author":1,"featured_media":0,"parent":0,"menu_order":0,"comment_status":"closed","ping_status":"closed","template":"","meta":[],"_links":{"self":[{"href":"https:\/\/is.cos.ufrj.br\/en\/wp-json\/wp\/v2\/pages\/396"}],"collection":[{"href":"https:\/\/is.cos.ufrj.br\/en\/wp-json\/wp\/v2\/pages"}],"about":[{"href":"https:\/\/is.cos.ufrj.br\/en\/wp-json\/wp\/v2\/types\/page"}],"author":[{"embeddable":true,"href":"https:\/\/is.cos.ufrj.br\/en\/wp-json\/wp\/v2\/users\/1"}],"replies":[{"embeddable":true,"href":"https:\/\/is.cos.ufrj.br\/en\/wp-json\/wp\/v2\/comments?post=396"}],"version-history":[{"count":8,"href":"https:\/\/is.cos.ufrj.br\/en\/wp-json\/wp\/v2\/pages\/396\/revisions"}],"predecessor-version":[{"id":1433,"href":"https:\/\/is.cos.ufrj.br\/en\/wp-json\/wp\/v2\/pages\/396\/revisions\/1433"}],"wp:attachment":[{"href":"https:\/\/is.cos.ufrj.br\/en\/wp-json\/wp\/v2\/media?parent=396"}],"curies":[{"name":"wp","href":"https:\/\/api.w.org\/{rel}","templated":true}]}}