{"id":34,"date":"2015-03-03T22:47:31","date_gmt":"2015-03-03T22:47:31","guid":{"rendered":"https:\/\/is.cos.ufrj.br\/?page_id=34"},"modified":"2018-05-02T16:41:55","modified_gmt":"2018-05-02T19:41:55","slug":"selecao","status":"publish","type":"page","link":"https:\/\/is.cos.ufrj.br\/en\/selecao\/","title":{"rendered":"Admission"},"content":{"rendered":"<h2>Graduate Programs (master's and doctoral degrees)<\/h2>\n<p>The research area in <em>Informatics and Society<\/em> at PESC\/COPPE\/UFRJ offers graduate programs <em>(master's and doctoral degrees)<\/em> for students in partial or full attendance.<\/p>\n<p>Students admitted to graduate studies at COPPE are typically awarded the degree within a period of 2 years (in the case of master's programs), and 4 years (in the case of doctoral programs). The academic year at COPPE is organized in quarterly cycles, according to the academic calendar which rules all of its programs.<\/p>\n<p>All details on the admission process to PESC\/COPPE\/UFRJ, such as position offers, call for applications, calendar, requirements, exams, etc., are available on <a style=\"color: #ff6600;\" href=\"http:\/\/www.cos.ufrj.br\/selecao\/\" target=\"_blank\" rel=\"noopener\">Admission Process to PESC's Graduate Programs<\/a>.<\/p>\n<h2>High school and undergraduate students (research training and outreach programs)<\/h2>\n<p>In addition to graduate studies, the research area has connections with the secondary and undergraduate levels, hosting students who develop teaching-research-outreach programs.<\/p>\n<p>The admission of students pursuing to develop these studies in the research area is available at any time, to voluntary positions. Any student interested in applying should <a style=\"color: #ff6600;\" href=\"https:\/\/is.cos.ufrj.br\/en\/contato\/\">contact us<\/a> to verify the availability of positions and demand for new researchers.<\/p>\n<p>There may be scholarships available to students already volunteering or applying for new positions. These scholarships are available under institutional programs such as the PIBIC, PIBIC-EM, PROFAEX, among others.<\/p>","protected":false},"excerpt":{"rendered":"<p>P\u00f3s-gradua\u00e7\u00e3o (mestrado e doutorado) A linha de pesquisa em Inform\u00e1tica e Sociedade do PESC\/COPPE\/UFRJ recebe estudantes para a p\u00f3s-gradua\u00e7\u00e3o stricto sensu nos cursos de mestrado e doutorado, nas modalidades integral e parcial. O curso de mestrado tem dura\u00e7\u00e3o t\u00edpica de 2 (dois) anos e o de doutorado, de 4 (quatro) anos, organizados em ciclos trimestrais, <a href=\"https:\/\/is.cos.ufrj.br\/en\/selecao\/\" class=\"more-link\">...continue reading<span class=\"screen-reader-text\"> \"Sele\u00e7\u00e3o\"<\/span><\/a><\/p>","protected":false},"author":1,"featured_media":0,"parent":0,"menu_order":0,"comment_status":"closed","ping_status":"closed","template":"","meta":[],"_links":{"self":[{"href":"https:\/\/is.cos.ufrj.br\/en\/wp-json\/wp\/v2\/pages\/34"}],"collection":[{"href":"https:\/\/is.cos.ufrj.br\/en\/wp-json\/wp\/v2\/pages"}],"about":[{"href":"https:\/\/is.cos.ufrj.br\/en\/wp-json\/wp\/v2\/types\/page"}],"author":[{"embeddable":true,"href":"https:\/\/is.cos.ufrj.br\/en\/wp-json\/wp\/v2\/users\/1"}],"replies":[{"embeddable":true,"href":"https:\/\/is.cos.ufrj.br\/en\/wp-json\/wp\/v2\/comments?post=34"}],"version-history":[{"count":10,"href":"https:\/\/is.cos.ufrj.br\/en\/wp-json\/wp\/v2\/pages\/34\/revisions"}],"predecessor-version":[{"id":1200,"href":"https:\/\/is.cos.ufrj.br\/en\/wp-json\/wp\/v2\/pages\/34\/revisions\/1200"}],"wp:attachment":[{"href":"https:\/\/is.cos.ufrj.br\/en\/wp-json\/wp\/v2\/media?parent=34"}],"curies":[{"name":"wp","href":"https:\/\/api.w.org\/{rel}","templated":true}]}}