{"id":3262,"date":"2025-05-08T16:31:48","date_gmt":"2025-05-08T19:31:48","guid":{"rendered":"https:\/\/is.cos.ufrj.br\/?page_id=3262"},"modified":"2025-05-08T16:33:03","modified_gmt":"2025-05-08T19:33:03","slug":"yan-hill","status":"publish","type":"page","link":"https:\/\/is.cos.ufrj.br\/en\/yan-hill\/","title":{"rendered":"Yan Hill"},"content":{"rendered":"<div class=\"wp-block-image\">\n<figure class=\"alignleft size-full is-resized\"><a href=\"https:\/\/is.cos.ufrj.br\/wp-content\/uploads\/2020\/05\/1734543817067.jpeg\"><img decoding=\"async\" loading=\"lazy\" src=\"https:\/\/is.cos.ufrj.br\/wp-content\/uploads\/2020\/05\/1734543817067.jpeg\" alt=\"\" class=\"wp-image-3233\" width=\"287\" height=\"287\" srcset=\"https:\/\/is.cos.ufrj.br\/wp-content\/uploads\/2020\/05\/1734543817067.jpeg 200w, https:\/\/is.cos.ufrj.br\/wp-content\/uploads\/2020\/05\/1734543817067-150x150.jpeg 150w, https:\/\/is.cos.ufrj.br\/wp-content\/uploads\/2020\/05\/1734543817067-12x12.jpeg 12w\" sizes=\"(max-width: 287px) 100vw, 287px\" \/><\/a><\/figure><\/div>\n\n\n<p>Possui gradua\u00e7\u00e3o em Desenho Industrial (2022) pela Universidade do Estado do Rio de Janeiro (Uerj\/Esdi - Escola Superior de Desenho Industrial) e diploma t\u00e9cnico em inform\u00e1tica pelo Col\u00e9gio Pedro II (2014). Atua na interse\u00e7\u00e3o entre design, desenvolvimento e ci\u00eancia de dados. Com experi\u00eancia em startups (Rio Petr\u00f3leo), departamentos de pesquisa universit\u00e1ria (Funda\u00e7\u00e3o Get\u00falio Vargas), setor p\u00fablico (Prefeitura do Rio de Janeiro e Minist\u00e9rio P\u00fablico do Trabalho do Rio de Janeiro) e multinacionais do segmento de tecnologia (IBM). Atuando especialmente de forma h\u00edbrida em um escopo profissional que pode ser entitulado como \"Data Design\" ou Design de Produto para Data Analytics. Concluiu cursos em Machine Learning pela IBM e de Deep Learning pela PUC-RJ e tem experi\u00eancias comprovada aplicando princ\u00edpios de design e HCI (Human-Computer Interaction) em desenvolvimento de sistemas que utilizam essas tecnologias, al\u00e9m de Intelig\u00eancia Artificial Generativa e tecnologia Cloud.<\/p>\n\n\n\n<p><\/p>\n\n\n\n<p><\/p>\n\n\n\n<p><\/p>\n\n\n\n<p><strong>Email:<\/strong> <a href=\"mailto:yanhill@cos.ufrj.br\"><mark style=\"background-color:rgba(0, 0, 0, 0)\" class=\"has-inline-color has-luminous-vivid-orange-color\">yanhill@cos.ufrj.br<\/mark><\/a><\/p>\n\n\n\n<p><strong>Curr\u00edculo Lattes:<\/strong><mark style=\"background-color:rgba(0, 0, 0, 0)\" class=\"has-inline-color has-luminous-vivid-orange-color\"> <\/mark><a href=\"http:\/\/lattes.cnpq.br\/8379310076165453\"><mark style=\"background-color:rgba(0, 0, 0, 0)\" class=\"has-inline-color has-luminous-vivid-orange-color\">http:\/\/lattes.cnpq.br\/8379310076165453<\/mark><\/a><\/p>","protected":false},"excerpt":{"rendered":"<p>Possui gradua\u00e7\u00e3o em Desenho Industrial (2022) pela Universidade do Estado do Rio de Janeiro (Uerj\/Esdi - Escola Superior de Desenho Industrial) e diploma t\u00e9cnico em inform\u00e1tica pelo Col\u00e9gio Pedro II (2014). Atua na interse\u00e7\u00e3o entre design, desenvolvimento e ci\u00eancia de dados. Com experi\u00eancia em startups (Rio Petr\u00f3leo), departamentos de pesquisa universit\u00e1ria (Funda\u00e7\u00e3o Get\u00falio Vargas), setor <a href=\"https:\/\/is.cos.ufrj.br\/en\/yan-hill\/\" class=\"more-link\">...continue reading<span class=\"screen-reader-text\"> \"Yan Hill\"<\/span><\/a><\/p>","protected":false},"author":1,"featured_media":0,"parent":0,"menu_order":0,"comment_status":"closed","ping_status":"closed","template":"","meta":[],"_links":{"self":[{"href":"https:\/\/is.cos.ufrj.br\/en\/wp-json\/wp\/v2\/pages\/3262"}],"collection":[{"href":"https:\/\/is.cos.ufrj.br\/en\/wp-json\/wp\/v2\/pages"}],"about":[{"href":"https:\/\/is.cos.ufrj.br\/en\/wp-json\/wp\/v2\/types\/page"}],"author":[{"embeddable":true,"href":"https:\/\/is.cos.ufrj.br\/en\/wp-json\/wp\/v2\/users\/1"}],"replies":[{"embeddable":true,"href":"https:\/\/is.cos.ufrj.br\/en\/wp-json\/wp\/v2\/comments?post=3262"}],"version-history":[{"count":4,"href":"https:\/\/is.cos.ufrj.br\/en\/wp-json\/wp\/v2\/pages\/3262\/revisions"}],"predecessor-version":[{"id":3267,"href":"https:\/\/is.cos.ufrj.br\/en\/wp-json\/wp\/v2\/pages\/3262\/revisions\/3267"}],"wp:attachment":[{"href":"https:\/\/is.cos.ufrj.br\/en\/wp-json\/wp\/v2\/media?parent=3262"}],"curies":[{"name":"wp","href":"https:\/\/api.w.org\/{rel}","templated":true}]}}