{"id":3125,"date":"2024-10-08T18:11:57","date_gmt":"2024-10-08T21:11:57","guid":{"rendered":"https:\/\/is.cos.ufrj.br\/?page_id=3125"},"modified":"2025-11-10T13:15:59","modified_gmt":"2025-11-10T16:15:59","slug":"jonas-melo","status":"publish","type":"page","link":"https:\/\/is.cos.ufrj.br\/en\/jonas-melo\/","title":{"rendered":"Jonas Melo"},"content":{"rendered":"<div class=\"wp-block-image\"><img decoding=\"async\" loading=\"lazy\" class=\"wpa-warning wpa-image-missing-alt  wp-image-3115 alignleft\" src=\"https:\/\/is.cos.ufrj.br\/wp-content\/uploads\/2024\/10\/jonas_foto.jpg\" alt=\"\" width=\"214\" height=\"214\" data-warning=\"Missing alt text\" srcset=\"https:\/\/is.cos.ufrj.br\/wp-content\/uploads\/2024\/10\/jonas_foto.jpg 750w, https:\/\/is.cos.ufrj.br\/wp-content\/uploads\/2024\/10\/jonas_foto-300x300.jpg 300w, https:\/\/is.cos.ufrj.br\/wp-content\/uploads\/2024\/10\/jonas_foto-150x150.jpg 150w, https:\/\/is.cos.ufrj.br\/wp-content\/uploads\/2024\/10\/jonas_foto-12x12.jpg 12w\" sizes=\"(max-width: 214px) 100vw, 214px\" \/>Formei-me em Pedagogia pela Universidade Federal da Grande Dourados (UFGD) em 2022 e, no mesmo ano, iniciei a gradua\u00e7\u00e3o em Engenharia Eletr\u00f4nica e de Computa\u00e7\u00e3o na Universidade Federal do Rio de Janeiro (UFRJ). Durante a gradua\u00e7\u00e3o, realizei pesquisas na \u00e1rea de Filosofia da Educa\u00e7\u00e3o, estudando em especial o trabalho de Paulo Freire, Michel Foucault e Gilles Deleuze. Atuei no movimento estudantil por tr\u00eas anos, fundando o Centro Acad\u00eamico de Pedagogia, exercendo a fun\u00e7\u00e3o de diretor no Diret\u00f3rio Central dos Estudantes (DCE) da UFGD, e atuando como representante discente nos Conselhos Superiores da UFGD. Nos \u00faltimos anos, estive envolvido em projetos de extens\u00e3o, trabalhando no acolhimento de refugiados venezuelanos no munic\u00edpio de Dourados, MS, e no Laborat\u00f3rio de Inform\u00e1tica para Educa\u00e7\u00e3o (LIpE\/UFRJ), contribuindo para o projeto Espa\u00e7o Ubuntu. Atualmente, sou estagi\u00e1rio no Instituto de Tecnologia e Sociedade do Rio (ITS Rio), estou cursando especializa\u00e7\u00e3o em Educa\u00e7\u00e3o e Novas Tecnologias no IFRJ Campus Niter\u00f3i e sou mestrando no Programa de Engenharia de Sistemas e Computa\u00e7\u00e3o da COPPE\/UFRJ.<\/div>\n<div><\/div>\n<div><strong>Email:\u00a0<\/strong><span style=\"color: #ff6600;\"><a style=\"color: #ff6600;\" href=\"mailto:jonasmelo@ufrj.br\">jonasmelo@ufrj.br<\/a><\/span><\/div>\n<div><\/div>\n<div><strong>Resume:\u00a0<\/strong><a href=\"http:\/\/lattes.cnpq.br\/3227191989368215\"><span style=\"color: #ff6600;\">http:\/\/lattes.cnpq.br\/3227191989368215<\/span><\/a><\/div>","protected":false},"excerpt":{"rendered":"<p>Formei-me em Pedagogia pela Universidade Federal da Grande Dourados (UFGD) em 2022 e, no mesmo ano, iniciei a gradua\u00e7\u00e3o em Engenharia Eletr\u00f4nica e de Computa\u00e7\u00e3o na Universidade Federal do Rio de Janeiro (UFRJ). Durante a gradua\u00e7\u00e3o, realizei pesquisas na \u00e1rea de Filosofia da Educa\u00e7\u00e3o, estudando em especial o trabalho de Paulo Freire, Michel Foucault e <a href=\"https:\/\/is.cos.ufrj.br\/en\/jonas-melo\/\" class=\"more-link\">...continue reading<span class=\"screen-reader-text\"> \"Jonas Melo\"<\/span><\/a><\/p>","protected":false},"author":1,"featured_media":0,"parent":0,"menu_order":0,"comment_status":"closed","ping_status":"closed","template":"","meta":[],"_links":{"self":[{"href":"https:\/\/is.cos.ufrj.br\/en\/wp-json\/wp\/v2\/pages\/3125"}],"collection":[{"href":"https:\/\/is.cos.ufrj.br\/en\/wp-json\/wp\/v2\/pages"}],"about":[{"href":"https:\/\/is.cos.ufrj.br\/en\/wp-json\/wp\/v2\/types\/page"}],"author":[{"embeddable":true,"href":"https:\/\/is.cos.ufrj.br\/en\/wp-json\/wp\/v2\/users\/1"}],"replies":[{"embeddable":true,"href":"https:\/\/is.cos.ufrj.br\/en\/wp-json\/wp\/v2\/comments?post=3125"}],"version-history":[{"count":8,"href":"https:\/\/is.cos.ufrj.br\/en\/wp-json\/wp\/v2\/pages\/3125\/revisions"}],"predecessor-version":[{"id":3672,"href":"https:\/\/is.cos.ufrj.br\/en\/wp-json\/wp\/v2\/pages\/3125\/revisions\/3672"}],"wp:attachment":[{"href":"https:\/\/is.cos.ufrj.br\/en\/wp-json\/wp\/v2\/media?parent=3125"}],"curies":[{"name":"wp","href":"https:\/\/api.w.org\/{rel}","templated":true}]}}