{"id":284,"date":"2016-03-17T17:22:00","date_gmt":"2016-03-17T17:22:00","guid":{"rendered":"https:\/\/is.cos.ufrj.br\/?page_id=284"},"modified":"2018-05-02T16:23:42","modified_gmt":"2018-05-02T19:23:42","slug":"historia","status":"publish","type":"page","link":"https:\/\/is.cos.ufrj.br\/en\/historia\/","title":{"rendered":"History"},"content":{"rendered":"<p>The research area in Informatics and Society, the only one of its kind in the country linked to a graduate program in the field of computing, has been producing, since the mid-1980s, relevant knowledge for reflection on the design, development and the adoption of ICTs in different contexts, as well as on the meanings attributed to them.<\/p>\n<p>Recently, as a result of the development of the research developed, the work on the teaching-research-outreach triad has been expanding and strengthening through the Informatics and Society Laboratory <a style=\"color: #ff6600;\" href=\"https:\/\/is.cos.ufrj.br\/en\/labis\/\">(LabIS)<\/a>.<\/p>\n<p>The dissertations and theses developed since the 1980s can be partially appreciated on the portal of the <a style=\"color: #ff6600;\" href=\"http:\/\/www.cos.ufrj.br\/index.php\/pt-BR\/publicacoes-pesquisa\">PESC portal<\/a><a style=\"color: #ff6600;\" href=\"http:\/\/www.cos.ufrj.br\/index.php\/pt-BR\/publicacoes-pesquisa\">, by selecting the 'Advanced Search' option and the 'Research Area' filter equal to 'Inform\u00e1tica e Sociedade'.<\/a><\/p>\n<p style=\"text-align: left;\">The most recent production of the research area, including not only theses and dissertations, but also books, book chapters, journal articles and presentations at events, is available in the section <a style=\"color: #ff6600;\" href=\"https:\/\/is.cos.ufrj.br\/en\/publicacoes\/\">publications.<\/a><\/p>","protected":false},"excerpt":{"rendered":"<p>A linha de pesquisa em Inform\u00e1tica e Sociedade, \u00fanica do g\u00eanero no pa\u00eds vinculada a um programa de p\u00f3s-gradua\u00e7\u00e3o e pesquisa da \u00e1rea de computa\u00e7\u00e3o, vem produzindo, desde meados dos anos 1980, conhecimentos relevantes para a reflex\u00e3o sobre\u00a0 a concep\u00e7\u00e3o, o desenvolvimento e a ado\u00e7\u00e3o das TICs em contextos diversos, bem como sobre os significados <a href=\"https:\/\/is.cos.ufrj.br\/en\/historia\/\" class=\"more-link\">...continue reading<span class=\"screen-reader-text\"> \"Hist\u00f3ria\"<\/span><\/a><\/p>","protected":false},"author":1,"featured_media":0,"parent":0,"menu_order":0,"comment_status":"closed","ping_status":"closed","template":"","meta":[],"_links":{"self":[{"href":"https:\/\/is.cos.ufrj.br\/en\/wp-json\/wp\/v2\/pages\/284"}],"collection":[{"href":"https:\/\/is.cos.ufrj.br\/en\/wp-json\/wp\/v2\/pages"}],"about":[{"href":"https:\/\/is.cos.ufrj.br\/en\/wp-json\/wp\/v2\/types\/page"}],"author":[{"embeddable":true,"href":"https:\/\/is.cos.ufrj.br\/en\/wp-json\/wp\/v2\/users\/1"}],"replies":[{"embeddable":true,"href":"https:\/\/is.cos.ufrj.br\/en\/wp-json\/wp\/v2\/comments?post=284"}],"version-history":[{"count":9,"href":"https:\/\/is.cos.ufrj.br\/en\/wp-json\/wp\/v2\/pages\/284\/revisions"}],"predecessor-version":[{"id":1189,"href":"https:\/\/is.cos.ufrj.br\/en\/wp-json\/wp\/v2\/pages\/284\/revisions\/1189"}],"wp:attachment":[{"href":"https:\/\/is.cos.ufrj.br\/en\/wp-json\/wp\/v2\/media?parent=284"}],"curies":[{"name":"wp","href":"https:\/\/api.w.org\/{rel}","templated":true}]}}