{"id":257,"date":"2016-03-17T16:26:34","date_gmt":"2016-03-17T16:26:34","guid":{"rendered":"https:\/\/is.cos.ufrj.br\/?page_id=257"},"modified":"2020-06-10T16:28:43","modified_gmt":"2020-06-10T19:28:43","slug":"projetos","status":"publish","type":"page","link":"https:\/\/is.cos.ufrj.br\/en\/projetos\/","title":{"rendered":"Projects"},"content":{"rendered":"<p>Teaching-research-outreach projects are mainly related to secondary, undergraduate, master's and doctoral level projects, with emphasis on Brazilian and Latin American cases, developed:<\/p>\n<ol>\n<li>In the research area in Informatics and Society at PESC\/COPPE\/UFRJ;<\/li>\n<li>In the \"Computer and Society\" course, part of the curriculum of the undergraduate program in\nComputer Science and Information Engineering at UFRJ's Polytechnic School;<\/li>\n<li>In the research area in \"Science, Technology, and Society\" at the <a style=\"color: #ff6600;\" href=\"http:\/\/www.hcte.ufrj.br\/\">UFRJ's Graduate Program in History of the Sciences and Techniques, and Epistemology (HCTE)<\/a>, under advising of professors Henrique Cukierman and Ivan da Costa Marques;<\/li>\n<li>In the Informatics and Society Laboratory<span style=\"color: #ff6600;\"><a style=\"color: #ff6600;\" href=\"https:\/\/is.cos.ufrj.br\/en\/labis\/\">(LabIS)<\/a><\/span>at PESC\/COPPE\/UFRJ.<\/li>\n<\/ol>\n<p>For more information on the teaching-research-outreach projects, see the profiles of professors and students at the page <a style=\"color: #ff6600;\" href=\"https:\/\/is.cos.ufrj.br\/en\/quem-somos\/\">People<\/a> and the <span style=\"color: #ff6600;\"><a style=\"color: #ff6600;\" href=\"https:\/\/labis.cos.ufrj.br\/\" target=\"_blank\" rel=\"noopener noreferrer\">LabIS blog<\/a><\/span>.<\/p>","protected":false},"excerpt":{"rendered":"<p>Os projetos de ensino-pesquisa-extens\u00e3o est\u00e3o sobretudo relacionados aos trabalhos em n\u00edvel de ensino m\u00e9dio, gradua\u00e7\u00e3o, mestrado e doutorado, com \u00eanfase em casos brasileiros e latino-americanos, desenvolvidos: Na linha de pesquisa em Inform\u00e1tica e Sociedade\u00a0 do PESC\/COPPE\/UFRJ; Na disciplina \u201cComputador e Sociedade\u201d do curso em Engenharia de Computa\u00e7\u00e3o e Informa\u00e7\u00e3o da Escola Polit\u00e9cnica\/UFRJ; Na linha de <a href=\"https:\/\/is.cos.ufrj.br\/en\/projetos\/\" class=\"more-link\">...continue reading<span class=\"screen-reader-text\"> \"Projetos\"<\/span><\/a><\/p>","protected":false},"author":1,"featured_media":0,"parent":0,"menu_order":0,"comment_status":"closed","ping_status":"closed","template":"","meta":[],"_links":{"self":[{"href":"https:\/\/is.cos.ufrj.br\/en\/wp-json\/wp\/v2\/pages\/257"}],"collection":[{"href":"https:\/\/is.cos.ufrj.br\/en\/wp-json\/wp\/v2\/pages"}],"about":[{"href":"https:\/\/is.cos.ufrj.br\/en\/wp-json\/wp\/v2\/types\/page"}],"author":[{"embeddable":true,"href":"https:\/\/is.cos.ufrj.br\/en\/wp-json\/wp\/v2\/users\/1"}],"replies":[{"embeddable":true,"href":"https:\/\/is.cos.ufrj.br\/en\/wp-json\/wp\/v2\/comments?post=257"}],"version-history":[{"count":21,"href":"https:\/\/is.cos.ufrj.br\/en\/wp-json\/wp\/v2\/pages\/257\/revisions"}],"predecessor-version":[{"id":2043,"href":"https:\/\/is.cos.ufrj.br\/en\/wp-json\/wp\/v2\/pages\/257\/revisions\/2043"}],"wp:attachment":[{"href":"https:\/\/is.cos.ufrj.br\/en\/wp-json\/wp\/v2\/media?parent=257"}],"curies":[{"name":"wp","href":"https:\/\/api.w.org\/{rel}","templated":true}]}}