{"id":2318,"date":"2024-05-21T17:56:10","date_gmt":"2024-05-21T20:56:10","guid":{"rendered":"https:\/\/is.cos.ufrj.br\/?page_id=2318"},"modified":"2024-10-15T18:55:40","modified_gmt":"2024-10-15T21:55:40","slug":"projetos-de-computadores-e-sociedade","status":"publish","type":"page","link":"https:\/\/is.cos.ufrj.br\/en\/projetos-de-computadores-e-sociedade\/","title":{"rendered":"Projetos de Computadores e Sociedade"},"content":{"rendered":"<h3 class=\"wp-block-heading alignwide\">2022.2<\/h3>\n\n\n\n<p>No semestre de 2022.2, como projeto final da disciplina de Computadores e Sociedade, os alunos de Engenharia de Computa\u00e7\u00e3o e Informa\u00e7\u00e3o criaram MVPs (min\u00edmo produto vi\u00e1vel) com o objetivo de auxiliar o movimento de  Moedas Sociais e Bancos Comunit\u00e1rios. <\/p>\n\n\n\n<ul>\n<li>DA SILVA, Gabriel Rodrigues; GOMES, Abra\u00e3o Carvalho; SEP\u00daLVIDA, Jo\u00e3o Pedro Viana Curvelo.&nbsp;<strong>Desenvolvimento de um aplicativo simples para o desenvolvimento de pesquisas de satisfa\u00e7\u00e3o e mercado nas ag\u00eancias do Banco Mumbuca&nbsp;<\/strong>[<a href=\"https:\/\/drive.google.com\/file\/d\/1oC0ZiW72IRKbrGwalxTuccJgqOr60igH\/view?usp=sharing\">Apresenta\u00e7\u00e3o<\/a>] [<a href=\"https:\/\/docs.google.com\/document\/d\/1Qrm-cxJL3cImknr4COSsbtjtlJwK_WW-\/edit?usp=drive_link&amp;ouid=101453936981211113757&amp;rtpof=true&amp;sd=true\">Relat\u00f3rio<\/a>] [<a href=\"https:\/\/github.com\/AbraaoCG\/Projeto_App_Mumbuca_1\">Produto<\/a>]<\/li>\n\n\n\n<li>EDUARDO, Pedro; GUILHERME, Luiz; MIGUEL, Luiz.&nbsp;<strong>Aprimora\u00e7\u00e3o da planilha simuladora de sustentabilidade de Banco Comunit\u00e1rio com base na circula\u00e7\u00e3o da moeda social<\/strong>&nbsp;[<a href=\"https:\/\/drive.google.com\/file\/d\/1haQH_nw2GMZPLJhDN48SXq2dqM--ukxT\/view?usp=sharing\">Apresenta\u00e7\u00e3o<\/a>] [<a href=\"https:\/\/drive.google.com\/file\/d\/1cszc1SfokM8vO_pdg5lHF6EjteUZRXO_\/view?usp=sharing\">Relat\u00f3rio<\/a>] [<a href=\"https:\/\/docs.google.com\/spreadsheets\/d\/16nsGHHgYZzv2WQrp5zXHePeACBDmZpPk\/edit?usp=sharing&amp;ouid=101453936981211113757&amp;rtpof=true&amp;sd=true\">Simula\u00e7\u00e3o]<\/a><\/li>\n\n\n\n<li>EM\u00cdLIO, Daniel; VARELA, Guilherme; SANTOS, Ezequiel.&nbsp;<strong>Desenvolvimento de um aplicativo simples para servir como um pr\u00e9-atendimento do Banco Mumbuca<\/strong>&nbsp;[<a href=\"https:\/\/drive.google.com\/file\/d\/1V2FvnrkKKMDJwg65FMJIyIrkMpTp4yQC\/view?usp=sharing\">Apresenta\u00e7\u00e3o<\/a>] [<a href=\"https:\/\/drive.google.com\/file\/d\/1wH_6R2vF4jCpN697YOuk36QoriDM9rQO\/view?usp=sharing\">Relat\u00f3rio<\/a>] [<a href=\"https:\/\/github.com\/gui-varela\/mumbuca-api\">Back-End<\/a>][<a href=\"https:\/\/www.google.com\/url?q=https:\/\/github.com\/gui-varela\/mumbuca-web&amp;sa=D&amp;source=apps-viewer-frontend&amp;ust=1716410738445810&amp;usg=AOvVaw3H7DSRNK_csRKzpRaVBdJs&amp;hl=pt-BR\">Front-End<\/a>]<\/li>\n\n\n\n<li>FERREIRA, Daniel; GARCIA, Lucas; PONTE, Daniel. <strong>Produ\u00e7\u00e3o de mapa Web com localiza\u00e7\u00e3o de Bancos Comunit\u00e1rios<\/strong>&nbsp;[<a href=\"https:\/\/drive.google.com\/file\/d\/1LOwD3V8stRNb3Kv37xV2lVl_91DfhJdR\/view?usp=drive_link\">Apresenta\u00e7\u00e3o<\/a>] [<a href=\"https:\/\/drive.google.com\/file\/d\/1RCcP5Zr-CHqO1uVA2AJkWWaj2n2NX193\/view?usp=drive_link\">Relat\u00f3rio<\/a>] [<a href=\"https:\/\/mapabancos.shinyapps.io\/BancosComunitarios\/\">Mapa<\/a>]<\/li>\n\n\n\n<li>GODINHO, Igor; MOREIRA, Christian; SALES, Jo\u00e3o Pedro. <strong>Realiza\u00e7\u00e3o de bateria de testes em prot\u00f3tipo do E+dinheiro (com blockchain), produzindo an\u00e1lise e relat\u00f3rio<\/strong>. [<a href=\"https:\/\/drive.google.com\/file\/d\/1tN7JroHJ_E_lSAgLoMVPn8cCRAWBJor6\/view?usp=sharing\" target=\"_blank\" rel=\"noreferrer noopener\">Apresenta\u00e7\u00e3oAbrir numa nova janela<\/a>] [<a href=\"https:\/\/docs.google.com\/document\/d\/1J0okSlka43mbRjxSQrT63nlfOLCXHFIzLG4HB66NJGc\/edit?usp=sharing\">Relat\u00f3rio<\/a>]<\/li>\n\n\n\n<li>INOC\u00caNCIO, Lucas da S.;PROEN\u00c7A, Peterson de O. D.; SOUZA, Gabriel da S..&nbsp;<strong>Desenvolvimento de plano de trabalho para Sistema de trocas de servi\u00e7os e produtos entre equipes do Banco do Prevent\u00f3rio, e implementar um prot\u00f3tipo para contabilizar as trocas<\/strong>&nbsp;[<a href=\"https:\/\/drive.google.com\/file\/d\/1O_nTNyjagiYLRm-cLp7YTRi5azzDJW63\/view?usp=drive_link\">Apresenta\u00e7\u00e3o<\/a>] [<a href=\"https:\/\/drive.google.com\/file\/d\/13Ahlte2GG3dqfbZuvIr7Ny1OzDOWxIQP\/view?usp=sharing\">Relat\u00f3rio<\/a>]<\/li>\n\n\n\n<li>MEDEIROS, Brian; DA SILVA, Gabriel; MEIRELLES, Mariana.&nbsp;<strong>Desenvolvimento MVP de aplicativo para microcr\u00e9dito do Banco Prevent\u00f3rio <\/strong>[<a href=\"https:\/\/drive.google.com\/file\/d\/1U59sA7XuwsuSOqjp1AolZqCJBjws3K71\/view?usp=drive_link\">Relat\u00f3rio<\/a>] [<a href=\"https:\/\/www.google.com\/url?q=https:\/\/github.com\/gbpinheirosilva\/appMicrocredito&amp;sa=D&amp;source=apps-viewer-frontend&amp;ust=1716411006907380&amp;usg=AOvVaw2ciq29-y-mOQzBbj6R9cH0&amp;hl=pt-BR\">Produto<\/a>]<\/li>\n<\/ul>\n\n\n\n<h1 class=\"wp-block-heading\">Projetos Estudos CTS<\/h1>\n\n\n\n<h2 class=\"wp-block-heading\"><em>Introdu\u00e7\u00e3o aos Estudos CTS <\/em>(2017.p3)<\/h2>\n\n\n\n<ul>\n<li><strong>Blog da Disciplina: <\/strong><a href=\"https:\/\/fatoseartefatos.wordpress.com\/\" data-type=\"URL\" data-id=\"https:\/\/fatoseartefatos.wordpress.com\/\" target=\"_blank\" rel=\"noreferrer noopener\">Link<\/a><\/li>\n<\/ul>\n\n\n\n<h2 class=\"wp-block-heading\"><em>Estudos CTS (Ci\u00eancias-Tecnologias-Sociedades): aproxima\u00e7\u00f5es brasileiras e latino-americanas<\/em> (2019.p2)<\/h2>\n\n\n\n<ul>\n<li><strong>Blog da Disciplina: <\/strong><a href=\"https:\/\/ctsbrasilblog.wordpress.com\/\" target=\"_blank\" rel=\"noreferrer noopener\">Link<\/a><\/li>\n<\/ul>","protected":false},"excerpt":{"rendered":"<p>2022.2 No semestre de 2022.2, como projeto final da disciplina de Computadores e Sociedade, os alunos de Engenharia de Computa\u00e7\u00e3o e Informa\u00e7\u00e3o criaram MVPs (min\u00edmo produto vi\u00e1vel) com o objetivo de auxiliar o movimento de Moedas Sociais e Bancos Comunit\u00e1rios. Projetos Estudos CTS Introdu\u00e7\u00e3o aos Estudos CTS (2017.p3) Estudos CTS (Ci\u00eancias-Tecnologias-Sociedades): aproxima\u00e7\u00f5es brasileiras e latino-americanas <a href=\"https:\/\/is.cos.ufrj.br\/en\/projetos-de-computadores-e-sociedade\/\" class=\"more-link\">...continue reading<span class=\"screen-reader-text\"> \"Projetos de Computadores e Sociedade\"<\/span><\/a><\/p>","protected":false},"author":1,"featured_media":0,"parent":0,"menu_order":0,"comment_status":"closed","ping_status":"closed","template":"","meta":[],"_links":{"self":[{"href":"https:\/\/is.cos.ufrj.br\/en\/wp-json\/wp\/v2\/pages\/2318"}],"collection":[{"href":"https:\/\/is.cos.ufrj.br\/en\/wp-json\/wp\/v2\/pages"}],"about":[{"href":"https:\/\/is.cos.ufrj.br\/en\/wp-json\/wp\/v2\/types\/page"}],"author":[{"embeddable":true,"href":"https:\/\/is.cos.ufrj.br\/en\/wp-json\/wp\/v2\/users\/1"}],"replies":[{"embeddable":true,"href":"https:\/\/is.cos.ufrj.br\/en\/wp-json\/wp\/v2\/comments?post=2318"}],"version-history":[{"count":7,"href":"https:\/\/is.cos.ufrj.br\/en\/wp-json\/wp\/v2\/pages\/2318\/revisions"}],"predecessor-version":[{"id":3157,"href":"https:\/\/is.cos.ufrj.br\/en\/wp-json\/wp\/v2\/pages\/2318\/revisions\/3157"}],"wp:attachment":[{"href":"https:\/\/is.cos.ufrj.br\/en\/wp-json\/wp\/v2\/media?parent=2318"}],"curies":[{"name":"wp","href":"https:\/\/api.w.org\/{rel}","templated":true}]}}