{"id":2298,"date":"2023-07-11T10:59:58","date_gmt":"2023-07-11T13:59:58","guid":{"rendered":"https:\/\/is.cos.ufrj.br\/?page_id=2298"},"modified":"2023-07-11T11:11:58","modified_gmt":"2023-07-11T14:11:58","slug":"giulia-tafuri","status":"publish","type":"page","link":"https:\/\/is.cos.ufrj.br\/en\/giulia-tafuri\/","title":{"rendered":"Giulia Tafuri"},"content":{"rendered":"<div class=\"wp-block-image\">\n<figure class=\"alignleft size-thumbnail\"><a href=\"https:\/\/is.cos.ufrj.br\/wp-content\/uploads\/2023\/07\/20230329_130144-scaled.jpg\"><img decoding=\"async\" loading=\"lazy\" width=\"150\" height=\"150\" src=\"https:\/\/is.cos.ufrj.br\/wp-content\/uploads\/2023\/07\/20230329_130144-150x150.jpg\" alt=\"\" class=\"wp-image-2285\"\/><\/a><\/figure><\/div>\n\n\n<p>Em 2022 ingressei na UFRJ como estudante de Engenharia de Controle e Automa\u00e7\u00e3o, curso no qual descobri minha paix\u00e3o pela programa\u00e7\u00e3o. Ao decorrer do meu primeiro ano de faculdade me encontrei completamente envolvida pelo mundo te\u00f3rico das exatas, e apesar de sempre ter adorado as mat\u00e9rias que estava estudando, comecei a me sentir isolada do \u201cmundo real\u201d e percebi que eu precisava aplicar meus conhecimentos em um projeto de cunho social, assim como havia feito durante grande parte do ensino m\u00e9dio. Foi na busca de suprir essa vontade que descobri o LabIS e me encantei com sua proposta de aproximar a sociedade com o mundo da tecnologia e inform\u00e1tica. Comecei minha jornada como bolsista do laborat\u00f3rio no meu terceiro semestre da faculdade, e tenho certeza que minha passagem por aqui ser\u00e1 longa e marcante.<\/p>\n\n\n\n<p><strong>Email:<\/strong> <a href=\"\/en\/giutafuri.20221@poli.ufrj.br\/\" data-type=\"URL\" data-id=\"giutafuri.20221@poli.ufrj.br\">giutafuri.20221@poli.ufrj.br<\/a><\/p>\n\n\n\n<p><strong>Resume:<\/strong> <a href=\"http:\/\/lattes.cnpq.br\/0711183949395716\" data-type=\"URL\" data-id=\"http:\/\/lattes.cnpq.br\/0711183949395716\">http:\/\/lattes.cnpq.br\/0711183949395716<\/a><\/p>","protected":false},"excerpt":{"rendered":"<p>Em 2022 ingressei na UFRJ como estudante de Engenharia de Controle e Automa\u00e7\u00e3o, curso no qual descobri minha paix\u00e3o pela programa\u00e7\u00e3o. Ao decorrer do meu primeiro ano de faculdade me encontrei completamente envolvida pelo mundo te\u00f3rico das exatas, e apesar de sempre ter adorado as mat\u00e9rias que estava estudando, comecei a me sentir isolada do <a href=\"https:\/\/is.cos.ufrj.br\/en\/giulia-tafuri\/\" class=\"more-link\">...continue reading<span class=\"screen-reader-text\"> \"Giulia Tafuri\"<\/span><\/a><\/p>","protected":false},"author":1,"featured_media":0,"parent":0,"menu_order":0,"comment_status":"closed","ping_status":"closed","template":"","meta":[],"_links":{"self":[{"href":"https:\/\/is.cos.ufrj.br\/en\/wp-json\/wp\/v2\/pages\/2298"}],"collection":[{"href":"https:\/\/is.cos.ufrj.br\/en\/wp-json\/wp\/v2\/pages"}],"about":[{"href":"https:\/\/is.cos.ufrj.br\/en\/wp-json\/wp\/v2\/types\/page"}],"author":[{"embeddable":true,"href":"https:\/\/is.cos.ufrj.br\/en\/wp-json\/wp\/v2\/users\/1"}],"replies":[{"embeddable":true,"href":"https:\/\/is.cos.ufrj.br\/en\/wp-json\/wp\/v2\/comments?post=2298"}],"version-history":[{"count":5,"href":"https:\/\/is.cos.ufrj.br\/en\/wp-json\/wp\/v2\/pages\/2298\/revisions"}],"predecessor-version":[{"id":2305,"href":"https:\/\/is.cos.ufrj.br\/en\/wp-json\/wp\/v2\/pages\/2298\/revisions\/2305"}],"wp:attachment":[{"href":"https:\/\/is.cos.ufrj.br\/en\/wp-json\/wp\/v2\/media?parent=2298"}],"curies":[{"name":"wp","href":"https:\/\/api.w.org\/{rel}","templated":true}]}}