{"id":2296,"date":"2023-07-11T10:15:37","date_gmt":"2023-07-11T13:15:37","guid":{"rendered":"https:\/\/is.cos.ufrj.br\/?page_id=2296"},"modified":"2023-07-11T11:04:40","modified_gmt":"2023-07-11T14:04:40","slug":"kevin-flauzino","status":"publish","type":"page","link":"https:\/\/is.cos.ufrj.br\/en\/kevin-flauzino\/","title":{"rendered":"Kevin Flauzino"},"content":{"rendered":"<div class=\"wp-block-image\">\n<figure class=\"alignleft size-thumbnail\"><a href=\"https:\/\/is.cos.ufrj.br\/wp-content\/uploads\/2023\/07\/WhatsApp-Image-2023-06-23-at-17.21.22.jpeg\"><img decoding=\"async\" loading=\"lazy\" width=\"150\" height=\"150\" src=\"https:\/\/is.cos.ufrj.br\/wp-content\/uploads\/2023\/07\/WhatsApp-Image-2023-06-23-at-17.21.22-150x150.jpeg\" alt=\"\" class=\"wp-image-2284\"\/><\/a><\/figure><\/div>\n\n\n<p>Ol\u00e1! Sou o Kevin Flauzino, estudante de Engenharia de Controle e Automa\u00e7\u00e3o na UFRJ. Tenho uma paix\u00e3o por explorar novos lugares, resolver problemas, programar e desfrutar de jogos. Tamb\u00e9m tenho habilidades em an\u00e1lise de dados e trabalho com planilhas, auxiliando em projetos no Banco do Prevent\u00f3rio. Estou sempre em busca de oportunidades para aplicar meu conhecimento e aprender coisas novas. \u00c9 um prazer conhec\u00ea-los!<\/p>\n\n\n\n<p><strong>Email:\u00a0<\/strong><a href=\"\/en\/kevin.flauzino@poli.ufrj.br\/\">kevin.flauzino@poli.ufrj.br<\/a><\/p>\n\n\n\n<p><strong>Resume:<\/strong> <a href=\"http:\/\/lattes.cnpq.br\/0534022456361056\" data-type=\"URL\" data-id=\"http:\/\/lattes.cnpq.br\/0534022456361056\">http:\/\/lattes.cnpq.br\/0534022456361056<\/a><\/p>","protected":false},"excerpt":{"rendered":"<p>Ol\u00e1! Sou o Kevin Flauzino, estudante de Engenharia de Controle e Automa\u00e7\u00e3o na UFRJ. Tenho uma paix\u00e3o por explorar novos lugares, resolver problemas, programar e desfrutar de jogos. Tamb\u00e9m tenho habilidades em an\u00e1lise de dados e trabalho com planilhas, auxiliando em projetos no Banco do Prevent\u00f3rio. Estou sempre em busca de oportunidades para aplicar meu <a href=\"https:\/\/is.cos.ufrj.br\/en\/kevin-flauzino\/\" class=\"more-link\">...continue reading<span class=\"screen-reader-text\"> \"Kevin Flauzino\"<\/span><\/a><\/p>","protected":false},"author":1,"featured_media":0,"parent":0,"menu_order":0,"comment_status":"closed","ping_status":"closed","template":"","meta":[],"_links":{"self":[{"href":"https:\/\/is.cos.ufrj.br\/en\/wp-json\/wp\/v2\/pages\/2296"}],"collection":[{"href":"https:\/\/is.cos.ufrj.br\/en\/wp-json\/wp\/v2\/pages"}],"about":[{"href":"https:\/\/is.cos.ufrj.br\/en\/wp-json\/wp\/v2\/types\/page"}],"author":[{"embeddable":true,"href":"https:\/\/is.cos.ufrj.br\/en\/wp-json\/wp\/v2\/users\/1"}],"replies":[{"embeddable":true,"href":"https:\/\/is.cos.ufrj.br\/en\/wp-json\/wp\/v2\/comments?post=2296"}],"version-history":[{"count":2,"href":"https:\/\/is.cos.ufrj.br\/en\/wp-json\/wp\/v2\/pages\/2296\/revisions"}],"predecessor-version":[{"id":2303,"href":"https:\/\/is.cos.ufrj.br\/en\/wp-json\/wp\/v2\/pages\/2296\/revisions\/2303"}],"wp:attachment":[{"href":"https:\/\/is.cos.ufrj.br\/en\/wp-json\/wp\/v2\/media?parent=2296"}],"curies":[{"name":"wp","href":"https:\/\/api.w.org\/{rel}","templated":true}]}}