{"id":2213,"date":"2023-06-01T13:58:55","date_gmt":"2023-06-01T16:58:55","guid":{"rendered":"https:\/\/is.cos.ufrj.br\/?page_id=2213"},"modified":"2025-11-11T09:40:41","modified_gmt":"2025-11-11T12:40:41","slug":"artigos-e-resumos-em-anais-de-congresso","status":"publish","type":"page","link":"https:\/\/is.cos.ufrj.br\/en\/artigos-e-resumos-em-anais-de-congresso\/","title":{"rendered":"Artigos e Resumos em Anais de Congresso"},"content":{"rendered":"<p><em>\u00daltima atualiza\u00e7\u00e3o: Setembro, 2025.<\/em><\/p>\n\n\n\n<p><\/p>\n\n\n\n<h3 class=\"wp-block-heading\">2025<\/h3>\n\n\n\n<ul>\n<li>ANDRADE, Henrique de. Anyone can edit, but what can be edited? Controversies in quality and openness in building Wikipedia. In Wiki Workshop 2025. [<a rel=\"noreferrer noopener\" href=\"https:\/\/wikiworkshop.org\/2025\/paper\/wikiworkshop_2025_paper_58.pdf\" data-type=\"URL\" data-id=\"https:\/\/wikiworkshop.org\/2025\/paper\/wikiworkshop_2025_paper_58.pdf\" target=\"_blank\">Access<\/a>]<\/li>\n<\/ul>\n\n\n\n<h3 class=\"wp-block-heading\">2024<\/h3>\n\n\n\n<ul>\n<li>SILVA DE LIMA, ALBERTO J. <strong>Olhares da imprensa alternativa sobre a reserva de mercado de minicomputadores no Brasil dos anos 1970<\/strong>. In: VIII Simposio de Historia de la Inform\u00e1tica en Am\u00e9rica Latina y Caribe, 2024, Bah\u00eda Blanca. Memorias de las 53 JAIIO -VI Simposio Argentino de Historia, Tecnolog\u00edas e Inform\u00e1tica y VIII Simposio de Historia de la Inform\u00e1tica en Am\u00e9rica Latina y Caribe. Buenos Aires: Sociedad Argentina de Inform\u00e1tica e Investigaci\u00f3n Operativa | Universidad Nacional de La Plata, 2024. v. 10. p. 13-16. [<a href=\"https:\/\/is.cos.ufrj.br\/wp-content\/uploads\/2025\/11\/SAHTI-SHIALC-04.pdf\" data-type=\"URL\" data-id=\"https:\/\/is.cos.ufrj.br\/wp-content\/uploads\/2025\/11\/SAHTI-SHIALC-04.pdf\" target=\"_blank\" rel=\"noreferrer noopener\">Access<\/a>]<\/li>\n<\/ul>\n\n\n\n<h3 class=\"wp-block-heading\">2022<\/h3>\n\n\n\n<ul>\n<li>CUKIERMAN, Henrique.<strong> WOSES (WORKSHOP UM OLHAR SOCIOT\u00c9CNICO SOBRE A ENGENHARIA DE SOFTWARE) 2005-2012: CONTANDO SUA HIST\u00d3RIA<\/strong>. In: IX SIMP\u00d3SIO NACIONAL DE CI\u00caNCIA, TECNOLOGIA E SOCIEDADE, 2022, S\u00e3o Carlos. ANAIS DO IX SIMP\u00d3SIO NACIONAL DE CI\u00caNCIA, TECNOLOGIA E SOCIEDADE. S\u00e3o Carlos: UFSCar, 2022. v. 1. p. 152-152.<\/li>\n\n\n\n<li>DE LIMA, ALBERTO JORGE SILVA ;\u00a0CUKIERMAN, HENRIQUE. <strong>\"Maravilhoso instrumento!\"<\/strong>: no rastro das promessas atribu\u00eddas aos computadores na imprensa dos anos 1940 e 1950. In: VII Simp\u00f3sio de Hist\u00f3ria da Inform\u00e1tica na Am\u00e9rica Latina e Caribe (SHIALC) e 18o. Semin\u00e1rio Nacional de Hist\u00f3ria da Ci\u00eancia e da Tecnologia, 2022, S\u00e3o Paulo. Inform\u00e1ticas e Experi\u00eancias Democr\u00e1ticas na Am\u00e9rica Latina e no Caribe. S\u00e3o Paulo: USP, 2022. v. 1. p. 10-11. [<a href=\"https:\/\/is.cos.ufrj.br\/wp-content\/uploads\/2025\/11\/1234567891191-1.pdf\" data-type=\"URL\" data-id=\"https:\/\/is.cos.ufrj.br\/wp-content\/uploads\/2025\/11\/1234567891191-1.pdf\" target=\"_blank\" rel=\"noreferrer noopener\">Access<\/a>]<\/li>\n\n\n\n<li>Faria, Luiz Arthur ;&nbsp;CUKIERMAN, HENRIQUE. <strong>Bancos Comunit\u00e1rios de Desenvolvimento como tecnologias de resili\u00eancia: um olhar parcial sobre o microcr\u00e9dito no Prevent\u00f3rio<\/strong>. In: IX SIMP\u00d3SIO NACIONAL DE CI\u00caNCIA, TECNOLOGIA E SOCIEDADE, 2022, S\u00e3o Carlos. ANAIS DO IX SIMP\u00d3SIO NACIONAL DE CI\u00caNCIA, TECNOLOGIA E SOCIEDADE. S\u00e3o Carlos: UFSCar, 2022. v. 1. p. 109-109.<\/li>\n\n\n\n<li>FARIA, Luiz Arthur Silva de; GON\u00c7ALVEZ NETO, Pedro Paulo; ALBUQUERQUE, Jo\u00e3o Porto de; FERREIRA, Marcos Rodrigo Maciel; ULBRICH, Philipp, 2022.&nbsp; <strong>A governan\u00e7a de moedas sociais, sustentabilidade e resili\u00eancia comunit\u00e1ria: o caso Prevent\u00f3rio<\/strong>. In: II ENCONTRO DE GESTORES, ARTICULADORES E PESQUISADORES EM ECONOMIA SOLID\u00c1RIA \u2013 EGAPES, 2022.<\/li>\n\n\n\n<li>FARIA, L. A. S. ; RIBEIRO, B. C. ; CUKIERMAN, H. L. ; DINIZ, E. H., 2022.<strong> Centralizing or sharing the digital community currencies governances? Proposing ways of thinking DCCs from the Mumbuca case.<\/strong> In: 6th Biennial RAMICS International Congress in Bulgaria.<\/li>\n\n\n\n<li>PUPO, C. G. P. ; SOUZA, H. P. ; FARIA, L. A. S., 2022. <strong>Municipal currencies in Brazil:<\/strong> <strong>potentialities and limits beyond the case of Banco Mumbuca (RJ)<\/strong>. In: 6th Biennial RAMICS International Congress in Bulgaria.<\/li>\n\n\n\n<li>SOBRAL, A. V. L.;&nbsp;CUKIERMAN, HENRIQUE.<strong> NAVEGAR \u00c9 IMPRECISO: UMA PESQUISA<\/strong>. In: IX SIMP\u00d3SIO NACIONAL DE CI\u00caNCIA, TECNOLOGIA E SOCIEDADE, 2022, S\u00e3o Carlos. ANAIS DO IX SIMP\u00d3SIO NACIONAL DECI\u00caNCIA, TECNOLOGIA E SOCIEDADE. S\u00e3o Carlos: UFSCar, 2022. v. 1. p. 111-1111.<\/li>\n<\/ul>\n\n\n\n<h3 class=\"wp-block-heading\">2021<\/h3>\n\n\n\n<ul>\n<li>DA SILVA, D\u00e9bora Regina; DE OLIVEIRA, Paulo Zacary; BRAGA, Pedro Henrique da Costa; SPIEGEL, Carolina Nascimento. <strong>Desafios na transposi\u00e7\u00e3o para uma plataforma digital de um jogo de tabuleiro para ensino de Biologia Celular<\/strong>. <em>In<\/em>: TRILHA DE EDUCA\u00c7\u00c3O \u2013 ARTIGOS CURTOS - SIMP\u00d3SIO BRASILEIRO DE JOGOS E ENTRETENIMENTO DIGITAL (SBGAMES), 20. , 2021, Online. Anais [...]. Porto Alegre: Sociedade Brasileira de Computa\u00e7\u00e3o, 2021 . p. 685-688. [<a href=\"https:\/\/is.cos.ufrj.br\/wp-content\/uploads\/2025\/11\/19708-1514-15764-1-10-20220509.pdf\" data-type=\"URL\" data-id=\"https:\/\/is.cos.ufrj.br\/wp-content\/uploads\/2025\/11\/19708-1514-15764-1-10-20220509.pdf\"><mark style=\"background-color:rgba(0, 0, 0, 0)\" class=\"has-inline-color has-luminous-vivid-orange-color\">Access<\/mark><\/a>]<\/li>\n\n\n\n<li>FERREIRA, M. R. M. ; FARIA, L. A. S. ; CUKIERMAN, H. L. . <strong>Bancos Comunit\u00e1rios como tecnologias de resili\u00eancia: um olhar parcial sobre o microcr\u00e9dito no Prevent\u00f3rio<\/strong>. In: IX Simp\u00f3sio Nacional de Ci\u00eancia, Tecnologia e Sociedade, 2021, S\u00e3o Carlos.<\/li>\n<\/ul>\n\n\n\n<h3 class=\"wp-block-heading\">2020<\/h3>\n\n\n\n<ul>\n<li>CUKIERMAN, HENRIQUE; SILVA, M. R. B. ;&nbsp;MARQUES, I. C.&nbsp;. <strong>Uma ci\u00eancia anormal para o Brasil?<\/strong>. In:  17\u00ba Semin\u00e1rio Nacional de Hist\u00f3ria da Ci\u00eancia e da Tecnologia, 2020, Rio de Janeiro. Anais do 17\u00ba Semin\u00e1rio Nacional de Hist\u00f3ria da Ci\u00eancia e da Tecnologia. Rio de Janeiro: Sociedade Brasileira de Hist\u00f3ria da Ci\u00eancia, 2020. v.1. <\/li>\n\n\n\n<li>LIMA, A.;&nbsp;CUKIERMAN, HENRIQUE. <strong>Hist\u00f3rias da inform\u00e1tica no Brasil: por uma perspectiva local, situada e m\u00faltipla<\/strong>. In: 17\u00ba Semin\u00e1rio Nacional de  Hist\u00f3ria da Ci\u00eancia e da Tecnologia, 2020, Rio de Janeiro. Anais Eletr\u00f4nicos - 17\u00ba Semin\u00e1rio Nacional de Hist\u00f3ria da Ci\u00eancia e da Tecnologia. Rio de Janeiro: Sociedade Brasileira de Hist\u00f3ria da Ci\u00eancia, 2020. v. 1. [<a href=\"https:\/\/is.cos.ufrj.br\/wp-content\/uploads\/2025\/09\/Alberto-de-Lima-Henrique-Cukierman-Historias-da-informatica-no-Brasil_por-uma-perspectiva-local-situada-e-multipla.pdf\" data-type=\"URL\" data-id=\"https:\/\/is.cos.ufrj.br\/wp-content\/uploads\/2025\/09\/Alberto-de-Lima-Henrique-Cukierman-Historias-da-informatica-no-Brasil_por-uma-perspectiva-local-situada-e-multipla.pdf\" target=\"_blank\" rel=\"noreferrer noopener\">Access<\/a>]<\/li>\n\n\n\n<li>LIMA, A.;\u00a0CUKIERMAN, HENRIQUE. <strong>Hist\u00f3rias da inform\u00e1tica no Brasil: por uma perspectiva local, situada e m\u00faltipla<\/strong>. In: VI Simp\u00f3sio de Hist\u00f3ria da Inform\u00e1tica na Am\u00e9rica Latina e Caribe (SHIALC) e II Simposio Argentino de Historia, Tecnolog\u00edas y Inform\u00e1tica (SAHTI), 2020, Buenos Aires. Anales del VI SHIALC y II SHATI. Buenos Aires: 49 JAIIO - Jornadas Argentinas de Inform\u00e1tica, 2020. v. 1. p. 1-15. [<a href=\"https:\/\/is.cos.ufrj.br\/wp-content\/uploads\/2025\/11\/Documento_completo.pdf-PDFA.pdf\" data-type=\"URL\" data-id=\"https:\/\/is.cos.ufrj.br\/wp-content\/uploads\/2025\/11\/Documento_completo.pdf-PDFA.pdf\" target=\"_blank\" rel=\"noreferrer noopener\">Access<\/a>]<\/li>\n\n\n\n<li>SILVA, F. A. ; PALMEIRA, R. M. ; SOUZA, V. S. S. ; FARIA, L. A. S. ; LIMA, A. J. S. . <strong>Os desafios de fazer existir um objeto esdr\u00faxulo<\/strong>:<strong> primeiros passos de um Banco Comunit\u00e1rio Universit\u00e1rio<\/strong>. In: 17\u00ba Semin\u00e1rio Nacional de Hist\u00f3ria da Ci\u00eancia e da Tecnologia, 2020, Rio de Janeiro. Anais do 17\u00ba Semin\u00e1rio Nacional de Hist\u00f3ria da Ci\u00eancia e da Tecnologia. Rio de Janeiro: Sociedade Brasileira de Hist\u00f3ria da Ci\u00eancia, 2020. [<a rel=\"noreferrer noopener\" href=\"https:\/\/is.cos.ufrj.br\/wp-content\/uploads\/2025\/09\/Filipe-da-Silva-Rodrigo-Palmeira-Vinicius-Souza-Luiz-Faria-e-Alberto-Lima-Os-desafios-de-fazer-existir-um-objeto-esdruxulo_os-primeiros-passos-de-um-Banco-Comunitario-Universitario.pdf\" data-type=\"URL\" data-id=\"https:\/\/is.cos.ufrj.br\/wp-content\/uploads\/2025\/09\/Filipe-da-Silva-Rodrigo-Palmeira-Vinicius-Souza-Luiz-Faria-e-Alberto-Lima-Os-desafios-de-fazer-existir-um-objeto-esdruxulo_os-primeiros-passos-de-um-Banco-Comunitario-Universitario.pdf\" target=\"_blank\">Access<\/a>]<\/li>\n<\/ul>\n\n\n\n<h3 class=\"wp-block-heading\">2019<\/h3>\n\n\n\n<ul>\n<li>Esteves, Bernardo ;&nbsp;CUKIERMAN, H. L.&nbsp;<strong>. Y a-t-il de l? espace pour les climato-sceptiques sur Wikip\u00e9dia? Une \u00e9tude de cas sur 93 articles de Wikip\u00e9dia en portugais<\/strong>. In: Wikip\u00e9dia et les wikis, objets de m\u00e9diation et de transmission des savoirs, 2019, Paris. anais do Wikip\u00e9dia et les wikis, objets de m\u00e9diation et de transmission des savoirs, 2019.<\/li>\n<\/ul>\n\n\n\n<h3 class=\"wp-block-heading\">2018<\/h3>\n\n\n\n<ul>\n<li>CUKIERMAN, HENRIQUE LUIZ; COSTA, V. F.. <strong>A QUE\/A QUEM SERVE A UNIVERSIDADE BRASILEIRA? ALGUMAS RESPOSTAS \u00c0 LUZ DA HIST\u00d3RIA DA INFORM\u00c1TICA NO BRASIL<\/strong>. In: Y SHIALC - Simp\u00f3sio de Hist\u00f3ria da Inform\u00e1tica na Am\u00e9rica Latina e Caribe, 2018, Rio de Janeiro. Anais do V Simp\u00f3sio de Hist\u00f3ria da Inform\u00e1tica na Am\u00e9rica Latina e Caribe, 2018.<\/li>\n<\/ul>\n\n\n\n<h3 class=\"wp-block-heading\">2017<\/h3>\n\n\n\n<ul>\n<li>CARVALHO, M. S. R. M.&nbsp;;&nbsp;CUKIERMAN, H. L.&nbsp;. <strong>The Dawn of the Internet in Brazil<\/strong>. In: Computer Networks Histories: Local, national and transnational perspectives, 2017, Lugano. Anais do Computer Networks Histories: Local, national and transnational perspectives, 2017.<\/li>\n\n\n\n<li>CUKIERMAN, H. L.. <strong>As pr\u00e1ticas do laborat\u00f3rio de Manguinhos nos prim\u00f3rdios do s\u00e9culo 20 (perduram?\u2026)<\/strong>. In: SCIENTIARUM HISTORIA X, 2017, Rio de Janeiro. Anais do SCIENTIARUM HISTORIA X. Rio de Janeiro: HCTE\/UFRJ, 2017.<\/li>\n\n\n\n<li>CUKIERMAN, H. L..<strong> A racing car without tires<\/strong>. In: 25th International Congress of History of Science and Technology (ICHST), 2017, Rio de Janeiro. Annals of the 25th International Congress of History of Science and Technology (ICHST). Rio de Janeiro: ICHST, 2017.<\/li>\n\n\n\n<li>CUKIERMAN, H. L.. <strong>Elementos para uma hist\u00f3ria comparada da inform\u00e1tica brasileira<\/strong>. In: VII ESOCITE.BR \u2215tecsoc, 2017, Bras\u00edlia. Anais do VII ESOCITE.BR \u2215 tecsoc. Bras\u00edlia: Esocite.Br, 2017. <\/li>\n\n\n\n<li>DE CASTRO, Arthur Oscar et al.<strong> Tecnologias da Informa\u00e7\u00e3o para Fins Sociais-Pesquisa-a\u00e7\u00e3o no estudo da vigil\u00e2ncia digital sofrida por movimentos sociais no Rio de Janeiro dos Megaeventos<\/strong>. Anais dos Encontros Nacionais de Engenharia e Desenvolvimento Social-ISSN 2594-7060, v. 14, n. 1, 2017. [<a href=\"https:\/\/is.cos.ufrj.br\/wp-content\/uploads\/2025\/11\/jclarisse13.pdf\" data-type=\"URL\" data-id=\"https:\/\/is.cos.ufrj.br\/wp-content\/uploads\/2025\/11\/jclarisse13.pdf\"><mark style=\"background-color:rgba(0, 0, 0, 0)\" class=\"has-inline-color has-luminous-vivid-orange-color\">Access<\/mark><\/a>]<\/li>\n<\/ul>\n\n\n\n<h3 class=\"wp-block-heading\">2016<\/h3>\n\n\n\n<ul>\n<li>CUKIERMAN, H. L.. <strong>Li\u00e7\u00f5es da cibern\u00e9tica inglesa: a ontologia dos modernos em xeque<\/strong>. In: 15\u00ba. Semin\u00e1rio Nacional de Hist\u00f3ria da Ci\u00eancia e da Tecnologia - Sociedade Brasieira e Hit\u00f3ria da Ci\u00eancia, 2016, Florian\u00f3polis. Anais do 15\u00ba. Semin\u00e1rio Nacional de Hist\u00f3ria da Ci\u00eancia e da Tecnologia, 2016.<\/li>\n\n\n\n<li>CUKIERMAN, H. L.. <strong>Um autom\u00f3vel de corrida sem penuem\u00e1ticos<\/strong>. In: IV Simp\u00f3sio de Hist\u00f3ria da Inform\u00e1tica na Am\u00e1rica Latina e Caribe (SHIALC), 2016, Valpara\u00edso. Anais do IV IV Simp\u00f3sio de Hist\u00f3ria da Inform\u00e1tica na Am\u00e9rica Latina e Caribe (SHIALC), 2016.<\/li>\n<\/ul>\n\n\n\n<h3 class=\"wp-block-heading\">Other works<\/h3>\n\n\n\n<ul>\n<li><a href=\"https:\/\/is.cos.ufrj.br\/en\/artigo-em-periodico\/\"><span class=\"has-inline-color has-luminous-vivid-orange-color\">Journal articles<\/span><\/a><\/li>\n\n\n\n<li><mark style=\"background-color:rgba(0, 0, 0, 0)\" class=\"has-inline-color has-luminous-vivid-orange-color\">Books and book chapters<\/mark><\/li>\n\n\n\n<li><mark style=\"background-color:rgba(0, 0, 0, 0)\" class=\"has-inline-color has-luminous-vivid-orange-color\">Master's and doctoral Dissertations<\/mark><\/li>\n\n\n\n<li><mark style=\"background-color:rgba(0, 0, 0, 0)\" class=\"has-inline-color has-luminous-vivid-orange-color\">Presentations<\/mark><\/li>\n<\/ul>\n\n\n\n<p><\/p>","protected":false},"excerpt":{"rendered":"<p>\u00daltima atualiza\u00e7\u00e3o: Setembro, 2025. 2025 2024 2022 2021 2020 2019 2018 2017 2016 Outras Produ\u00e7\u00f5es<\/p>","protected":false},"author":1,"featured_media":0,"parent":0,"menu_order":0,"comment_status":"closed","ping_status":"closed","template":"","meta":[],"_links":{"self":[{"href":"https:\/\/is.cos.ufrj.br\/en\/wp-json\/wp\/v2\/pages\/2213"}],"collection":[{"href":"https:\/\/is.cos.ufrj.br\/en\/wp-json\/wp\/v2\/pages"}],"about":[{"href":"https:\/\/is.cos.ufrj.br\/en\/wp-json\/wp\/v2\/types\/page"}],"author":[{"embeddable":true,"href":"https:\/\/is.cos.ufrj.br\/en\/wp-json\/wp\/v2\/users\/1"}],"replies":[{"embeddable":true,"href":"https:\/\/is.cos.ufrj.br\/en\/wp-json\/wp\/v2\/comments?post=2213"}],"version-history":[{"count":17,"href":"https:\/\/is.cos.ufrj.br\/en\/wp-json\/wp\/v2\/pages\/2213\/revisions"}],"predecessor-version":[{"id":3713,"href":"https:\/\/is.cos.ufrj.br\/en\/wp-json\/wp\/v2\/pages\/2213\/revisions\/3713"}],"wp:attachment":[{"href":"https:\/\/is.cos.ufrj.br\/en\/wp-json\/wp\/v2\/media?parent=2213"}],"curies":[{"name":"wp","href":"https:\/\/api.w.org\/{rel}","templated":true}]}}