{"id":2173,"date":"2021-04-27T20:17:19","date_gmt":"2021-04-27T23:17:19","guid":{"rendered":"https:\/\/is.cos.ufrj.br\/?page_id=2173"},"modified":"2021-04-27T20:40:19","modified_gmt":"2021-04-27T23:40:19","slug":"samara-franco","status":"publish","type":"page","link":"https:\/\/is.cos.ufrj.br\/en\/samara-franco\/","title":{"rendered":"Samara Franco"},"content":{"rendered":"<p><a href=\"https:\/\/is.cos.ufrj.br\/wp-content\/uploads\/2021\/04\/image1.jpg\"><img decoding=\"async\" loading=\"lazy\" class=\"alignleft wp-image-1334\" src=\"https:\/\/is.cos.ufrj.br\/wp-content\/uploads\/2021\/04\/image1.png\" alt=\"\" width=\"150\" height=\"150\"><\/a> Nasci em 2005, e sempre fui uma pessoa muito comunicativa e proativa, isso fez com que eu me destacasse em alguns aspectos nos ambientes que frequento.\nPor exemplo, aprendi a ler pequenas palavras com 4 anos de idade e aos 5 anos j\u00e1 sabia ler quase tudo, por ser bastante dedicada em tudo o que fa\u00e7o e respons\u00e1vel em minhas atitudes tenho sido representante de turma j\u00e1 por 11 anos consecutivos. Gosto desse papel, o fa\u00e7o com prazer e sinto que a experi\u00eancia enriquece os meus conhecimentos.\nAo longo desses anos escolares tenho notado que sou uma pessoa extremamente curiosa e apaixonada por animais e pesquisas, desde pequena j\u00e1 me interessava pelos temas ligados aos animais e experimentos, assuntos que sempre agu\u00e7aram a minha curiosidade at\u00e9 os dias de hoje, fazendo despertar em mim o desejo de atuar em alguma \u00e1rea cient\u00edfica. \nEm 2020, ingressei no C.E Joaquim Gomes de Sousa Intercultural Brasil - China, uma escola focada em ci\u00eancias exatas e com uma parceria com o Instituto Conf\u00fancios, da China. Nessa escola, tenho constru\u00eddo muitos novos aprendizados, aprimorado o meu ingl\u00eas, o espanhol e estou aprendendo um idioma desafiador: o mandarim. \nCom o aux\u00edlio das minhas diretoras, Elis\u00e2ngela Nascimento e Josenir Cabral, recebi uma bolsa de inicia\u00e7\u00e3o cient\u00edfica do LabIS, onde atuo no Banco Comunit\u00e1rio do Prevent\u00f3rio, um ambiente que tem me acrescentado em valores e ampliado os meus conhecimentos. No Banco, atuo com algumas a\u00e7\u00f5es de microcr\u00e9dito e no correspondente.\nA partir dessa experi\u00eancia e dessa nova oportunidade no LabIS desejo somar e descobrir novos caminhos, alavancando, assim, meus horizontes e conhecimentos sobre a comunidade do Prevent\u00f3rio e suas car\u00eancias. \nDesejo desde j\u00e1 que essa parceria seja t\u00e3o proveitosa quanto engrandecedora.\n\n\n<\/p>\n<p><strong>Email: <\/strong><a style=\"color: #ff6600;\" href=\"mailto:samaranfranco@gmail.com\">samaranfranco@gmail.com<\/a><\/p>\n<p><strong>Resume:&nbsp;<\/strong><a style=\"color: #ff6600;\" href=\"http:\/\/lattes.cnpq.br\/0408402372086862\">http:\/\/lattes.cnpq.br\/0408402372086862<\/a><\/p>","protected":false},"excerpt":{"rendered":"<p>Nasci em 2005, e sempre fui uma pessoa muito comunicativa e proativa, isso fez com que eu me destacasse em alguns aspectos nos ambientes que frequento. Por exemplo, aprendi a ler pequenas palavras com 4 anos de idade e aos 5 anos j\u00e1 sabia ler quase tudo, por ser bastante dedicada em tudo o que <a href=\"https:\/\/is.cos.ufrj.br\/en\/samara-franco\/\" class=\"more-link\">...continue reading<span class=\"screen-reader-text\"> \"Samara Franco\"<\/span><\/a><\/p>","protected":false},"author":1,"featured_media":0,"parent":0,"menu_order":0,"comment_status":"closed","ping_status":"closed","template":"","meta":[],"_links":{"self":[{"href":"https:\/\/is.cos.ufrj.br\/en\/wp-json\/wp\/v2\/pages\/2173"}],"collection":[{"href":"https:\/\/is.cos.ufrj.br\/en\/wp-json\/wp\/v2\/pages"}],"about":[{"href":"https:\/\/is.cos.ufrj.br\/en\/wp-json\/wp\/v2\/types\/page"}],"author":[{"embeddable":true,"href":"https:\/\/is.cos.ufrj.br\/en\/wp-json\/wp\/v2\/users\/1"}],"replies":[{"embeddable":true,"href":"https:\/\/is.cos.ufrj.br\/en\/wp-json\/wp\/v2\/comments?post=2173"}],"version-history":[{"count":4,"href":"https:\/\/is.cos.ufrj.br\/en\/wp-json\/wp\/v2\/pages\/2173\/revisions"}],"predecessor-version":[{"id":2181,"href":"https:\/\/is.cos.ufrj.br\/en\/wp-json\/wp\/v2\/pages\/2173\/revisions\/2181"}],"wp:attachment":[{"href":"https:\/\/is.cos.ufrj.br\/en\/wp-json\/wp\/v2\/media?parent=2173"}],"curies":[{"name":"wp","href":"https:\/\/api.w.org\/{rel}","templated":true}]}}