{"id":20,"date":"2015-03-03T22:41:50","date_gmt":"2015-03-03T22:41:50","guid":{"rendered":"https:\/\/is.cos.ufrj.br\/?page_id=20"},"modified":"2023-06-01T14:01:15","modified_gmt":"2023-06-01T17:01:15","slug":"publicacoes","status":"publish","type":"page","link":"https:\/\/is.cos.ufrj.br\/en\/publicacoes\/","title":{"rendered":"Publications"},"content":{"rendered":"<p>Check out the menu below for the main publications of the research area, through books, book chapters, master's and doctoral dissertations, journal articles, and presentations at events (congresses, seminars, meetings, symposia, etc.)<\/p>\n<ul>\n<li><a style=\"color: #ff6600;\" href=\"https:\/\/is.cos.ufrj.br\/en\/artigo-em-periodico\/\">Journal articles<\/a><\/li>\n<li><a style=\"color: #ff6600;\" href=\"https:\/\/is.cos.ufrj.br\/en\/livros\/\">Books and book chapters<\/a><\/li>\n<li><a style=\"color: #ff6600;\" href=\"https:\/\/is.cos.ufrj.br\/en\/teses-e-dissertacoes\/\">Master's and doctoral Dissertations<\/a><\/li>\n<li><a style=\"font-size: 1rem; color: #ff6600;\" href=\"https:\/\/is.cos.ufrj.br\/en\/apresentacoes-de-trabalho\/\">Presentations<\/a><\/li>\n<li><span style=\"color: #ff6600;\"><a style=\"color: #ff6600;\" href=\"https:\/\/is.cos.ufrj.br\/en\/artigos-e-resumos-em-anais-de-congresso\/\">Artigos e resumos em anais de Congressos<\/a><\/span><\/li>\n<\/ul>\n\n\n<p><\/p>","protected":false},"excerpt":{"rendered":"<p>Confira no menu abaixo as principais publica\u00e7\u00f5es da linha de pesquisa, atrav\u00e9s de livros, cap\u00edtulos de livro, teses, disserta\u00e7\u00f5es, artigos em peri\u00f3dicos e apresenta\u00e7\u00f5es em eventos (congressos, semin\u00e1rios, encontros, simp\u00f3sios, etc.) Artigos em peri\u00f3dicos Livros e cap\u00edtulos de livros Teses e Disserta\u00e7\u00f5es Apresenta\u00e7\u00f5es de Trabalho Artigos e resumos em anais de Congressos<\/p>","protected":false},"author":1,"featured_media":0,"parent":0,"menu_order":0,"comment_status":"closed","ping_status":"closed","template":"","meta":[],"_links":{"self":[{"href":"https:\/\/is.cos.ufrj.br\/en\/wp-json\/wp\/v2\/pages\/20"}],"collection":[{"href":"https:\/\/is.cos.ufrj.br\/en\/wp-json\/wp\/v2\/pages"}],"about":[{"href":"https:\/\/is.cos.ufrj.br\/en\/wp-json\/wp\/v2\/types\/page"}],"author":[{"embeddable":true,"href":"https:\/\/is.cos.ufrj.br\/en\/wp-json\/wp\/v2\/users\/1"}],"replies":[{"embeddable":true,"href":"https:\/\/is.cos.ufrj.br\/en\/wp-json\/wp\/v2\/comments?post=20"}],"version-history":[{"count":9,"href":"https:\/\/is.cos.ufrj.br\/en\/wp-json\/wp\/v2\/pages\/20\/revisions"}],"predecessor-version":[{"id":2216,"href":"https:\/\/is.cos.ufrj.br\/en\/wp-json\/wp\/v2\/pages\/20\/revisions\/2216"}],"wp:attachment":[{"href":"https:\/\/is.cos.ufrj.br\/en\/wp-json\/wp\/v2\/media?parent=20"}],"curies":[{"name":"wp","href":"https:\/\/api.w.org\/{rel}","templated":true}]}}