{"id":1473,"date":"2024-05-21T17:55:55","date_gmt":"2024-05-21T20:55:55","guid":{"rendered":"https:\/\/is.cos.ufrj.br\/?page_id=1473"},"modified":"2024-05-21T17:55:55","modified_gmt":"2024-05-21T20:55:55","slug":"producoes","status":"publish","type":"page","link":"https:\/\/is.cos.ufrj.br\/en\/producoes\/","title":{"rendered":"LabIS Products"},"content":{"rendered":"<h1>Mumbuca's Reports<\/h1>\n<ul>\n<li><a style=\"color: #ff6600;\" href=\"\/wp-content\/uploads\/documentos\/producoes_labis\/Relatorio-preliminar-Mumbuca-v3-p\u00fablico.pdf\">2018 Mumbuca Report (2018.1)<\/a><\/li>\n<li><a style=\"color: #ff6600;\" href=\"https:\/\/is.cos.ufrj.br\/wp-content\/uploads\/2019\/09\/Relatorio-circula\u00e7\u00e3o-Mumbuca-2018-2019_publico.pdf\">2018-2019 Mumbuca Report (2018.2 - 2019.1)<\/a><\/li>\n<\/ul>\n<h1>Solidarity Hackaton 2018<\/h1>\n<ul>\n<li><a style=\"color: #ff6600;\" href=\"\/wp-content\/uploads\/documentos\/producoes_labis\/Hackaton Solid\u00e1rios 2018 - relatoria.pdf\">Solidarity Hackaton 2018<\/a><\/li>\n<li><a style=\"color: #ff6600;\" href=\"\/wp-content\/uploads\/documentos\/producoes_labis\/Hackaton Solid\u00e1rios 2018_Anexos.zip\" download=\"\">Worksheets (zip file)<\/a><\/li>\n<\/ul>\n<h1>MVPs P\u00fablicos<\/h1>\n<ul>\n<li>DA SILVA, Gabriel Rodrigues; GOMES, Abra\u00e3o Carvalho; SEP\u00daLVIDA, Jo\u00e3o Pedro Viana Curvelo.\u00a0<strong>Desenvolvimento de um aplicativo simples para o desenvolvimento de pesquisas de satisfa\u00e7\u00e3o e mercado nas ag\u00eancias do Banco Mumbuca\u00a0<\/strong>[<a href=\"https:\/\/drive.google.com\/file\/d\/1oC0ZiW72IRKbrGwalxTuccJgqOr60igH\/view?usp=sharing\">Apresenta\u00e7\u00e3o<\/a>] [<a href=\"https:\/\/docs.google.com\/document\/d\/1Qrm-cxJL3cImknr4COSsbtjtlJwK_WW-\/edit?usp=drive_link&amp;ouid=101453936981211113757&amp;rtpof=true&amp;sd=true\">Relat\u00f3rio<\/a>] [<a href=\"https:\/\/github.com\/AbraaoCG\/Projeto_App_Mumbuca_1\">Produto<\/a>]<\/li>\n<li>EDUARDO, Pedro; GUILHERME, Luiz; MIGUEL, Luiz.\u00a0<strong>Aprimora\u00e7\u00e3o da planilha simuladora de sustentabilidade de Banco Comunit\u00e1rio com base na circula\u00e7\u00e3o da moeda social<\/strong>\u00a0[<a href=\"https:\/\/drive.google.com\/file\/d\/1haQH_nw2GMZPLJhDN48SXq2dqM--ukxT\/view?usp=sharing\" data-type=\"URL\" data-id=\"https:\/\/drive.google.com\/file\/d\/1haQH_nw2GMZPLJhDN48SXq2dqM--ukxT\/view?usp=sharing\">Apresenta\u00e7\u00e3o<\/a>] [<a href=\"https:\/\/drive.google.com\/file\/d\/1cszc1SfokM8vO_pdg5lHF6EjteUZRXO_\/view?usp=sharing\" data-type=\"URL\" data-id=\"https:\/\/drive.google.com\/file\/d\/1cszc1SfokM8vO_pdg5lHF6EjteUZRXO_\/view?usp=sharing\">Relat\u00f3rio<\/a>] [<a href=\"https:\/\/docs.google.com\/spreadsheets\/d\/16nsGHHgYZzv2WQrp5zXHePeACBDmZpPk\/edit?usp=sharing&amp;ouid=101453936981211113757&amp;rtpof=true&amp;sd=true\" data-type=\"URL\" data-id=\"https:\/\/docs.google.com\/spreadsheets\/d\/16nsGHHgYZzv2WQrp5zXHePeACBDmZpPk\/edit?usp=sharing&amp;ouid=101453936981211113757&amp;rtpof=true&amp;sd=true\">Simula\u00e7\u00e3o]<\/a><\/li>\n<li>EM\u00cdLIO, Daniel; VARELA, Guilherme; SANTOS, Ezequiel.\u00a0<strong>Desenvolvimento de um aplicativo simples para servir como um pr\u00e9-atendimento do Banco Mumbuca<\/strong>\u00a0[<a href=\"https:\/\/drive.google.com\/file\/d\/1V2FvnrkKKMDJwg65FMJIyIrkMpTp4yQC\/view?usp=sharing\" data-type=\"URL\" data-id=\"https:\/\/drive.google.com\/file\/d\/1V2FvnrkKKMDJwg65FMJIyIrkMpTp4yQC\/view?usp=sharing\">Apresenta\u00e7\u00e3o<\/a>] [<a href=\"https:\/\/drive.google.com\/file\/d\/1wH_6R2vF4jCpN697YOuk36QoriDM9rQO\/view?usp=sharing\" data-type=\"URL\" data-id=\"https:\/\/drive.google.com\/file\/d\/1wH_6R2vF4jCpN697YOuk36QoriDM9rQO\/view?usp=sharing\">Relat\u00f3rio<\/a>] [<a href=\"https:\/\/github.com\/gui-varela\/mumbuca-api\">Back-End<\/a>][<a href=\"https:\/\/www.google.com\/url?q=https:\/\/github.com\/gui-varela\/mumbuca-web&amp;sa=D&amp;source=apps-viewer-frontend&amp;ust=1716410738445810&amp;usg=AOvVaw3H7DSRNK_csRKzpRaVBdJs&amp;hl=pt-BR\">Front-End<\/a>]<\/li>\n<li>FERREIRA, Daniel; GARCIA, Lucas; PONTE, Daniel. <strong>Produ\u00e7\u00e3o de mapa Web com localiza\u00e7\u00e3o de Bancos Comunit\u00e1rios<\/strong>\u00a0[<a href=\"https:\/\/drive.google.com\/file\/d\/1LOwD3V8stRNb3Kv37xV2lVl_91DfhJdR\/view?usp=drive_link\">Apresenta\u00e7\u00e3o<\/a>] [<a href=\"https:\/\/drive.google.com\/file\/d\/1RCcP5Zr-CHqO1uVA2AJkWWaj2n2NX193\/view?usp=drive_link\">Relat\u00f3rio<\/a>] [<a href=\"https:\/\/mapabancos.shinyapps.io\/BancosComunitarios\/\">Mapa<\/a>]<\/li>\n<li>GODINHO, Igor; MOREIRA, Christian; SALES, Jo\u00e3o Pedro. <strong>Realiza\u00e7\u00e3o de bateria de testes em prot\u00f3tipo do E+dinheiro (com blockchain), produzindo an\u00e1lise e relat\u00f3rio<\/strong>. [<a href=\"https:\/\/drive.google.com\/file\/d\/1tN7JroHJ_E_lSAgLoMVPn8cCRAWBJor6\/view?usp=sharing\" target=\"_blank\" rel=\"noreferrer noopener\" data-type=\"URL\" data-id=\"https:\/\/drive.google.com\/file\/d\/1tN7JroHJ_E_lSAgLoMVPn8cCRAWBJor6\/view?usp=sharing\">Apresenta\u00e7\u00e3o<span class=\"screen-reader-text\">New window<\/span><\/a>] [<a href=\"https:\/\/docs.google.com\/document\/d\/1J0okSlka43mbRjxSQrT63nlfOLCXHFIzLG4HB66NJGc\/edit?usp=sharing\" data-type=\"URL\" data-id=\"https:\/\/docs.google.com\/document\/d\/1J0okSlka43mbRjxSQrT63nlfOLCXHFIzLG4HB66NJGc\/edit?usp=sharing\">Relat\u00f3rio<\/a>]<\/li>\n<li>INOC\u00caNCIO, Lucas da S.;PROEN\u00c7A, Peterson de O. D.; SOUZA, Gabriel da S..\u00a0<strong>Desenvolvimento de plano de trabalho para Sistema de trocas de servi\u00e7os e produtos entre equipes do Banco do Prevent\u00f3rio, e implementar um prot\u00f3tipo para contabilizar as trocas<\/strong>\u00a0[<a href=\"https:\/\/drive.google.com\/file\/d\/1O_nTNyjagiYLRm-cLp7YTRi5azzDJW63\/view?usp=drive_link\" data-type=\"URL\" data-id=\"https:\/\/drive.google.com\/file\/d\/1O_nTNyjagiYLRm-cLp7YTRi5azzDJW63\/view?usp=drive_link\">Apresenta\u00e7\u00e3o<\/a>] [<a href=\"https:\/\/drive.google.com\/file\/d\/13Ahlte2GG3dqfbZuvIr7Ny1OzDOWxIQP\/view?usp=sharing\" data-type=\"URL\" data-id=\"https:\/\/drive.google.com\/file\/d\/13Ahlte2GG3dqfbZuvIr7Ny1OzDOWxIQP\/view?usp=sharing\">Relat\u00f3rio<\/a>]<\/li>\n<li>MEDEIROS, Brian; DA SILVA, Gabriel; MEIRELLES, Mariana.\u00a0<strong>Desenvolvimento MVP de aplicativo para microcr\u00e9dito do Banco Prevent\u00f3rio <\/strong>[<a href=\"https:\/\/drive.google.com\/file\/d\/1U59sA7XuwsuSOqjp1AolZqCJBjws3K71\/view?usp=drive_link\">Relat\u00f3rio<\/a>] [<a href=\"https:\/\/www.google.com\/url?q=https:\/\/github.com\/gbpinheirosilva\/appMicrocredito&amp;sa=D&amp;source=apps-viewer-frontend&amp;ust=1716411006907380&amp;usg=AOvVaw2ciq29-y-mOQzBbj6R9cH0&amp;hl=pt-BR\">Produto<\/a>]<\/li>\n<\/ul>","protected":false},"excerpt":{"rendered":"<p>Relat\u00f3rios Mumbuca Relat\u00f3rio Mumbuca 2018 (2018.1) Relat\u00f3rio Mumbuca 2018-2019 (2018.2 - 2019.1) Hackaton Solid\u00e1rios 2018 Hackathon Solid\u00e1rios 2018 Planilhas (arquivo .zip) MVPs P\u00fablicos DA SILVA, Gabriel Rodrigues; GOMES, Abra\u00e3o Carvalho; SEP\u00daLVIDA, Jo\u00e3o Pedro Viana Curvelo.\u00a0Desenvolvimento de um aplicativo simples para o desenvolvimento de pesquisas de satisfa\u00e7\u00e3o e mercado nas ag\u00eancias do Banco Mumbuca\u00a0[Apresenta\u00e7\u00e3o] [Relat\u00f3rio] [Produto] <a href=\"https:\/\/is.cos.ufrj.br\/en\/producoes\/\" class=\"more-link\">...continue reading<span class=\"screen-reader-text\"> \"Produ\u00e7\u00f5es LabIS\"<\/span><\/a><\/p>","protected":false},"author":1,"featured_media":0,"parent":0,"menu_order":0,"comment_status":"closed","ping_status":"closed","template":"","meta":[],"_links":{"self":[{"href":"https:\/\/is.cos.ufrj.br\/en\/wp-json\/wp\/v2\/pages\/1473"}],"collection":[{"href":"https:\/\/is.cos.ufrj.br\/en\/wp-json\/wp\/v2\/pages"}],"about":[{"href":"https:\/\/is.cos.ufrj.br\/en\/wp-json\/wp\/v2\/types\/page"}],"author":[{"embeddable":true,"href":"https:\/\/is.cos.ufrj.br\/en\/wp-json\/wp\/v2\/users\/1"}],"replies":[{"embeddable":true,"href":"https:\/\/is.cos.ufrj.br\/en\/wp-json\/wp\/v2\/comments?post=1473"}],"version-history":[{"count":11,"href":"https:\/\/is.cos.ufrj.br\/en\/wp-json\/wp\/v2\/pages\/1473\/revisions"}],"predecessor-version":[{"id":2443,"href":"https:\/\/is.cos.ufrj.br\/en\/wp-json\/wp\/v2\/pages\/1473\/revisions\/2443"}],"wp:attachment":[{"href":"https:\/\/is.cos.ufrj.br\/en\/wp-json\/wp\/v2\/media?parent=1473"}],"curies":[{"name":"wp","href":"https:\/\/api.w.org\/{rel}","templated":true}]}}