{"id":1255,"date":"2018-05-09T21:34:37","date_gmt":"2018-05-10T00:34:37","guid":{"rendered":"https:\/\/is.cos.ufrj.br\/?page_id=1255"},"modified":"2018-07-16T19:18:37","modified_gmt":"2018-07-16T22:18:37","slug":"matheus-torres","status":"publish","type":"page","link":"https:\/\/is.cos.ufrj.br\/en\/matheus-torres\/","title":{"rendered":"Matheus Torres"},"content":{"rendered":"<p><a href=\"https:\/\/is.cos.ufrj.br\/wp-content\/uploads\/2018\/03\/matheus_torres.jpg\"><img decoding=\"async\" loading=\"lazy\" class=\"alignleft wp-image-1163\" src=\"https:\/\/is.cos.ufrj.br\/wp-content\/uploads\/2018\/03\/matheus_torres-150x150.jpg\" alt=\"\" width=\"160\" height=\"160\" \/><\/a>I entered the Computer Engineering and Information course at UFRJ in 2016 and since then I have been seeking a purpose within the course. From the beginning I realized that the college was a completely hampered regarding teaching. When I did the discipline Computers and Society with Professor Henrique Cukierman, I realized that I was not the only one who thought in such a way. Since then, I have committed myself to be always trying to participate in projects that have some positive influence on people's lives. Because of that, I joined LabIS. One of my dreams within UFRJ is to be able to put into practice a personal project, the Angel Detector (developed during the CompSoc discipline) and become a better person both professionally and socially<\/p>\n<p><strong>Email: <\/strong><a style=\"color: #ff6600;\" href=\"mailto:matheustorres@poli.ufrj.br\">matheustorres@poli.ufrj.br<\/a><\/p>\n<p><strong>Resume: <\/strong><a style=\"color: #ff6600;\" href=\"http:\/\/lattes.cnpq.br\/5994633418441957\">http:\/\/lattes.cnpq.br\/5994633418441957<\/a><\/p>","protected":false},"excerpt":{"rendered":"<p>Ingressei no curso de Engenharia de Computa\u00e7\u00e3o e Informa\u00e7\u00e3o na UFRJ em 2016 e, desde ent\u00e3o, venho buscando um prop\u00f3sito dentro do curso. Desde o come\u00e7o percebi que a faculdade era um lugar completamente \"engessado\" no ensino e, ao prestar a mat\u00e9ria Computadores e Sociedade com o professor Henrique Cukierman, vi que n\u00e3o era o <a href=\"https:\/\/is.cos.ufrj.br\/en\/matheus-torres\/\" class=\"more-link\">...continue reading<span class=\"screen-reader-text\"> \"Matheus Torres\"<\/span><\/a><\/p>","protected":false},"author":1,"featured_media":0,"parent":0,"menu_order":0,"comment_status":"closed","ping_status":"closed","template":"","meta":[],"_links":{"self":[{"href":"https:\/\/is.cos.ufrj.br\/en\/wp-json\/wp\/v2\/pages\/1255"}],"collection":[{"href":"https:\/\/is.cos.ufrj.br\/en\/wp-json\/wp\/v2\/pages"}],"about":[{"href":"https:\/\/is.cos.ufrj.br\/en\/wp-json\/wp\/v2\/types\/page"}],"author":[{"embeddable":true,"href":"https:\/\/is.cos.ufrj.br\/en\/wp-json\/wp\/v2\/users\/1"}],"replies":[{"embeddable":true,"href":"https:\/\/is.cos.ufrj.br\/en\/wp-json\/wp\/v2\/comments?post=1255"}],"version-history":[{"count":6,"href":"https:\/\/is.cos.ufrj.br\/en\/wp-json\/wp\/v2\/pages\/1255\/revisions"}],"predecessor-version":[{"id":1431,"href":"https:\/\/is.cos.ufrj.br\/en\/wp-json\/wp\/v2\/pages\/1255\/revisions\/1431"}],"wp:attachment":[{"href":"https:\/\/is.cos.ufrj.br\/en\/wp-json\/wp\/v2\/media?parent=1255"}],"curies":[{"name":"wp","href":"https:\/\/api.w.org\/{rel}","templated":true}]}}