{"id":1126,"date":"2018-03-21T18:51:33","date_gmt":"2018-03-21T21:51:33","guid":{"rendered":"https:\/\/is.cos.ufrj.br\/?page_id=1126"},"modified":"2026-03-23T19:12:17","modified_gmt":"2026-03-23T22:12:17","slug":"memoria","status":"publish","type":"page","link":"https:\/\/is.cos.ufrj.br\/en\/memoria\/","title":{"rendered":"Memory"},"content":{"rendered":"<h3>&nbsp;<\/h3>\n\n\n<h2 class=\"wp-block-heading\"><strong>Simp\u00f3sio de Hist\u00f3ria da Inform\u00e1tica na Am\u00e9rica Latina e Caribe (SHIALC)<\/strong><\/h2>\n\n\n\n<div class=\"wp-block-group is-layout-constrained\"><div class=\"wp-block-group__inner-container\">\n<div class=\"wp-block-group is-layout-constrained\"><div class=\"wp-block-group__inner-container\">\n<div class=\"wp-block-group is-layout-constrained\"><div class=\"wp-block-group__inner-container\"><div class=\"wp-block-image\">\n<figure class=\"alignleft size-full is-resized\"><a href=\"https:\/\/is.cos.ufrj.br\/wp-content\/uploads\/2016\/10\/logo.png\"><img decoding=\"async\" loading=\"lazy\" src=\"https:\/\/is.cos.ufrj.br\/wp-content\/uploads\/2016\/10\/logo.png\" alt=\"\" class=\"wp-image-500\" width=\"153\" height=\"175\"\/><\/a><\/figure><\/div>\n\n\n<p>Reunindo pesquisadores da Am\u00e9rica Latina e do Caribe, o Simp\u00f3sio de Hist\u00f3ria da Inform\u00e1tica na Am\u00e9rica Latina e Caribe (SHIALC) vem se tornando um espa\u00e7o privilegiado para a reflex\u00e3o sobre os prim\u00f3rdios da inform\u00e1tica na regi\u00e3o, bem como sobre as rela\u00e7\u00f5es entre as Tecnologias da Informa\u00e7\u00e3o e Computa\u00e7\u00e3o e as sociedades sulamericanas e caribenhas.<\/p>\n<\/div><\/div>\n<\/div><\/div>\n<\/div><\/div>\n\n\n\n<div class=\"wp-block-group is-layout-constrained\"><div class=\"wp-block-group__inner-container\">\n<div style=\"height:35px\" aria-hidden=\"true\" class=\"wp-block-spacer\"><\/div>\n\n\n\n<p class=\"has-text-align-left\">Discover other past editions:<\/p>\n\n\n\n<ul>\n<li><span style=\"color: #ff6600;\"><a style=\"color: #ff6600;\" rel=\"noopener noreferrer\" href=\"https:\/\/is.cos.ufrj.br\/wp-content\/uploads\/2019\/10\/Memorias-Shialc-I-2010.pdf\" target=\"_blank\">I SHIALC (Assun\u00e7\u00e3o, 2010)<\/a><\/span><\/li>\n\n\n\n<li><span style=\"color: #ff6600;\"><a style=\"color: #ff6600;\" href=\"https:\/\/is.cos.ufrj.br\/wp-content\/uploads\/2019\/10\/Memorias-Shialc-II-2012.pdf\" target=\"_blank\" rel=\"noopener noreferrer\">II SHIALC (Medellin, 2012)<\/a><\/span><\/li>\n\n\n\n<li><span style=\"color: #ff6600;\"><a style=\"color: #ff6600;\" href=\"https:\/\/www.cos.ufrj.br\/shialc\/content\/docs\/books\/proceedingsSHIALC2014.pdf\" target=\"_blank\" rel=\"noopener noreferrer\">III SHIALC (Montevid\u00e9u, 2014)<\/a><\/span><\/li>\n\n\n\n<li><span style=\"color: #ff6600;\"><a style=\"color: #ff6600;\" href=\"https:\/\/is.cos.ufrj.br\/wp-content\/uploads\/2019\/10\/ProceedingsSHIALC2016v5Dic.pdf\" target=\"_blank\" rel=\"noopener noreferrer\">IV SHIALC (Valparaiso, 2016)<\/a><\/span><\/li>\n\n\n\n<li><span style=\"color: #ff6600;\"><a style=\"color: #ff6600;\" href=\"https:\/\/is.cos.ufrj.br\/wp-content\/uploads\/2019\/09\/Memorias_VSHIALC_2018.pdf\" target=\"_blank\" rel=\"noopener noreferrer\">V SHIALC (Rio de Janeiro, 2018)<\/a><\/span><\/li>\n\n\n\n<li><span style=\"color: #ff6600;\"><a style=\"color: #ff6600\" href=\"https:\/\/is.cos.ufrj.br\/wp-content\/uploads\/2026\/03\/ANALES-DEL-II-SAHTI-VI-SHIALC-Buenos-Aires-2020.pdf\" data-type=\"URL\" data-id=\"https:\/\/is.cos.ufrj.br\/wp-content\/uploads\/2026\/03\/ANALES-DEL-II-SAHTI-VI-SHIALC-Buenos-Aires-2020.pdf\" target=\"_blank\" rel=\"noreferrer noopener\">VI SHIALC (Buenos Aires, 2020)<\/a><\/span><\/li>\n\n\n\n<li><a href=\"https:\/\/is.cos.ufrj.br\/wp-content\/uploads\/2024\/06\/ebook-shialc-2022-final-compactado.pdf.pdf\" target=\"_blank\" rel=\"noopener\"><span style=\"color: #ff6600;\">VII SHIALC (S\u00e3o Paulo, 2022)<\/span><\/a><\/li>\n\n\n\n<li><a rel=\"noopener\" href=\"https:\/\/is.cos.ufrj.br\/wp-content\/uploads\/2025\/09\/Memorias_SHIALC_2024.pdf\" target=\"_blank\"><span style=\"color: #ff6600;\">VIII SHIALC (Bah\u00eda Blanca, 2024)&nbsp;<\/span><\/a><\/li>\n<\/ul>\n<\/div><\/div>\n\n\n\n<div class=\"wp-block-group is-layout-constrained\"><div class=\"wp-block-group__inner-container\">\n<div class=\"wp-block-group is-layout-constrained\"><div class=\"wp-block-group__inner-container\"><\/div><\/div>\n<\/div><\/div>\n\n\n\n<div class=\"wp-block-group alignwide is-layout-constrained\"><div class=\"wp-block-group__inner-container\">\n<h3 class=\"wp-block-heading\">Livros SHIALC<\/h3>\n\n\n\n<div class=\"wp-block-media-text alignwide is-stacked-on-mobile is-vertically-aligned-top\" style=\"grid-template-columns:15% auto\"><figure class=\"wp-block-media-text__media\"><img decoding=\"async\" loading=\"lazy\" width=\"776\" height=\"1024\" src=\"https:\/\/is.cos.ufrj.br\/wp-content\/uploads\/2026\/03\/TAL15-2-776x1024.jpg\" alt=\"\" class=\"wp-image-3903 size-full\" srcset=\"https:\/\/is.cos.ufrj.br\/wp-content\/uploads\/2026\/03\/TAL15-2-776x1024.jpg 776w, https:\/\/is.cos.ufrj.br\/wp-content\/uploads\/2026\/03\/TAL15-2-227x300.jpg 227w, https:\/\/is.cos.ufrj.br\/wp-content\/uploads\/2026\/03\/TAL15-2-768x1014.jpg 768w, https:\/\/is.cos.ufrj.br\/wp-content\/uploads\/2026\/03\/TAL15-2-9x12.jpg 9w, https:\/\/is.cos.ufrj.br\/wp-content\/uploads\/2026\/03\/TAL15-2-200x264.jpg 200w, https:\/\/is.cos.ufrj.br\/wp-content\/uploads\/2026\/03\/TAL15-2.jpg 800w\" sizes=\"(max-width: 776px) 100vw, 776px\" \/><\/figure><div class=\"wp-block-media-text__content\">\n<p class=\"has-text-align-left\"><strong>Historias de las TIC en Am\u00e9rica Latina y el Caribe: inicios, desarrollos y rupturas<\/strong> <\/p>\n\n\n\n<p>2015<\/p>\n\n\n\n<p class=\"has-text-align-left\">Organiza\u00e7\u00e3o:<br>Luis Germ\u00e1n Rodr\u00edguez Leal, Ra\u00fal Carnota  <\/p>\n\n\n\n<p>Editoras:<br>Fundaci\u00f3n Telef\u00f3nica (Madrid), Editorial Ariel (Barcelona), Editorial Planeta (Barcelona)<\/p>\n\n\n\n<p><a href=\"https:\/\/is.cos.ufrj.br\/wp-content\/uploads\/2026\/03\/HistoriasdelasTICenAmericaLatinayelCaribe.pdf\" data-type=\"URL\" data-id=\"https:\/\/is.cos.ufrj.br\/wp-content\/uploads\/2026\/03\/HistoriasdelasTICenAmericaLatinayelCaribe.pdf\" target=\"_blank\" rel=\"noreferrer noopener\">Access<\/a><\/p>\n<\/div><\/div>\n\n\n\n<div class=\"wp-block-group is-layout-constrained\"><div class=\"wp-block-group__inner-container\">\n<div class=\"wp-block-media-text alignwide is-stacked-on-mobile is-vertically-aligned-top\" style=\"grid-template-columns:15% auto\"><figure class=\"wp-block-media-text__media\"><img decoding=\"async\" loading=\"lazy\" width=\"513\" height=\"732\" src=\"https:\/\/is.cos.ufrj.br\/wp-content\/uploads\/2026\/03\/Captura-de-tela-2026-03-10-215023-3.png\" alt=\"\" class=\"wp-image-3907 size-full\" srcset=\"https:\/\/is.cos.ufrj.br\/wp-content\/uploads\/2026\/03\/Captura-de-tela-2026-03-10-215023-3.png 513w, https:\/\/is.cos.ufrj.br\/wp-content\/uploads\/2026\/03\/Captura-de-tela-2026-03-10-215023-3-210x300.png 210w, https:\/\/is.cos.ufrj.br\/wp-content\/uploads\/2026\/03\/Captura-de-tela-2026-03-10-215023-3-8x12.png 8w, https:\/\/is.cos.ufrj.br\/wp-content\/uploads\/2026\/03\/Captura-de-tela-2026-03-10-215023-3-200x285.png 200w\" sizes=\"(max-width: 513px) 100vw, 513px\" \/><\/figure><div class=\"wp-block-media-text__content\">\n<p><strong>Historia de la Inform\u00e1tica en Latinoam\u00e9rica y el Caribe: Investigaciones y testimonios<\/strong><\/p>\n\n\n\n<p>2009<\/p>\n\n\n\n<p>Organiza\u00e7\u00e3o:<br>Jorge Aguirre, Ra\u00fal Carnota<\/p>\n\n\n\n<p>Editora:<br>Universidad Nacional de R\u00edo Cuarto (Rio Cuarto)<\/p>\n\n\n\n<p><a href=\"https:\/\/is.cos.ufrj.br\/wp-content\/uploads\/2026\/03\/Historia_de_la_Informatica_en_ALC_investigaciones_y_testimonios.pdf\" data-type=\"URL\" data-id=\"https:\/\/is.cos.ufrj.br\/wp-content\/uploads\/2026\/03\/Historia_de_la_Informatica_en_ALC_investigaciones_y_testimonios.pdf\" target=\"_blank\" rel=\"noreferrer noopener\">Access<\/a><\/p>\n<\/div><\/div>\n<\/div><\/div>\n<\/div><\/div>\n\n\n\n<div class=\"wp-block-group is-layout-constrained\"><div class=\"wp-block-group__inner-container\">\n<div style=\"height:100px\" aria-hidden=\"true\" class=\"wp-block-spacer\"><\/div>\n\n\n\n<hr class=\"wp-block-separator has-alpha-channel-opacity\"\/>\n\n\n\n<h2 class=\"wp-block-heading\"><strong>A Sociotechnical Perspective at Software Engineering Workshop<\/strong><\/h2>\n\n\n<div class=\"wp-block-image\">\n<figure class=\"alignleft\"><a href=\"https:\/\/is.cos.ufrj.br\/wp-content\/uploads\/2016\/10\/woses-man-v1.gif\"><img decoding=\"async\" loading=\"lazy\" width=\"150\" height=\"150\" src=\"https:\/\/is.cos.ufrj.br\/wp-content\/uploads\/2016\/10\/woses-man-v1-150x150.gif\" alt=\"\" class=\"wp-image-499\" srcset=\"https:\/\/is.cos.ufrj.br\/wp-content\/uploads\/2016\/10\/woses-man-v1-150x150.gif 150w, https:\/\/is.cos.ufrj.br\/wp-content\/uploads\/2016\/10\/woses-man-v1-300x300.gif 300w\" sizes=\"(max-width: 150px) 100vw, 150px\" \/><\/a><\/figure><\/div>\n\n\n<p>A Sociotechnical Perspective at Software Engineering Workshop is proposed as a pioneering space in Brazil dedicated to investigate the possibilities and potentialities of a sociotechnical perspective specifically targeted on the practices of development and use of software in its quest to design and develop high quality software. A perspective that seeks to apprehend software development without fragmenting it into \"technical factors or aspects\" on one hand, and \"non-technical factors or aspects\" on the other, without factoring it into any other dualities (\"technical factors\" versus \"human factors, organizational, ethical, political, social, etc.\") that end up disfiguring the \"seamless cloth\" that imbues the development and use of technical and social software in the same undivided fabric.<\/p>\n\n\n\n<p>Discover other past editions:<\/p>\n\n\n\n<ul>\n<li><span style=\"color: #ff6600;\"><a style=\"color: #ff6600;\" href=\"https:\/\/is.cos.ufrj.br\/woses\/2005\/woses.html\" target=\"_blank\" rel=\"noopener noreferrer\">I WOSES (Rio de Janeiro, 2005)<\/a><\/span><\/li>\n\n\n\n<li><span style=\"color: #ff6600;\"><a style=\"color: #ff6600;\" href=\"https:\/\/is.cos.ufrj.br\/woses\/2006\/index.html\" target=\"_blank\" rel=\"noopener noreferrer\">II WOSES (Vit\u00f3ria, 2006)<\/a><\/span><\/li>\n\n\n\n<li><span style=\"color: #ff6600;\"><a style=\"color: #ff6600;\" href=\"https:\/\/is.cos.ufrj.br\/woses\/2007\/index.html\" target=\"_blank\" rel=\"noopener noreferrer\">III WOSES (Porto de Galinhas, 2007)<\/a><\/span><\/li>\n\n\n\n<li><span style=\"color: #ff6600;\"><a style=\"color: #ff6600;\" href=\"https:\/\/is.cos.ufrj.br\/woses\/2008\/index.html\" target=\"_blank\" rel=\"noopener noreferrer\">IV WOSES (Florian\u00f3polis, 2008)<\/a><\/span><\/li>\n\n\n\n<li><span style=\"color: #ff6600;\"><a style=\"color: #ff6600;\" href=\"https:\/\/is.cos.ufrj.br\/woses\/2009\/woses.html\" target=\"_blank\" rel=\"noopener noreferrer\">V WOSES (Ouro Preto, 2009)<\/a><\/span><\/li>\n\n\n\n<li><span style=\"color: #ff6600;\"><a style=\"color: #ff6600;\" href=\"https:\/\/is.cos.ufrj.br\/woses\/2010\/woses.html\" target=\"_blank\" rel=\"noopener noreferrer\">VI WOSES (Bel\u00e9m, 2010)<\/a><\/span><\/li>\n\n\n\n<li><span style=\"color: #ff6600;\"><a style=\"color: #ff6600;\" href=\"https:\/\/is.cos.ufrj.br\/woses\/2011\/woses.html\" target=\"_blank\" rel=\"noopener noreferrer\">VII WOSES (Curitiba, 2011)<\/a><\/span><\/li>\n\n\n\n<li><span style=\"color: #ff6600;\"><a style=\"color: #ff6600;\" rel=\"noopener noreferrer\" href=\"https:\/\/is.cos.ufrj.br\/woses\/2012\/woses.html\" target=\"_blank\">VIII WOSES (Fortaleza, 2012)<\/a><\/span><\/li>\n<\/ul>\n\n\n\n<div style=\"height:100px\" aria-hidden=\"true\" class=\"wp-block-spacer\"><\/div>\n\n\n\n<hr class=\"wp-block-separator has-alpha-channel-opacity\"\/>\n<\/div><\/div>\n\n\n<h2><strong>URBE Latam: di\u00e1logos sobre potencialidades e riscos socioambientais em cidades da Am\u00e9rica Latina<\/strong><\/h2>\n<p>O Projeto URBE Latam pretende agir para o aumento da resili\u00eancia das comunidades do Morro do Prevent\u00f3rio, em Niter\u00f3i, Brasil, e da Favela <em>El Pac\u00edfico<\/em>, em <em>Medellin<\/em>, Col\u00f4mbia, no enfrentamento de situa\u00e7\u00f5es de desastres e calamidades socioambientais, com o desenvolvimento e utiliza\u00e7\u00e3o de um software georreferenciado, onde os pr\u00f3prios moradores far\u00e3o os registros tanto das \u00e1reas do seu territ\u00f3rio que apresentem alguma vulnerabilidade socioambiental, quanto das potencialidades locais para responder a adversidades, seja por desastres naturais, seja por situa\u00e7\u00f5es cr\u00edticas como de pobreza extrema ou viol\u00eancia.<\/p>\n<p>A constru\u00e7\u00e3o desse software, uma ferramenta de resili\u00eancia comunit\u00e1ria proativa, ser\u00e1 conduzida por meio de a\u00e7\u00f5es participativas com as pessoas das pr\u00f3prias comunidades e contar\u00e1 com o apoio de uma equipe multidisciplinar (incluindo profissionais e institui\u00e7\u00f5es de ci\u00eancias sociais, educa\u00e7\u00e3o, engenharias, ci\u00eancias f\u00edsicas, movimentos sociais e bancos comunit\u00e1rios, entre outros), que ir\u00e3o agregar saberes, din\u00e2micas, pot\u00eancias e informa\u00e7\u00f5es ao Projeto. Est\u00e3o envolvidas tr\u00eas institui\u00e7\u00f5es de ensino superior (IES): a Universidade de <em>Warwick<\/em> (coordenadora do Projeto), no Reino Unido; a Universidade Federal do Rio de Janeiro (UFRJ), no Brasil; e a Universidade de <em>Antioquia<\/em> (UdeA), na Col\u00f4mbia. O Projeto tem o financiamento do Ecomonic &amp; Social Research Council (ESRC), do Reino Unido. Importante destacar que cada uma das IES envolvidas neste projeto (<em>Warwick<\/em>, UFRJ, UdeA) possui comit\u00eas formais de \u00e9tica em pesquisa com seus pr\u00f3prios sistemas de aprova\u00e7\u00e3o. Cada IES solicitar\u00e1 aprova\u00e7\u00e3o \u00e9tica para a pesquisa realizada no seu pa\u00eds, al\u00e9m de estarem em conformidade com as diretrizes \u00e9ticas da ESRC, financiadora do projeto, e com o C\u00f3digo de Pr\u00e1tica de Pesquisa da Universidade de <em>Warwick<\/em>. A partir dos registros das experi\u00eancias, dados e a\u00e7\u00f5es do Projeto, incluindo a disponibiliza\u00e7\u00e3o de bancos de dados e a publica\u00e7\u00e3o de artigos cient\u00edficos, pretende-se estimular outras comunidades que sofrem com as situa\u00e7\u00f5es de desigualdade social, em especial de outras cidades da Am\u00e9rica Latina, na busca por maior resili\u00eancia comunit\u00e1ria e mais igualit\u00e1ria, para o enfrentamento de seus riscos socioambientais e desenvolvimento de suas potencialidades locais.<\/p>\n<p>O Projeto tamb\u00e9m visa promover o di\u00e1logo dessas comunidades com as autoridades locais, pesquisadores e agentes governamentais, com vistas a influenciar as tomadas de decis\u00f5es e ampliar as abordagens de investimentos para o aumento da resili\u00eancia local.<\/p>\n<h3>\u00a0<\/h3>\n\n\n<p><\/p>","protected":false},"excerpt":{"rendered":"<p>&nbsp; Simp\u00f3sio de Hist\u00f3ria da Inform\u00e1tica na Am\u00e9rica Latina e Caribe (SHIALC) Reunindo pesquisadores da Am\u00e9rica Latina e do Caribe, o Simp\u00f3sio de Hist\u00f3ria da Inform\u00e1tica na Am\u00e9rica Latina e Caribe (SHIALC) vem se tornando um espa\u00e7o privilegiado para a reflex\u00e3o sobre os prim\u00f3rdios da inform\u00e1tica na regi\u00e3o, bem como sobre as rela\u00e7\u00f5es entre as <a href=\"https:\/\/is.cos.ufrj.br\/en\/memoria\/\" class=\"more-link\">...continue reading<span class=\"screen-reader-text\"> \"Mem\u00f3ria\"<\/span><\/a><\/p>","protected":false},"author":1,"featured_media":0,"parent":0,"menu_order":0,"comment_status":"closed","ping_status":"closed","template":"","meta":[],"_links":{"self":[{"href":"https:\/\/is.cos.ufrj.br\/en\/wp-json\/wp\/v2\/pages\/1126"}],"collection":[{"href":"https:\/\/is.cos.ufrj.br\/en\/wp-json\/wp\/v2\/pages"}],"about":[{"href":"https:\/\/is.cos.ufrj.br\/en\/wp-json\/wp\/v2\/types\/page"}],"author":[{"embeddable":true,"href":"https:\/\/is.cos.ufrj.br\/en\/wp-json\/wp\/v2\/users\/1"}],"replies":[{"embeddable":true,"href":"https:\/\/is.cos.ufrj.br\/en\/wp-json\/wp\/v2\/comments?post=1126"}],"version-history":[{"count":94,"href":"https:\/\/is.cos.ufrj.br\/en\/wp-json\/wp\/v2\/pages\/1126\/revisions"}],"predecessor-version":[{"id":3994,"href":"https:\/\/is.cos.ufrj.br\/en\/wp-json\/wp\/v2\/pages\/1126\/revisions\/3994"}],"wp:attachment":[{"href":"https:\/\/is.cos.ufrj.br\/en\/wp-json\/wp\/v2\/media?parent=1126"}],"curies":[{"name":"wp","href":"https:\/\/api.w.org\/{rel}","templated":true}]}}