{"id":11,"date":"2015-03-03T22:29:45","date_gmt":"2015-03-03T22:29:45","guid":{"rendered":"https:\/\/is.cos.ufrj.br\/?page_id=11"},"modified":"2020-06-03T16:06:19","modified_gmt":"2020-06-03T19:06:19","slug":"contato","status":"publish","type":"page","link":"https:\/\/is.cos.ufrj.br\/en\/contato\/","title":{"rendered":""},"content":{"rendered":"<p style=\"text-align: left;\">The activities of the research area in <em>Informatics and Society<\/em> (PESC\/COPPE\/UFRJ) are developed in the UFRJ Technology Center building, at the following address:<\/p>\n<p style=\"text-align: left;\">Av. Hor\u00e1cio Macedo 2030,<br \/>\nPr\u00e9dio do Centro de Tecnologia,<br \/>\nBloco H, 3o Andar, Cidade Universit\u00e1ria.<br \/>\nRio de Janeiro\/RJ - Brasil<\/p>\n<p style=\"text-align: left;\"><div id=\"smformcont-629\">\n<form class=\"yui3-cssreset smform smform-labelposleft\" id=\"smform-629\" method=\"POST\" action=\"https:\/\/is.cos.ufrj.br\/wp-admin\/admin-ajax.php?action=smuzform-storage&method=submit&formId=629&nonce=ec0426e03c\" role=\"form\" enctype=\"multipart\/form-data\" data-formid=\"629\">\n\t\n\t<div class=\"smform-errors-cont\"><\/div>\n\t\n\t\n\t<legend class=\"smform-header\">\n\t\t\n\t\t<h3 class=\"smform-title\">Contact<\/h3>\n\n\t\t<div class=\"smform-description\">\n\t\t\t<p>Have any questions, criticisms or suggestions? Contact us.<\/p>\n\t\t<\/div>\n\n\t<\/legend>\n\n\t\n\n\t<div class=\"smform-fieldcont smform-fieldcontsingletext\" id=\"smform-fieldcont6290\" \n\t\tdata-key=\"smform-field6290\" \n\t\tdata-rule=\"disabled\" \n\t\tdata-ruleoperator=\"is\"\n\t\tdata-ruleaction=\"show\"\n\t\tdata-rulecmpvalue=\"\"\n\t\tdata-rulefield=\"\" >\n\n\t\t\t\n\t\t\t\t\n\t\t<label for=\"smform-field6290\" class=\"smform-field-label required\">Name:<\/label>\n\n\t\t<input name=\"smFieldData[wpformfield53816]\" id=\"smform-field6290\"\n\t\t \tvalue=\"\"\n\t\t \tplaceholder=\"\"\n\t\t   \tclass=\"smform-control smform-controllabelpos required  smform-field-sizemedium\"\n\t\t   \ttype=\"text\" required date-type=\"text\" \/>\n\n\t\t\n\t\t\n\t\t\n\t\t\n\t\t\n\t\t\n\t\t\n\t\t\n\t\t\n\n\n\n\n\n\n\n\t\t\n\t\t\n\t<\/div>\n\n\t\n\n\t<div class=\"smform-fieldcont smform-fieldcontemail\" id=\"smform-fieldcont6291\" \n\t\tdata-key=\"smform-field6291\" \n\t\tdata-rule=\"disabled\" \n\t\tdata-ruleoperator=\"is\"\n\t\tdata-ruleaction=\"show\"\n\t\tdata-rulecmpvalue=\"\"\n\t\tdata-rulefield=\"\" >\n\n\t\t\t\n\t\t\n\t\t\n\t\t\n\t\t\n\t\t\n\t\t\n\t\t\n\t\t\n\t\t\n\n\t\t\n<label for=\"smform-field6291\" class=\"smform-field-label required\">Email:<\/label>\n\n<input name=\"smFieldData[wpformfield119132]\" id=\"smform-field6291\"\n\tvalue=\"\"\n\tplaceholder=\"\"\n\tclass=\"smform-control smform-controllabelpos required  smform-field-sizemedium\"\n\ttype=\"email\" required date-type=\"email\" \/>\n\n\n\n\n\n\n\n\t\t\n\t\t\n\t<\/div>\n\n\t\n\n\t<div class=\"smform-fieldcont smform-fieldconttextarea\" id=\"smform-fieldcont6292\" \n\t\tdata-key=\"smform-field6292\" \n\t\tdata-rule=\"disabled\" \n\t\tdata-ruleoperator=\"is\"\n\t\tdata-ruleaction=\"show\"\n\t\tdata-rulecmpvalue=\"\"\n\t\tdata-rulefield=\"\" >\n\n\t\t\t\n\t\t\n\t\t\n\t\t\t\t\n\t\t<label for=\"smform-field6292\" class=\"smform-field-label required\">Message:<\/label>\n\n\t\t<textarea name=\"smFieldData[wpformfield196126]\" id=\"smform-field6292\" \n\t\t\tplaceholder=\"\" \n\t\t\tclass=\"smform-control smform-controllabelpos required  smform-field-sizelarge smform-control smform-controllabelpostextarea\" \n\t\t\trequired\tdata-type=\"textarea\" \n\t\t\t><\/textarea>\n\n\t\t\n\t\t\n\t\t\n\t\t\n\t\t\n\t\t\n\t\t\n\n\n\n\n\n\n\n\t\t\n\t\t\n\t<\/div>\n\n\t\n\t\n\t<div id=\"smuzform-robot\" style=\"display: none\">\n\t\t<label>If you're not a fish leave this field blank:<\/label>\n\t\t<input name=\"smuztrapfish\" type=\"text\" style=\"display: none\" \/>\n\t<\/div>\n\n\t\n\t<div class=\"smform-fieldcont smform-fieldcontcaptcha\" id=\"smform-fieldcont243292949\" \n\t\tdata-key=\"\" \n\t\tdata-rule=\"disabled\" \n\t\tdata-ruleoperator=\"\"\n\t\tdata-ruleaction=\"\"\n\t\tdata-rulecmpvalue=\"\"\n\t\tdata-rulefield=\"\" >\n\n<div id=\"g-recaptcha629\" class=\"g-recaptcha\" data-sitekey=\"6Ldj5XYUAAAAAGkviLOZn66QqEPr-7qI0DFGaxYz\" data-theme=\"light\"><\/div>\n\n<\/div>\n\n<script>\n(function($) {\n\n\t$( document ).on( 'smuzFormSubmitError', function( event, form, response ) {\n\t\tgrecaptcha.reset();\n\t});\n\n})(jQuery);\n<\/script>\n\t<div class=\"smform-submitbtn-cont\">\n\t\t<input type=\"submit\" value=\"Send\" name=\"submitForm\" class=\"smform-submit\" \/>\n\t\t<div class=\"smform-ajax-spinner\">\n\t\t\t<div class=\"sk-circle\">\n\t\t        <div class=\"sk-circle1 sk-child\"><\/div>\n\t\t        <div class=\"sk-circle2 sk-child\"><\/div>\n\t\t        <div class=\"sk-circle3 sk-child\"><\/div>\n\t\t        <div class=\"sk-circle4 sk-child\"><\/div>\n\t\t        <div class=\"sk-circle5 sk-child\"><\/div>\n\t\t        <div class=\"sk-circle6 sk-child\"><\/div>\n\t\t        <div class=\"sk-circle7 sk-child\"><\/div>\n\t\t        <div class=\"sk-circle8 sk-child\"><\/div>\n\t\t        <div class=\"sk-circle9 sk-child\"><\/div>\n\t\t        <div class=\"sk-circle10 sk-child\"><\/div>\n\t\t        <div class=\"sk-circle11 sk-child\"><\/div>\n\t\t        <div class=\"sk-circle12 sk-child\"><\/div>\n\t\t     <\/div>\n\t\t<\/div>\n\t<\/div>\n\n\t<div class=\"smform-ajax-msg\"><p class=\"smform-ajax-msg-p\"><\/p><\/div>\n\n\t<input type=\"hidden\" name=\"_formId\" value=\"629\" \/>\n\t<input type=\"hidden\" name=\"_returnLink\" value=\"https:\/\/is.cos.ufrj.br\/en\/contato\/\" \/>\n\n\t<input type=\"hidden\" data-formid=\"629\" value='{\"enabled\":true,\"formCont\":{\"font\":\"\",\"fontSize\":14,\"color\":\"#81d742\",\"bgColor\":\"#ffffff\",\"margin\":\"\",\"padding\":\"\",\"bgImg\":\"\",\"hideHeadingSection\":false,\"errorMsgColor\":\"#ff3233\",\"successMsgColor\":\"#81d742\",\"successMsgFontSize\":14,\"hideFormOnSuccessForSuccessMsg\":false,\"bgImageUrl\":\"\"},\"formHeading\":{\"font\":\"\",\"fontSize\":30,\"color\":\"#ff9933\",\"bgColor\":\"\",\"padding\":\"\",\"margin\":\"\"},\"formDescription\":{\"font\":\"\",\"fontSize\":14,\"color\":\"#000000\",\"bgColor\":\"\",\"padding\":\"\",\"margin\":\"\"},\"fieldLabel\":{\"font\":\"\",\"fontSize\":\"14\",\"color\":\"#000000\",\"bgColor\":\"#ffffff\",\"paddingLeft\":\"\",\"paddingRight\":\"\",\"paddingTop\":\"\",\"paddingBottom\":\"\",\"marginLeft\":\"\",\"marginRight\":\"\",\"marginTop\":\"\",\"marginBottom\":\"\",\"fontWeight\":\"normal\",\"borderColor\":\"#000000\",\"borderSize\":0,\"borderStyle\":\"solid\",\"borderRadius\":\"0\",\"advancedColor\":\"\"},\"fieldInput\":{\"font\":\"\",\"fontSize\":\"14\",\"color\":\"#000000\",\"bgColor\":\"#f7f7f7\",\"paddingLeft\":\"12\",\"paddingRight\":\"12\",\"paddingTop\":\"6\",\"paddingBottom\":\"6\",\"marginLeft\":\"0\",\"marginRight\":\"0\",\"marginTop\":\"0\",\"marginBottom\":\"0\",\"fontWeight\":\"normal\",\"borderColor\":\"#ccc\",\"borderSize\":1,\"borderStyle\":\"solid\",\"borderRadius\":\"4\"},\"submitBtn\":{\"font\":\"\",\"fontSize\":18,\"color\":\"#ffffff\",\"bgColor\":\"#ffbf7f\",\"paddingLeft\":26,\"paddingRight\":26,\"paddingBottom\":13,\"paddingTop\":13,\"margin\":\"\",\"fontWeight\":\"bold\",\"hoverBgColor\":\"#ffbf7f\",\"borderColor\":\"#ff9933\",\"borderSize\":0,\"borderStyle\":\"solid\",\"borderRadius\":\"0\",\"alignCenter\":false},\"extraData\":[]}' id=\"smformstyle-629\" class=\"smformstylehidden\" \/>\n\n\t\t\n<\/form>\n<\/div><\/p>","protected":false},"excerpt":{"rendered":"<p>As atividades da linha de pesquisa em Inform\u00e1tica e Sociedade do PESC\/COPPE\/UFRJ s\u00e3o desenvolvidas no Pr\u00e9dio do Centro de Tecnologia da UFRJ, no seguinte endere\u00e7o: Av. Hor\u00e1cio Macedo 2030, Pr\u00e9dio do Centro de Tecnologia, Bloco H, 3o Andar, Cidade Universit\u00e1ria. Rio de Janeiro\/RJ - Brasil<\/p>","protected":false},"author":1,"featured_media":0,"parent":0,"menu_order":0,"comment_status":"closed","ping_status":"closed","template":"","meta":[],"_links":{"self":[{"href":"https:\/\/is.cos.ufrj.br\/en\/wp-json\/wp\/v2\/pages\/11"}],"collection":[{"href":"https:\/\/is.cos.ufrj.br\/en\/wp-json\/wp\/v2\/pages"}],"about":[{"href":"https:\/\/is.cos.ufrj.br\/en\/wp-json\/wp\/v2\/types\/page"}],"author":[{"embeddable":true,"href":"https:\/\/is.cos.ufrj.br\/en\/wp-json\/wp\/v2\/users\/1"}],"replies":[{"embeddable":true,"href":"https:\/\/is.cos.ufrj.br\/en\/wp-json\/wp\/v2\/comments?post=11"}],"version-history":[{"count":13,"href":"https:\/\/is.cos.ufrj.br\/en\/wp-json\/wp\/v2\/pages\/11\/revisions"}],"predecessor-version":[{"id":2031,"href":"https:\/\/is.cos.ufrj.br\/en\/wp-json\/wp\/v2\/pages\/11\/revisions\/2031"}],"wp:attachment":[{"href":"https:\/\/is.cos.ufrj.br\/en\/wp-json\/wp\/v2\/media?parent=11"}],"curies":[{"name":"wp","href":"https:\/\/api.w.org\/{rel}","templated":true}]}}